{"id":1686,"date":"2020-04-08T09:27:14","date_gmt":"2020-04-08T09:27:14","guid":{"rendered":"https:\/\/prosupplements.nl\/create-a-professional-account\/"},"modified":"2023-07-16T09:53:45","modified_gmt":"2023-07-16T09:53:45","slug":"create-a-professional-account","status":"publish","type":"page","link":"https:\/\/prosupplements.nl\/fr\/create-professional-account\/","title":{"rendered":"Cr\u00e9er un compte professionnel"},"content":{"rendered":"<h2>\u00cates-vous un revendeur professionnel?<\/h2>\n<p>Un compte professionnel est destin\u00e9 aux entreprises ou aux personnes qui prescrivent ou vendent des compl\u00e9ments alimentaires \u00e0 titre professionnel. Les donn\u00e9es que vous entrez seront v\u00e9rifi\u00e9es. Si vous \u00eates qualifi\u00e9, vous aurez acc\u00e8s aux informations th\u00e9rapeutiques et aux tarifs d&rsquo;achat.<\/p>\n<ul>\n<li class=\"p1\">Vous avez d\u00e9j\u00e0 un compte? <a href=\"\/fr\/my-account\/\">Connectez-vous ici<\/a>.<\/li>\n<li class=\"p1\">Vous n&rsquo;avez pas encore de compte? Demandez-en un en remplissant le formulaire ci-dessous.<\/li>\n<\/ul>\n<p class=\"p1\">Cr\u00e9er un compte<\/p>\n<h2>Cr\u00e9er un compte professionnel<\/h2>\n\n<div class=\"wpcf7 no-js\" id=\"wpcf7-f9644-o1\" lang=\"fr-FR\" dir=\"ltr\" data-wpcf7-id=\"9644\">\n<div class=\"screen-reader-response\"><p role=\"status\" aria-live=\"polite\" aria-atomic=\"true\"><\/p> <ul><\/ul><\/div>\n<form action=\"\/fr\/wp-json\/wp\/v2\/pages\/1686#wpcf7-f9644-o1\" method=\"post\" class=\"wpcf7-form init\" aria-label=\"Formulaire de contact\" novalidate=\"novalidate\" data-status=\"init\">\n<fieldset class=\"hidden-fields-container\"><input type=\"hidden\" name=\"_wpcf7\" value=\"9644\" \/><input type=\"hidden\" name=\"_wpcf7_version\" value=\"6.1.5\" \/><input type=\"hidden\" name=\"_wpcf7_locale\" value=\"fr_FR\" \/><input type=\"hidden\" name=\"_wpcf7_unit_tag\" value=\"wpcf7-f9644-o1\" \/><input type=\"hidden\" name=\"_wpcf7_container_post\" value=\"0\" \/><input type=\"hidden\" name=\"_wpcf7_posted_data_hash\" value=\"\" \/><input type=\"hidden\" name=\"_wpcf7_recaptcha_response\" value=\"\" \/>\n<\/fieldset>\n<div class=\"col12\">\n\t<h3> Informations personnelles\n\t<\/h3>\n\t<div class=\"col1 col12-xs-550 p-r-10 p-r-none-550 m-b-md\">\n\t\t<p><label>Salutation<br \/>\n<span class=\"wpcf7-form-control-wrap\" data-name=\"menu-387\"><select class=\"wpcf7-form-control wpcf7-select wpcf7-validates-as-required\" aria-required=\"true\" aria-invalid=\"false\" name=\"menu-387\"><option value=\"\">&#8212;Veuillez choisir une option&#8212;<\/option><option value=\"Monsieur\">Monsieur<\/option><option value=\"Madame\">Madame<\/option><\/select><\/span><br \/>\n<\/label>\n\t\t<\/p>\n\t<\/div>\n\t<div class=\"col5 col12-xs-550 p-l-10 p-r-10 p-r-none-550  p-l-none-550 m-b-md\">\n\t\t<p><label>Pr\u00e9nom<br \/>\n<span class=\"wpcf7-form-control-wrap\" data-name=\"text-780\"><input size=\"40\" maxlength=\"400\" class=\"wpcf7-form-control wpcf7-text wpcf7-validates-as-required\" aria-required=\"true\" aria-invalid=\"false\" value=\"\" type=\"text\" name=\"text-780\" \/><\/span><\/label>\n\t\t<\/p>\n\t<\/div>\n\t<div class=\"col6 col12-xs-550 p-l-10 p-l-none-550 m-b-md\">\n\t\t<p><label>Nom de Famille<br \/>\n<span class=\"wpcf7-form-control-wrap\" data-name=\"text-781\"><input size=\"40\" maxlength=\"400\" class=\"wpcf7-form-control wpcf7-text wpcf7-validates-as-required\" aria-required=\"true\" aria-invalid=\"false\" value=\"\" type=\"text\" name=\"text-781\" \/><\/span><br \/>\n<\/label>\n\t\t<\/p>\n\t<\/div>\n<\/div>\n<div class=\"col12\">\n\t<div class=\"col6 col12-xs-550 p-r-10 p-r-none-550 m-b-md\">\n\t\t<p><label> Adresse email<br \/>\n<span class=\"wpcf7-form-control-wrap\" data-name=\"email-239\"><input size=\"40\" maxlength=\"400\" class=\"wpcf7-form-control wpcf7-email wpcf7-validates-as-required wpcf7-text wpcf7-validates-as-email\" aria-required=\"true\" aria-invalid=\"false\" value=\"\" type=\"email\" name=\"email-239\" \/><\/span><br \/>\n<\/label>\n\t\t<\/p>\n\t<\/div>\n\t<div class=\"col6 col12-xs-550 p-l-10 p-l-none-550 m-b-md\">\n\t\t<p><label>Num\u00e9ro de t\u00e9l\u00e9phone<br \/>\n<span class=\"wpcf7-form-control-wrap\" data-name=\"tel-484\"><input size=\"40\" maxlength=\"400\" class=\"wpcf7-form-control wpcf7-tel wpcf7-text wpcf7-validates-as-tel\" aria-invalid=\"false\" value=\"\" type=\"tel\" name=\"tel-484\" \/><\/span><br \/>\n<\/label>\n\t\t<\/p>\n\t<\/div>\n<\/div>\n<div class=\"col12\">\n\t<h3>Informations sur l'entreprise\n\t<\/h3>\n\t<div class=\"col6 col12-xs-550 p-r-10 p-r-none-550 m-b-md\">\n\t\t<p><label>Sexe<br \/>\n<span class=\"wpcf7-form-control-wrap\" data-name=\"menu-387\"><select class=\"wpcf7-form-control wpcf7-select wpcf7-validates-as-required\" aria-required=\"true\" aria-invalid=\"false\" name=\"menu-387\"><option value=\"\">&#8212;Veuillez choisir une option&#8212;<\/option><option value=\"Homme\">Homme<\/option><option value=\"Femme\">Femme<\/option><\/select><\/span><br \/>\n<\/label>\n\t\t<\/p>\n\t<\/div>\n\t<div class=\"col6 col12-xs-550 p-l-10 p-l-none-550 m-b-md\">\n\t\t<p><label>Nom du contact<br \/>\n<span class=\"wpcf7-form-control-wrap\" data-name=\"text-98\"><input size=\"40\" maxlength=\"400\" class=\"wpcf7-form-control wpcf7-text wpcf7-validates-as-required\" aria-required=\"true\" aria-invalid=\"false\" value=\"\" type=\"text\" name=\"text-98\" \/><\/span><br \/>\n<\/label>\n\t\t<\/p>\n\t<\/div>\n<\/div>\n<div class=\"col12\">\n\t<div class=\"col6 col12-xs-550 p-r-10 p-r-none-550 m-b-md\">\n\t\t<p><label>Type de revendeur<br \/>\n<span class=\"wpcf7-form-control-wrap\" data-name=\"menu-388\"><select class=\"wpcf7-form-control wpcf7-select wpcf7-validates-as-required\" aria-required=\"true\" aria-invalid=\"false\" name=\"menu-388\"><option value=\"\">&#8212;Veuillez choisir une option&#8212;<\/option><option value=\"Professionnel\">Professionnel<\/option><\/select><\/span><br \/>\n<\/label>\n\t\t<\/p>\n\t<\/div>\n\t<div class=\"col6 col12-xs-550 p-l-10 p-l-none-550 m-b-md\">\n\t\t<p><label>Nom de l'entreprise<br \/>\n<span class=\"wpcf7-form-control-wrap\" data-name=\"text-99\"><input size=\"40\" maxlength=\"400\" class=\"wpcf7-form-control wpcf7-text wpcf7-validates-as-required\" aria-required=\"true\" aria-invalid=\"false\" value=\"\" type=\"text\" name=\"text-99\" \/><\/span><br \/>\n<\/label>\n\t\t<\/p>\n\t<\/div>\n<\/div>\n<div class=\"col12\">\n\t<h3>Adresse de la soci\u00e9t\u00e9\n\t<\/h3>\n\t<div class=\"col6 col12-xs-550 p-r-10 p-r-none-550 m-b-md\">\n\t\t<p><label>Nom de la rue<br \/>\n<span class=\"wpcf7-form-control-wrap\" data-name=\"text-699\"><input size=\"40\" maxlength=\"400\" class=\"wpcf7-form-control wpcf7-text wpcf7-validates-as-required\" aria-required=\"true\" aria-invalid=\"false\" value=\"\" type=\"text\" name=\"text-699\" \/><\/span><br \/>\n<\/label>\n\t\t<\/p>\n\t<\/div>\n\t<div class=\"col2 col12-xs-550 p-r-10 p-l-10 p-r-none-550 p-l-none-550 m-b-md\">\n\t\t<p><label>Num\u00e9ro<br \/>\n<span class=\"wpcf7-form-control-wrap\" data-name=\"text-700\"><input size=\"40\" maxlength=\"400\" class=\"wpcf7-form-control wpcf7-text wpcf7-validates-as-required\" aria-required=\"true\" aria-invalid=\"false\" value=\"\" type=\"text\" name=\"text-700\" \/><\/span><br \/>\n<\/label>\n\t\t<\/p>\n\t<\/div>\n\t<div class=\"col4 col12-xs-550 p-l-10 p-l-none-550 m-b-md\">\n\t\t<p><label>Code postal<br \/>\n<span class=\"wpcf7-form-control-wrap\" data-name=\"text-701\"><input size=\"40\" maxlength=\"400\" class=\"wpcf7-form-control wpcf7-text wpcf7-validates-as-required\" aria-required=\"true\" aria-invalid=\"false\" value=\"\" type=\"text\" name=\"text-701\" \/><\/span><br \/>\n<\/label>\n\t\t<\/p>\n\t<\/div>\n\t<div class=\"col6 col12-xs-550 p-r-10 p-r-none-550 m-b-md\">\n\t\t<p><label>Ville<br \/>\n<span class=\"wpcf7-form-control-wrap\" data-name=\"text-395\"><input size=\"40\" maxlength=\"400\" class=\"wpcf7-form-control wpcf7-text\" aria-invalid=\"false\" value=\"\" type=\"text\" name=\"text-395\" \/><\/span><br \/>\n<\/label>\n\t\t<\/p>\n\t<\/div>\n\t<div class=\"col6 col12-xs-550 p-l-10 p-l-none-550 m-b-md\">\n\t\t<p><label>Pays<br \/>\n<span class=\"wpcf7-form-control-wrap\" data-name=\"menu-736\"><select class=\"wpcf7-form-control wpcf7-select wpcf7-validates-as-required\" aria-required=\"true\" aria-invalid=\"false\" name=\"menu-736\"><option value=\"\">&#8212;Veuillez choisir une option&#8212;<\/option><option value=\"Belgique\">Belgique<\/option><option value=\"Bulgarie\">Bulgarie<\/option><option value=\"Chypre\">Chypre<\/option><option value=\"Danemark\">Danemark<\/option><option value=\"Allemagne\">Allemagne<\/option><option value=\"Estonie\">Estonie<\/option><option value=\"Finlande\">Finlande<\/option><option value=\"France\">France<\/option><option value=\"Hongrie\">Hongrie<\/option><option value=\"Irlande\">Irlande<\/option><option value=\"Isra\u00ebl\">Isra\u00ebl<\/option><option value=\"Italie\">Italie<\/option><option value=\"Croatie\">Croatie<\/option><option value=\"Lettonie\">Lettonie<\/option><option value=\"Lituanie\">Lituanie<\/option><option value=\"Luxembourg\">Luxembourg<\/option><option value=\"Malte\">Malte<\/option><option value=\"Monaco\">Monaco<\/option><option value=\"Pays-Bas\">Pays-Bas<\/option><option value=\"Autriche\">Autriche<\/option><option value=\"Pologne\">Pologne<\/option><option value=\"Portugal\">Portugal<\/option><option value=\"Roumanie\">Roumanie<\/option><option value=\"Slov\u00e9nie\">Slov\u00e9nie<\/option><option value=\"Slovaquie\">Slovaquie<\/option><option value=\"Espagne\">Espagne<\/option><option value=\"Tch\u00e8que\">Tch\u00e8que<\/option><option value=\"Royaume-Uni\">Royaume-Uni<\/option><option value=\"Su\u00e8de\">Su\u00e8de<\/option><option value=\"Suisse\">Suisse<\/option><\/select><\/span><br \/>\n<\/label>\n\t\t<\/p>\n\t<\/div>\n<\/div>\n<div class=\"col12\">\n\t<div class=\"col6 col12-xs-550 p-r-10 p-r-none-550 m-b-md\">\n\t\t<p><label>Num\u00e9ro de TVA (<strong>sans le code<\/strong> pays NL)<br \/>\n<span class=\"wpcf7-form-control-wrap\" data-name=\"text-401\"><input size=\"40\" maxlength=\"400\" class=\"wpcf7-form-control wpcf7-text wpcf7-validates-as-required\" aria-required=\"true\" aria-invalid=\"false\" value=\"\" type=\"text\" name=\"text-401\" \/><\/span><br \/>\n<\/label>\n\t\t<\/p>\n\t<\/div>\n\t<div class=\"col6 col12-xs-550 p-l-10 p-l-none-550 m-b-md\">\n\t\t<p><label>Num\u00e9ro de la Chambre de Commerce<br \/>\n<span class=\"wpcf7-form-control-wrap\" data-name=\"text-918\"><input size=\"40\" maxlength=\"400\" class=\"wpcf7-form-control wpcf7-text wpcf7-validates-as-required\" aria-required=\"true\" aria-invalid=\"false\" value=\"\" type=\"text\" name=\"text-918\" \/><\/span><br \/>\n<\/label>\n\t\t<\/p>\n\t<\/div>\n<\/div>\n<div class=\"col12\">\n\t<p><span class=\"wpcf7-form-control-wrap\" data-name=\"checkbox-118\"><span class=\"wpcf7-form-control wpcf7-checkbox\"><span class=\"wpcf7-list-item first last\"><input type=\"checkbox\" name=\"checkbox-118[]\" value=\"S&#039;abonner \u00e0 notre bulletin d&#039;information\" \/><span class=\"wpcf7-list-item-label\">S&#039;abonner \u00e0 notre bulletin d&#039;information<\/span><\/span><\/span><\/span><br \/>\n<span class=\"wpcf7-form-control-wrap\" data-name=\"checkbox-753\"><span class=\"wpcf7-form-control wpcf7-checkbox wpcf7-validates-as-required avg-check\"><span class=\"wpcf7-list-item first last\"><input type=\"checkbox\" name=\"checkbox-753[]\" value=\"En envoyant le formulaire de contact, vous acceptez notre RGPD\/Politique de confidentialit\u00e9.\" \/><span class=\"wpcf7-list-item-label\">En envoyant le formulaire de contact, vous acceptez notre RGPD\/Politique de confidentialit\u00e9.<\/span><\/span><\/span><\/span>\n\t<\/p>\n\t<p>Lisez les conditions g\u00e9n\u00e9rales et notre <a target=\"_blank\"href=\"\/en\/privacy-policy\/\"> RGPD\/Politique de confidentialit\u00e9 ici<\/a>.\n\t<\/p>\n<\/div>\n<div class=\"clear\">\n<\/div>\n<div class=\"col6 col12-xs-550 p-r-md p-r-0-550\">\n\t<p><input class=\"wpcf7-form-control wpcf7-submit has-spinner\" type=\"submit\" value=\"Envoyer\" \/>\n\t<\/p>\n<\/div><div class=\"wpcf7-response-output\" aria-hidden=\"true\"><\/div>\n<\/form>\n<\/div>\n\n","protected":false},"excerpt":{"rendered":"\u00cates-vous un revendeur professionnel? Un compte professionnel est destin\u00e9 aux entreprises ou aux personnes qui prescrivent ou vendent des compl\u00e9ments alimentaires \u00e0 titre professionnel. Les donn\u00e9es que vous entrez seront v\u00e9rifi\u00e9es. Si vous \u00eates qualifi\u00e9, vous aurez acc\u00e8s aux informations th\u00e9rapeutiques et aux tarifs d&rsquo;achat. Vous avez d\u00e9j\u00e0 un compte? Connectez-vous ici. Vous n&rsquo;avez pas\u2026","protected":false},"author":1,"featured_media":0,"parent":0,"menu_order":0,"comment_status":"closed","ping_status":"closed","template":"template-sidebar.php","meta":{"_acf_changed":false,"footnotes":""},"class_list":["post-1686","page","type-page","status-publish","hentry"],"acf":[],"yoast_head":"<!-- This site is optimized with the Yoast SEO plugin v27.3 - https:\/\/yoast.com\/product\/yoast-seo-wordpress\/ -->\n<title>Cr\u00e9er un compte professionnel - Prosupplements<\/title>\n<meta name=\"description\" content=\"Prosupplements is specialist op het gebied van hoogwaardige voedingssupplementen en officieel distributeur van Biocidin.\" \/>\n<meta name=\"robots\" content=\"index, follow, max-snippet:-1, max-image-preview:large, max-video-preview:-1\" \/>\n<link rel=\"canonical\" href=\"https:\/\/prosupplements.nl\/fr\/create-professional-account\/\" \/>\n<meta property=\"og:locale\" content=\"fr_FR\" \/>\n<meta property=\"og:type\" content=\"article\" \/>\n<meta property=\"og:title\" content=\"Cr\u00e9er un compte professionnel - Prosupplements\" \/>\n<meta property=\"og:description\" content=\"Prosupplements is specialist op het gebied van hoogwaardige voedingssupplementen en officieel distributeur van Biocidin.\" \/>\n<meta property=\"og:url\" content=\"https:\/\/prosupplements.nl\/fr\/create-professional-account\/\" \/>\n<meta property=\"og:site_name\" content=\"Prosupplements\" \/>\n<meta property=\"article:modified_time\" content=\"2023-07-16T09:53:45+00:00\" \/>\n<meta name=\"twitter:card\" content=\"summary_large_image\" \/>\n<meta name=\"twitter:label1\" content=\"Dur\u00e9e de lecture estim\u00e9e\" \/>\n\t<meta name=\"twitter:data1\" content=\"1 minute\" \/>\n<script type=\"application\/ld+json\" class=\"yoast-schema-graph\">{\"@context\":\"https:\\\/\\\/schema.org\",\"@graph\":[{\"@type\":\"WebPage\",\"@id\":\"https:\\\/\\\/prosupplements.nl\\\/fr\\\/create-professional-account\\\/\",\"url\":\"https:\\\/\\\/prosupplements.nl\\\/fr\\\/create-professional-account\\\/\",\"name\":\"Cr\u00e9er un compte professionnel - Prosupplements\",\"isPartOf\":{\"@id\":\"https:\\\/\\\/prosupplements.nl\\\/fr\\\/#website\"},\"datePublished\":\"2020-04-08T09:27:14+00:00\",\"dateModified\":\"2023-07-16T09:53:45+00:00\",\"description\":\"Prosupplements is specialist op het gebied van hoogwaardige voedingssupplementen en officieel distributeur van Biocidin.\",\"breadcrumb\":{\"@id\":\"https:\\\/\\\/prosupplements.nl\\\/fr\\\/create-professional-account\\\/#breadcrumb\"},\"inLanguage\":\"fr-FR\",\"potentialAction\":[{\"@type\":\"ReadAction\",\"target\":[\"https:\\\/\\\/prosupplements.nl\\\/fr\\\/create-professional-account\\\/\"]}]},{\"@type\":\"BreadcrumbList\",\"@id\":\"https:\\\/\\\/prosupplements.nl\\\/fr\\\/create-professional-account\\\/#breadcrumb\",\"itemListElement\":[{\"@type\":\"ListItem\",\"position\":1,\"name\":\"Accueil\",\"item\":\"https:\\\/\\\/prosupplements.nl\\\/fr\\\/\"},{\"@type\":\"ListItem\",\"position\":2,\"name\":\"Cr\u00e9er un compte professionnel\"}]},{\"@type\":\"WebSite\",\"@id\":\"https:\\\/\\\/prosupplements.nl\\\/fr\\\/#website\",\"url\":\"https:\\\/\\\/prosupplements.nl\\\/fr\\\/\",\"name\":\"Prosupplements\",\"description\":\"\",\"potentialAction\":[{\"@type\":\"SearchAction\",\"target\":{\"@type\":\"EntryPoint\",\"urlTemplate\":\"https:\\\/\\\/prosupplements.nl\\\/fr\\\/?s={search_term_string}\"},\"query-input\":{\"@type\":\"PropertyValueSpecification\",\"valueRequired\":true,\"valueName\":\"search_term_string\"}}],\"inLanguage\":\"fr-FR\"}]}<\/script>\n<!-- \/ Yoast SEO plugin. -->","yoast_head_json":{"title":"Cr\u00e9er un compte professionnel - Prosupplements","description":"Prosupplements is specialist op het gebied van hoogwaardige voedingssupplementen en officieel distributeur van Biocidin.","robots":{"index":"index","follow":"follow","max-snippet":"max-snippet:-1","max-image-preview":"max-image-preview:large","max-video-preview":"max-video-preview:-1"},"canonical":"https:\/\/prosupplements.nl\/fr\/create-professional-account\/","og_locale":"fr_FR","og_type":"article","og_title":"Cr\u00e9er un compte professionnel - Prosupplements","og_description":"Prosupplements is specialist op het gebied van hoogwaardige voedingssupplementen en officieel distributeur van Biocidin.","og_url":"https:\/\/prosupplements.nl\/fr\/create-professional-account\/","og_site_name":"Prosupplements","article_modified_time":"2023-07-16T09:53:45+00:00","twitter_card":"summary_large_image","twitter_misc":{"Dur\u00e9e de lecture estim\u00e9e":"1 minute"},"schema":{"@context":"https:\/\/schema.org","@graph":[{"@type":"WebPage","@id":"https:\/\/prosupplements.nl\/fr\/create-professional-account\/","url":"https:\/\/prosupplements.nl\/fr\/create-professional-account\/","name":"Cr\u00e9er un compte professionnel - Prosupplements","isPartOf":{"@id":"https:\/\/prosupplements.nl\/fr\/#website"},"datePublished":"2020-04-08T09:27:14+00:00","dateModified":"2023-07-16T09:53:45+00:00","description":"Prosupplements is specialist op het gebied van hoogwaardige voedingssupplementen en officieel distributeur van Biocidin.","breadcrumb":{"@id":"https:\/\/prosupplements.nl\/fr\/create-professional-account\/#breadcrumb"},"inLanguage":"fr-FR","potentialAction":[{"@type":"ReadAction","target":["https:\/\/prosupplements.nl\/fr\/create-professional-account\/"]}]},{"@type":"BreadcrumbList","@id":"https:\/\/prosupplements.nl\/fr\/create-professional-account\/#breadcrumb","itemListElement":[{"@type":"ListItem","position":1,"name":"Accueil","item":"https:\/\/prosupplements.nl\/fr\/"},{"@type":"ListItem","position":2,"name":"Cr\u00e9er un compte professionnel"}]},{"@type":"WebSite","@id":"https:\/\/prosupplements.nl\/fr\/#website","url":"https:\/\/prosupplements.nl\/fr\/","name":"Prosupplements","description":"","potentialAction":[{"@type":"SearchAction","target":{"@type":"EntryPoint","urlTemplate":"https:\/\/prosupplements.nl\/fr\/?s={search_term_string}"},"query-input":{"@type":"PropertyValueSpecification","valueRequired":true,"valueName":"search_term_string"}}],"inLanguage":"fr-FR"}]}},"_links":{"self":[{"href":"https:\/\/prosupplements.nl\/fr\/wp-json\/wp\/v2\/pages\/1686","targetHints":{"allow":["GET"]}}],"collection":[{"href":"https:\/\/prosupplements.nl\/fr\/wp-json\/wp\/v2\/pages"}],"about":[{"href":"https:\/\/prosupplements.nl\/fr\/wp-json\/wp\/v2\/types\/page"}],"author":[{"embeddable":true,"href":"https:\/\/prosupplements.nl\/fr\/wp-json\/wp\/v2\/users\/1"}],"replies":[{"embeddable":true,"href":"https:\/\/prosupplements.nl\/fr\/wp-json\/wp\/v2\/comments?post=1686"}],"version-history":[{"count":3,"href":"https:\/\/prosupplements.nl\/fr\/wp-json\/wp\/v2\/pages\/1686\/revisions"}],"predecessor-version":[{"id":9651,"href":"https:\/\/prosupplements.nl\/fr\/wp-json\/wp\/v2\/pages\/1686\/revisions\/9651"}],"wp:attachment":[{"href":"https:\/\/prosupplements.nl\/fr\/wp-json\/wp\/v2\/media?parent=1686"}],"curies":[{"name":"wp","href":"https:\/\/api.w.org\/{rel}","templated":true}]}}