{"id":1688,"date":"2020-04-01T08:26:44","date_gmt":"2020-04-01T08:26:44","guid":{"rendered":"https:\/\/prosupplements.nl\/privacy-policy\/"},"modified":"2023-07-14T22:27:31","modified_gmt":"2023-07-14T22:27:31","slug":"privacy-policy","status":"publish","type":"page","link":"https:\/\/prosupplements.nl\/fr\/privacy-policy\/","title":{"rendered":"Politique de confidentialit\u00e9"},"content":{"rendered":"<p class=\"p1\">Nous appr\u00e9cions la confiance que vous nous accordez et traitons vos donn\u00e9es personnelles avec le plus grand soin. Les donn\u00e9es que vous nous fournissez resteront toujours confidentielles afin de prot\u00e9ger au mieux votre vie priv\u00e9e. Par exemple, vos donn\u00e9es ne seront ni vendues ni transmises \u00e0 des tiers et seront conserv\u00e9es en toute s\u00e9curit\u00e9 dans une base de donn\u00e9es non accessible au public. C&rsquo;est vous qui d\u00e9cidez si vous souhaitez recevoir notre bulletin d&rsquo;information et d&rsquo;autres courriers. Si, \u00e0 tout moment, vous ne souhaitez plus recevoir notre bulletin d&rsquo;information ou d&rsquo;autres courriers, vous pouvez vous d\u00e9sinscrire imm\u00e9diatement par e-mail.<\/p>\n<h3 class=\"p1\">Vos donn\u00e9es personnelles<\/h3>\n<p class=\"p1\">Les donn\u00e9es que nous enregistrons, telles que votre nom et votre adresse e-mail, sont n\u00e9cessaires pour vous livrer votre commande en bonne forme ou pour vous tenir inform\u00e9 de l&rsquo;\u00e9tat de votre commande. Toutes vos donn\u00e9es sont enregistr\u00e9es dans votre propre compte si vous en avez cr\u00e9\u00e9 un. \u00c0 l&rsquo;exception des tiers engag\u00e9s pour ex\u00e9cuter votre commande, vos donn\u00e9es ne seront jamais mises \u00e0 la disposition d&rsquo;autres parties.<\/p>\n<p class=\"p1\">Nous utilisons les donn\u00e9es de nos clients pour savoir qui visite notre webshop et avec quelle intensit\u00e9. Notre objectif est en effet de toujours adapter notre webshop \u00e0 vos besoins.<\/p>\n<h3 class=\"p1\">Suppression ou modification de vos donn\u00e9es<\/h3>\n<p class=\"p1\">Bien entendu, si vous le souhaitez, vous pouvez faire supprimer vos donn\u00e9es de notre syst\u00e8me. Vous pouvez le faire en envoyant un e-mail via le <a href=\"\/fr\/contact\/\">formulaire de contact<\/a>.<\/p>\n<p>&nbsp;<\/p>\n","protected":false},"excerpt":{"rendered":"Nous appr\u00e9cions la confiance que vous nous accordez et traitons vos donn\u00e9es personnelles avec le plus grand soin. Les donn\u00e9es que vous nous fournissez resteront toujours confidentielles afin de prot\u00e9ger au mieux votre vie priv\u00e9e. Par exemple, vos donn\u00e9es ne seront ni vendues ni transmises \u00e0 des tiers et seront conserv\u00e9es en toute s\u00e9curit\u00e9 dans\u2026","protected":false},"author":1,"featured_media":0,"parent":0,"menu_order":0,"comment_status":"closed","ping_status":"closed","template":"template-sidebar.php","meta":{"_acf_changed":false,"footnotes":""},"class_list":["post-1688","page","type-page","status-publish","hentry"],"acf":[],"yoast_head":"<!-- This site is optimized with the Yoast SEO plugin v27.3 - https:\/\/yoast.com\/product\/yoast-seo-wordpress\/ -->\n<title>Politique de confidentialit\u00e9 - Prosupplements<\/title>\n<meta name=\"description\" content=\"Prosupplements is specialist op het gebied van hoogwaardige voedingssupplementen en officieel distributeur van Biocidin.\" \/>\n<meta name=\"robots\" content=\"index, follow, max-snippet:-1, max-image-preview:large, max-video-preview:-1\" \/>\n<link rel=\"canonical\" href=\"https:\/\/prosupplements.nl\/fr\/privacy-policy\/\" \/>\n<meta property=\"og:locale\" content=\"fr_FR\" \/>\n<meta property=\"og:type\" content=\"article\" \/>\n<meta property=\"og:title\" content=\"Politique de confidentialit\u00e9 - Prosupplements\" \/>\n<meta property=\"og:description\" content=\"Prosupplements is specialist op het gebied van hoogwaardige voedingssupplementen en officieel distributeur van Biocidin.\" \/>\n<meta property=\"og:url\" content=\"https:\/\/prosupplements.nl\/fr\/privacy-policy\/\" \/>\n<meta property=\"og:site_name\" content=\"Prosupplements\" \/>\n<meta property=\"article:modified_time\" content=\"2023-07-14T22:27:31+00:00\" \/>\n<meta name=\"twitter:card\" content=\"summary_large_image\" \/>\n<meta name=\"twitter:label1\" content=\"Dur\u00e9e de lecture estim\u00e9e\" \/>\n\t<meta name=\"twitter:data1\" content=\"2 minutes\" \/>\n<script type=\"application\/ld+json\" class=\"yoast-schema-graph\">{\"@context\":\"https:\\\/\\\/schema.org\",\"@graph\":[{\"@type\":\"WebPage\",\"@id\":\"https:\\\/\\\/prosupplements.nl\\\/fr\\\/privacy-policy\\\/\",\"url\":\"https:\\\/\\\/prosupplements.nl\\\/fr\\\/privacy-policy\\\/\",\"name\":\"Politique de confidentialit\u00e9 - Prosupplements\",\"isPartOf\":{\"@id\":\"https:\\\/\\\/prosupplements.nl\\\/fr\\\/#website\"},\"datePublished\":\"2020-04-01T08:26:44+00:00\",\"dateModified\":\"2023-07-14T22:27:31+00:00\",\"description\":\"Prosupplements is specialist op het gebied van hoogwaardige voedingssupplementen en officieel distributeur van Biocidin.\",\"breadcrumb\":{\"@id\":\"https:\\\/\\\/prosupplements.nl\\\/fr\\\/privacy-policy\\\/#breadcrumb\"},\"inLanguage\":\"fr-FR\",\"potentialAction\":[{\"@type\":\"ReadAction\",\"target\":[\"https:\\\/\\\/prosupplements.nl\\\/fr\\\/privacy-policy\\\/\"]}]},{\"@type\":\"BreadcrumbList\",\"@id\":\"https:\\\/\\\/prosupplements.nl\\\/fr\\\/privacy-policy\\\/#breadcrumb\",\"itemListElement\":[{\"@type\":\"ListItem\",\"position\":1,\"name\":\"Accueil\",\"item\":\"https:\\\/\\\/prosupplements.nl\\\/fr\\\/\"},{\"@type\":\"ListItem\",\"position\":2,\"name\":\"Politique de confidentialit\u00e9\"}]},{\"@type\":\"WebSite\",\"@id\":\"https:\\\/\\\/prosupplements.nl\\\/fr\\\/#website\",\"url\":\"https:\\\/\\\/prosupplements.nl\\\/fr\\\/\",\"name\":\"Prosupplements\",\"description\":\"\",\"potentialAction\":[{\"@type\":\"SearchAction\",\"target\":{\"@type\":\"EntryPoint\",\"urlTemplate\":\"https:\\\/\\\/prosupplements.nl\\\/fr\\\/?s={search_term_string}\"},\"query-input\":{\"@type\":\"PropertyValueSpecification\",\"valueRequired\":true,\"valueName\":\"search_term_string\"}}],\"inLanguage\":\"fr-FR\"}]}<\/script>\n<!-- \/ Yoast SEO plugin. -->","yoast_head_json":{"title":"Politique de confidentialit\u00e9 - Prosupplements","description":"Prosupplements is specialist op het gebied van hoogwaardige voedingssupplementen en officieel distributeur van Biocidin.","robots":{"index":"index","follow":"follow","max-snippet":"max-snippet:-1","max-image-preview":"max-image-preview:large","max-video-preview":"max-video-preview:-1"},"canonical":"https:\/\/prosupplements.nl\/fr\/privacy-policy\/","og_locale":"fr_FR","og_type":"article","og_title":"Politique de confidentialit\u00e9 - Prosupplements","og_description":"Prosupplements is specialist op het gebied van hoogwaardige voedingssupplementen en officieel distributeur van Biocidin.","og_url":"https:\/\/prosupplements.nl\/fr\/privacy-policy\/","og_site_name":"Prosupplements","article_modified_time":"2023-07-14T22:27:31+00:00","twitter_card":"summary_large_image","twitter_misc":{"Dur\u00e9e de lecture estim\u00e9e":"2 minutes"},"schema":{"@context":"https:\/\/schema.org","@graph":[{"@type":"WebPage","@id":"https:\/\/prosupplements.nl\/fr\/privacy-policy\/","url":"https:\/\/prosupplements.nl\/fr\/privacy-policy\/","name":"Politique de confidentialit\u00e9 - Prosupplements","isPartOf":{"@id":"https:\/\/prosupplements.nl\/fr\/#website"},"datePublished":"2020-04-01T08:26:44+00:00","dateModified":"2023-07-14T22:27:31+00:00","description":"Prosupplements is specialist op het gebied van hoogwaardige voedingssupplementen en officieel distributeur van Biocidin.","breadcrumb":{"@id":"https:\/\/prosupplements.nl\/fr\/privacy-policy\/#breadcrumb"},"inLanguage":"fr-FR","potentialAction":[{"@type":"ReadAction","target":["https:\/\/prosupplements.nl\/fr\/privacy-policy\/"]}]},{"@type":"BreadcrumbList","@id":"https:\/\/prosupplements.nl\/fr\/privacy-policy\/#breadcrumb","itemListElement":[{"@type":"ListItem","position":1,"name":"Accueil","item":"https:\/\/prosupplements.nl\/fr\/"},{"@type":"ListItem","position":2,"name":"Politique de confidentialit\u00e9"}]},{"@type":"WebSite","@id":"https:\/\/prosupplements.nl\/fr\/#website","url":"https:\/\/prosupplements.nl\/fr\/","name":"Prosupplements","description":"","potentialAction":[{"@type":"SearchAction","target":{"@type":"EntryPoint","urlTemplate":"https:\/\/prosupplements.nl\/fr\/?s={search_term_string}"},"query-input":{"@type":"PropertyValueSpecification","valueRequired":true,"valueName":"search_term_string"}}],"inLanguage":"fr-FR"}]}},"_links":{"self":[{"href":"https:\/\/prosupplements.nl\/fr\/wp-json\/wp\/v2\/pages\/1688","targetHints":{"allow":["GET"]}}],"collection":[{"href":"https:\/\/prosupplements.nl\/fr\/wp-json\/wp\/v2\/pages"}],"about":[{"href":"https:\/\/prosupplements.nl\/fr\/wp-json\/wp\/v2\/types\/page"}],"author":[{"embeddable":true,"href":"https:\/\/prosupplements.nl\/fr\/wp-json\/wp\/v2\/users\/1"}],"replies":[{"embeddable":true,"href":"https:\/\/prosupplements.nl\/fr\/wp-json\/wp\/v2\/comments?post=1688"}],"version-history":[{"count":1,"href":"https:\/\/prosupplements.nl\/fr\/wp-json\/wp\/v2\/pages\/1688\/revisions"}],"predecessor-version":[{"id":9640,"href":"https:\/\/prosupplements.nl\/fr\/wp-json\/wp\/v2\/pages\/1688\/revisions\/9640"}],"wp:attachment":[{"href":"https:\/\/prosupplements.nl\/fr\/wp-json\/wp\/v2\/media?parent=1688"}],"curies":[{"name":"wp","href":"https:\/\/api.w.org\/{rel}","templated":true}]}}