{"id":1689,"date":"2020-03-31T09:44:32","date_gmt":"2020-03-31T09:44:32","guid":{"rendered":"https:\/\/prosupplements.nl\/about-biocidin\/"},"modified":"2023-07-16T22:00:26","modified_gmt":"2023-07-16T22:00:26","slug":"about-biocidin","status":"publish","type":"page","link":"https:\/\/prosupplements.nl\/fr\/about-biocidin\/","title":{"rendered":"\u00c0 PROPOS DE BIOCIDINE"},"content":{"rendered":"<p>Les produits Bio-Botanical Research sont formul\u00e9s par et sont con\u00e7us pour r\u00e9pondre aux normes professionnelles les plus \u00e9lev\u00e9es. Toutes les plantes utilis\u00e9es dans nos formulations sont de la plus haute qualit\u00e9, sont test\u00e9es pour leur puret\u00e9 et sont accompagn\u00e9es de certificats d&rsquo;analyse. Il n&rsquo;y a pas d&rsquo;ingr\u00e9dients artificiels, de conservateurs, de colorants, d&rsquo;additifs ou d&rsquo;allerg\u00e8nes courants utilis\u00e9s.<\/p>\n<p>Nos installations de fabrication sont situ\u00e9es aux \u00c9tats-Unis, sont enregistr\u00e9es et autoris\u00e9es par la FDA pour produire des suppl\u00e9ments nutritionnels, et certifi\u00e9es pour suivre les bonnes pratiques de fabrication (normes cGMP). Les tests de produits utilisant les m\u00e9thodes de l&rsquo;American Association of Analytical Chemists (AOAC) sont une proc\u00e9dure op\u00e9ratoire standard, et chaque ingr\u00e9dient est test\u00e9 ind\u00e9pendamment pour l&rsquo;identification et la puret\u00e9. Des sources artisanales biologiques et \u00e9cologiquement sauvages sont utilis\u00e9es dans la mesure du possible.<\/p>\n<p>Une partie de nos ventes est revers\u00e9e \u00e0 des organisations \u00e0 but non lucratif qui soutiennent des programmes environnementaux, l&rsquo;aide humanitaire et les soins m\u00e9dicaux pour les personnes dans le besoin.<\/p>\n","protected":false},"excerpt":{"rendered":"Les produits Bio-Botanical Research sont formul\u00e9s par et sont con\u00e7us pour r\u00e9pondre aux normes professionnelles les plus \u00e9lev\u00e9es. Toutes les plantes utilis\u00e9es dans nos formulations sont de la plus haute qualit\u00e9, sont test\u00e9es pour leur puret\u00e9 et sont accompagn\u00e9es de certificats d&rsquo;analyse. Il n&rsquo;y a pas d&rsquo;ingr\u00e9dients artificiels, de conservateurs, de colorants, d&rsquo;additifs ou d&rsquo;allerg\u00e8nes\u2026","protected":false},"author":1,"featured_media":0,"parent":0,"menu_order":0,"comment_status":"closed","ping_status":"closed","template":"template-fullwidth.php","meta":{"_acf_changed":false,"footnotes":""},"class_list":["post-1689","page","type-page","status-publish","hentry"],"acf":[],"yoast_head":"<!-- This site is optimized with the Yoast SEO plugin v27.3 - https:\/\/yoast.com\/product\/yoast-seo-wordpress\/ -->\n<title>\u00c0 PROPOS DE BIOCIDINE - Prosupplements<\/title>\n<meta name=\"description\" content=\"Prosupplements is a specialist in the field of high-quality nutritional supplements and official distributor of Biocidin.\" \/>\n<meta name=\"robots\" content=\"index, follow, max-snippet:-1, max-image-preview:large, max-video-preview:-1\" \/>\n<link rel=\"canonical\" href=\"https:\/\/prosupplements.nl\/fr\/about-biocidin\/\" \/>\n<meta property=\"og:locale\" content=\"fr_FR\" \/>\n<meta property=\"og:type\" content=\"article\" \/>\n<meta property=\"og:title\" content=\"\u00c0 PROPOS DE BIOCIDINE - Prosupplements\" \/>\n<meta property=\"og:description\" content=\"Prosupplements is a specialist in the field of high-quality nutritional supplements and official distributor of Biocidin.\" \/>\n<meta property=\"og:url\" content=\"https:\/\/prosupplements.nl\/fr\/about-biocidin\/\" \/>\n<meta property=\"og:site_name\" content=\"Prosupplements\" \/>\n<meta property=\"article:modified_time\" content=\"2023-07-16T22:00:26+00:00\" \/>\n<meta name=\"twitter:card\" content=\"summary_large_image\" \/>\n<meta name=\"twitter:label1\" content=\"Dur\u00e9e de lecture estim\u00e9e\" \/>\n\t<meta name=\"twitter:data1\" content=\"1 minute\" \/>\n<script type=\"application\/ld+json\" class=\"yoast-schema-graph\">{\"@context\":\"https:\\\/\\\/schema.org\",\"@graph\":[{\"@type\":\"WebPage\",\"@id\":\"https:\\\/\\\/prosupplements.nl\\\/fr\\\/about-biocidin\\\/\",\"url\":\"https:\\\/\\\/prosupplements.nl\\\/fr\\\/about-biocidin\\\/\",\"name\":\"\u00c0 PROPOS DE BIOCIDINE - Prosupplements\",\"isPartOf\":{\"@id\":\"https:\\\/\\\/prosupplements.nl\\\/fr\\\/#website\"},\"datePublished\":\"2020-03-31T09:44:32+00:00\",\"dateModified\":\"2023-07-16T22:00:26+00:00\",\"description\":\"Prosupplements is a specialist in the field of high-quality nutritional supplements and official distributor of Biocidin.\",\"breadcrumb\":{\"@id\":\"https:\\\/\\\/prosupplements.nl\\\/fr\\\/about-biocidin\\\/#breadcrumb\"},\"inLanguage\":\"fr-FR\",\"potentialAction\":[{\"@type\":\"ReadAction\",\"target\":[\"https:\\\/\\\/prosupplements.nl\\\/fr\\\/about-biocidin\\\/\"]}]},{\"@type\":\"BreadcrumbList\",\"@id\":\"https:\\\/\\\/prosupplements.nl\\\/fr\\\/about-biocidin\\\/#breadcrumb\",\"itemListElement\":[{\"@type\":\"ListItem\",\"position\":1,\"name\":\"Accueil\",\"item\":\"https:\\\/\\\/prosupplements.nl\\\/fr\\\/\"},{\"@type\":\"ListItem\",\"position\":2,\"name\":\"\u00c0 PROPOS DE BIOCIDINE\"}]},{\"@type\":\"WebSite\",\"@id\":\"https:\\\/\\\/prosupplements.nl\\\/fr\\\/#website\",\"url\":\"https:\\\/\\\/prosupplements.nl\\\/fr\\\/\",\"name\":\"Prosupplements\",\"description\":\"\",\"potentialAction\":[{\"@type\":\"SearchAction\",\"target\":{\"@type\":\"EntryPoint\",\"urlTemplate\":\"https:\\\/\\\/prosupplements.nl\\\/fr\\\/?s={search_term_string}\"},\"query-input\":{\"@type\":\"PropertyValueSpecification\",\"valueRequired\":true,\"valueName\":\"search_term_string\"}}],\"inLanguage\":\"fr-FR\"}]}<\/script>\n<!-- \/ Yoast SEO plugin. -->","yoast_head_json":{"title":"\u00c0 PROPOS DE BIOCIDINE - Prosupplements","description":"Prosupplements is a specialist in the field of high-quality nutritional supplements and official distributor of Biocidin.","robots":{"index":"index","follow":"follow","max-snippet":"max-snippet:-1","max-image-preview":"max-image-preview:large","max-video-preview":"max-video-preview:-1"},"canonical":"https:\/\/prosupplements.nl\/fr\/about-biocidin\/","og_locale":"fr_FR","og_type":"article","og_title":"\u00c0 PROPOS DE BIOCIDINE - Prosupplements","og_description":"Prosupplements is a specialist in the field of high-quality nutritional supplements and official distributor of Biocidin.","og_url":"https:\/\/prosupplements.nl\/fr\/about-biocidin\/","og_site_name":"Prosupplements","article_modified_time":"2023-07-16T22:00:26+00:00","twitter_card":"summary_large_image","twitter_misc":{"Dur\u00e9e de lecture estim\u00e9e":"1 minute"},"schema":{"@context":"https:\/\/schema.org","@graph":[{"@type":"WebPage","@id":"https:\/\/prosupplements.nl\/fr\/about-biocidin\/","url":"https:\/\/prosupplements.nl\/fr\/about-biocidin\/","name":"\u00c0 PROPOS DE BIOCIDINE - Prosupplements","isPartOf":{"@id":"https:\/\/prosupplements.nl\/fr\/#website"},"datePublished":"2020-03-31T09:44:32+00:00","dateModified":"2023-07-16T22:00:26+00:00","description":"Prosupplements is a specialist in the field of high-quality nutritional supplements and official distributor of Biocidin.","breadcrumb":{"@id":"https:\/\/prosupplements.nl\/fr\/about-biocidin\/#breadcrumb"},"inLanguage":"fr-FR","potentialAction":[{"@type":"ReadAction","target":["https:\/\/prosupplements.nl\/fr\/about-biocidin\/"]}]},{"@type":"BreadcrumbList","@id":"https:\/\/prosupplements.nl\/fr\/about-biocidin\/#breadcrumb","itemListElement":[{"@type":"ListItem","position":1,"name":"Accueil","item":"https:\/\/prosupplements.nl\/fr\/"},{"@type":"ListItem","position":2,"name":"\u00c0 PROPOS DE BIOCIDINE"}]},{"@type":"WebSite","@id":"https:\/\/prosupplements.nl\/fr\/#website","url":"https:\/\/prosupplements.nl\/fr\/","name":"Prosupplements","description":"","potentialAction":[{"@type":"SearchAction","target":{"@type":"EntryPoint","urlTemplate":"https:\/\/prosupplements.nl\/fr\/?s={search_term_string}"},"query-input":{"@type":"PropertyValueSpecification","valueRequired":true,"valueName":"search_term_string"}}],"inLanguage":"fr-FR"}]}},"_links":{"self":[{"href":"https:\/\/prosupplements.nl\/fr\/wp-json\/wp\/v2\/pages\/1689","targetHints":{"allow":["GET"]}}],"collection":[{"href":"https:\/\/prosupplements.nl\/fr\/wp-json\/wp\/v2\/pages"}],"about":[{"href":"https:\/\/prosupplements.nl\/fr\/wp-json\/wp\/v2\/types\/page"}],"author":[{"embeddable":true,"href":"https:\/\/prosupplements.nl\/fr\/wp-json\/wp\/v2\/users\/1"}],"replies":[{"embeddable":true,"href":"https:\/\/prosupplements.nl\/fr\/wp-json\/wp\/v2\/comments?post=1689"}],"version-history":[{"count":2,"href":"https:\/\/prosupplements.nl\/fr\/wp-json\/wp\/v2\/pages\/1689\/revisions"}],"predecessor-version":[{"id":9672,"href":"https:\/\/prosupplements.nl\/fr\/wp-json\/wp\/v2\/pages\/1689\/revisions\/9672"}],"wp:attachment":[{"href":"https:\/\/prosupplements.nl\/fr\/wp-json\/wp\/v2\/media?parent=1689"}],"curies":[{"name":"wp","href":"https:\/\/api.w.org\/{rel}","templated":true}]}}