{"id":1690,"date":"2020-03-25T12:16:19","date_gmt":"2020-03-25T12:16:19","guid":{"rendered":"https:\/\/prosupplements.nl\/retourneren-van-uw-bestelling\/"},"modified":"2025-12-05T09:03:15","modified_gmt":"2025-12-05T09:03:15","slug":"retourneren-van-uw-bestelling","status":"publish","type":"page","link":"https:\/\/prosupplements.nl\/fr\/returns\/","title":{"rendered":"Comment puis-je retourner ma commande?"},"content":{"rendered":"<p>Chez Prosupplements, il est possible de retourner une commande dans un d\u00e9lai de 14 jours. Pendant cette p\u00e9riode, vous pouvez renvoyer la commande &#8211; ou une partie de celle-ci &#8211; dans son emballage d&rsquo;origine si possible.<\/p>\n<p class=\"p1\">Veuillez noter que les articles utilis\u00e9s ou d\u00e9j\u00e0 ouverts ne peuvent malheureusement pas \u00eatre retourn\u00e9s.<\/p>\n<p class=\"p1\">Veillez \u00e0 joindre \u00e9galement (une copie) le bordereau de livraison ou la facture d&rsquo;origine. Ceux-ci vous seront envoy\u00e9s en m\u00eame temps que la commande. Toute remarque concernant le retour peut \u00eatre inscrite sur le bordereau de livraison.<\/p>\n<p class=\"p1\">L&rsquo;adresse \u00e0 laquelle vous devez envoyer votre retour est la suivante:<\/p>\n<p class=\"p1\">Prosupplements<br \/>\nHet Fulfilment Bedrijf B.V.<br \/>\nHornweg 60<br \/>\n1044 AN Amsterdam<br \/>\nThe Netherlands<\/p>\n<p>Vous serez rembours\u00e9 de la totalit\u00e9 du prix d&rsquo;achat, y compris les frais d&rsquo;exp\u00e9dition pour le trajet d\u2019aller, d\u00e8s que possible et au plus tard dans un d\u00e9lai de 14 jours. Ce d\u00e9lai de 14 jours commence \u00e0 partir du moment o\u00f9 vous renvoyez les articles ou que vous indiquez que vous souhaitez les renvoyer.<\/p>\n<h3>Produit endommag\u00e9<\/h3>\n<p>Chez Prosupplements, nous nous effor\u00e7ons toujours d&#8217;emballer chaque produit avec le plus grand soin. Malheureusement, il arrive parfois qu&rsquo;un produit soit endommag\u00e9. Dans ce cas, veuillez contacter imm\u00e9diatement notre service client\u00e8le :<\/p>\n<p class=\"p1\"><strong>par t\u00e9l\u00e9phone<\/strong>: <a href=\"tel:+31235340039\">+31 23 534 00 39<\/a><\/p>\n<p class=\"p1\"><strong>par e-mail<\/strong>: <a href=\"mailto:info@prosupplements.nl\">info@prosupplements.nl<\/a><\/p>\n<h3>J&rsquo;ai une r\u00e9clamation. O\u00f9 puis-je m&rsquo;adresser?<\/h3>\n<p>Notre objectif est que vous soyez satisfait de tout ce que vous achetez sur Prosupplements.nl. Mais dans le cas o\u00f9 un article ne r\u00e9pondrait pas \u00e0 vos attentes, o\u00f9 il y aurait un probl\u00e8me de livraison ou si vous avez une r\u00e9clamation \u00e0 formuler? Dans ce cas, <a href=\"mailto:info@prosupplements.nl\">contactez-nous<\/a> imm\u00e9diatement. Nous nous ferons un plaisir de vous aider et nous sommes \u00e9videmment toujours pr\u00eats \u00e0 r\u00e9soudre le probl\u00e8me le plus rapidement possible!<\/p>\n","protected":false},"excerpt":{"rendered":"Chez Prosupplements, il est possible de retourner une commande dans un d\u00e9lai de 14 jours. Pendant cette p\u00e9riode, vous pouvez renvoyer la commande &#8211; ou une partie de celle-ci &#8211; dans son emballage d&rsquo;origine si possible. Veuillez noter que les articles utilis\u00e9s ou d\u00e9j\u00e0 ouverts ne peuvent malheureusement pas \u00eatre retourn\u00e9s. Veillez \u00e0 joindre \u00e9galement\u2026","protected":false},"author":1,"featured_media":0,"parent":0,"menu_order":0,"comment_status":"closed","ping_status":"closed","template":"template-sidebar.php","meta":{"_acf_changed":false,"footnotes":""},"class_list":["post-1690","page","type-page","status-publish","hentry"],"acf":[],"yoast_head":"<!-- This site is optimized with the Yoast SEO plugin v27.3 - https:\/\/yoast.com\/product\/yoast-seo-wordpress\/ -->\n<title>Returns Prosupplements<\/title>\n<meta name=\"description\" content=\"Prosupplements is a specialist in the field of high-quality nutritional supplements and official distributor of Biocidin.\" \/>\n<meta name=\"robots\" content=\"index, follow, max-snippet:-1, max-image-preview:large, max-video-preview:-1\" \/>\n<link rel=\"canonical\" href=\"https:\/\/prosupplements.nl\/fr\/returns\/\" \/>\n<meta property=\"og:locale\" content=\"fr_FR\" \/>\n<meta property=\"og:type\" content=\"article\" \/>\n<meta property=\"og:title\" content=\"Returns Prosupplements\" \/>\n<meta property=\"og:description\" content=\"Prosupplements is a specialist in the field of high-quality nutritional supplements and official distributor of Biocidin.\" \/>\n<meta property=\"og:url\" content=\"https:\/\/prosupplements.nl\/fr\/returns\/\" \/>\n<meta property=\"og:site_name\" content=\"Prosupplements\" \/>\n<meta property=\"article:modified_time\" content=\"2025-12-05T09:03:15+00:00\" \/>\n<meta name=\"twitter:card\" content=\"summary_large_image\" \/>\n<meta name=\"twitter:label1\" content=\"Dur\u00e9e de lecture estim\u00e9e\" \/>\n\t<meta name=\"twitter:data1\" content=\"2 minutes\" \/>\n<script type=\"application\/ld+json\" class=\"yoast-schema-graph\">{\"@context\":\"https:\\\/\\\/schema.org\",\"@graph\":[{\"@type\":\"WebPage\",\"@id\":\"https:\\\/\\\/prosupplements.nl\\\/fr\\\/returns\\\/\",\"url\":\"https:\\\/\\\/prosupplements.nl\\\/fr\\\/returns\\\/\",\"name\":\"Returns Prosupplements\",\"isPartOf\":{\"@id\":\"https:\\\/\\\/prosupplements.nl\\\/fr\\\/#website\"},\"datePublished\":\"2020-03-25T12:16:19+00:00\",\"dateModified\":\"2025-12-05T09:03:15+00:00\",\"description\":\"Prosupplements is a specialist in the field of high-quality nutritional supplements and official distributor of Biocidin.\",\"breadcrumb\":{\"@id\":\"https:\\\/\\\/prosupplements.nl\\\/fr\\\/returns\\\/#breadcrumb\"},\"inLanguage\":\"fr-FR\",\"potentialAction\":[{\"@type\":\"ReadAction\",\"target\":[\"https:\\\/\\\/prosupplements.nl\\\/fr\\\/returns\\\/\"]}]},{\"@type\":\"BreadcrumbList\",\"@id\":\"https:\\\/\\\/prosupplements.nl\\\/fr\\\/returns\\\/#breadcrumb\",\"itemListElement\":[{\"@type\":\"ListItem\",\"position\":1,\"name\":\"Accueil\",\"item\":\"https:\\\/\\\/prosupplements.nl\\\/fr\\\/\"},{\"@type\":\"ListItem\",\"position\":2,\"name\":\"Comment puis-je retourner ma commande?\"}]},{\"@type\":\"WebSite\",\"@id\":\"https:\\\/\\\/prosupplements.nl\\\/fr\\\/#website\",\"url\":\"https:\\\/\\\/prosupplements.nl\\\/fr\\\/\",\"name\":\"Prosupplements\",\"description\":\"\",\"potentialAction\":[{\"@type\":\"SearchAction\",\"target\":{\"@type\":\"EntryPoint\",\"urlTemplate\":\"https:\\\/\\\/prosupplements.nl\\\/fr\\\/?s={search_term_string}\"},\"query-input\":{\"@type\":\"PropertyValueSpecification\",\"valueRequired\":true,\"valueName\":\"search_term_string\"}}],\"inLanguage\":\"fr-FR\"}]}<\/script>\n<!-- \/ Yoast SEO plugin. -->","yoast_head_json":{"title":"Returns Prosupplements","description":"Prosupplements is a specialist in the field of high-quality nutritional supplements and official distributor of Biocidin.","robots":{"index":"index","follow":"follow","max-snippet":"max-snippet:-1","max-image-preview":"max-image-preview:large","max-video-preview":"max-video-preview:-1"},"canonical":"https:\/\/prosupplements.nl\/fr\/returns\/","og_locale":"fr_FR","og_type":"article","og_title":"Returns Prosupplements","og_description":"Prosupplements is a specialist in the field of high-quality nutritional supplements and official distributor of Biocidin.","og_url":"https:\/\/prosupplements.nl\/fr\/returns\/","og_site_name":"Prosupplements","article_modified_time":"2025-12-05T09:03:15+00:00","twitter_card":"summary_large_image","twitter_misc":{"Dur\u00e9e de lecture estim\u00e9e":"2 minutes"},"schema":{"@context":"https:\/\/schema.org","@graph":[{"@type":"WebPage","@id":"https:\/\/prosupplements.nl\/fr\/returns\/","url":"https:\/\/prosupplements.nl\/fr\/returns\/","name":"Returns Prosupplements","isPartOf":{"@id":"https:\/\/prosupplements.nl\/fr\/#website"},"datePublished":"2020-03-25T12:16:19+00:00","dateModified":"2025-12-05T09:03:15+00:00","description":"Prosupplements is a specialist in the field of high-quality nutritional supplements and official distributor of Biocidin.","breadcrumb":{"@id":"https:\/\/prosupplements.nl\/fr\/returns\/#breadcrumb"},"inLanguage":"fr-FR","potentialAction":[{"@type":"ReadAction","target":["https:\/\/prosupplements.nl\/fr\/returns\/"]}]},{"@type":"BreadcrumbList","@id":"https:\/\/prosupplements.nl\/fr\/returns\/#breadcrumb","itemListElement":[{"@type":"ListItem","position":1,"name":"Accueil","item":"https:\/\/prosupplements.nl\/fr\/"},{"@type":"ListItem","position":2,"name":"Comment puis-je retourner ma commande?"}]},{"@type":"WebSite","@id":"https:\/\/prosupplements.nl\/fr\/#website","url":"https:\/\/prosupplements.nl\/fr\/","name":"Prosupplements","description":"","potentialAction":[{"@type":"SearchAction","target":{"@type":"EntryPoint","urlTemplate":"https:\/\/prosupplements.nl\/fr\/?s={search_term_string}"},"query-input":{"@type":"PropertyValueSpecification","valueRequired":true,"valueName":"search_term_string"}}],"inLanguage":"fr-FR"}]}},"_links":{"self":[{"href":"https:\/\/prosupplements.nl\/fr\/wp-json\/wp\/v2\/pages\/1690","targetHints":{"allow":["GET"]}}],"collection":[{"href":"https:\/\/prosupplements.nl\/fr\/wp-json\/wp\/v2\/pages"}],"about":[{"href":"https:\/\/prosupplements.nl\/fr\/wp-json\/wp\/v2\/types\/page"}],"author":[{"embeddable":true,"href":"https:\/\/prosupplements.nl\/fr\/wp-json\/wp\/v2\/users\/1"}],"replies":[{"embeddable":true,"href":"https:\/\/prosupplements.nl\/fr\/wp-json\/wp\/v2\/comments?post=1690"}],"version-history":[{"count":7,"href":"https:\/\/prosupplements.nl\/fr\/wp-json\/wp\/v2\/pages\/1690\/revisions"}],"predecessor-version":[{"id":20504,"href":"https:\/\/prosupplements.nl\/fr\/wp-json\/wp\/v2\/pages\/1690\/revisions\/20504"}],"wp:attachment":[{"href":"https:\/\/prosupplements.nl\/fr\/wp-json\/wp\/v2\/media?parent=1690"}],"curies":[{"name":"wp","href":"https:\/\/api.w.org\/{rel}","templated":true}]}}