{"id":1691,"date":"2020-03-25T11:01:00","date_gmt":"2020-03-25T11:01:00","guid":{"rendered":"https:\/\/prosupplements.nl\/verzending\/"},"modified":"2023-07-14T22:22:13","modified_gmt":"2023-07-14T22:22:13","slug":"verzending","status":"publish","type":"page","link":"https:\/\/prosupplements.nl\/fr\/shipment\/","title":{"rendered":"Exp\u00e9dition"},"content":{"rendered":"<p class=\"p1\"><strong>Exp\u00e9dition au sein des Pays-Bas<\/strong><\/p>\n<p class=\"p1\">Nous exp\u00e9dions gratuitement votre commande au sein des Pays-Bas lorsque le montant total de la commande est \u00e9gal ou sup\u00e9rieur \u00e0 50 \u20ac. Pour les commandes inf\u00e9rieures \u00e0 ce montant, nous facturons 4,50 \u20ac par commande.<\/p>\n<p class=\"p1\"><strong>Exp\u00e9dition en dehors des Pays-Bas<\/strong><\/p>\n<p class=\"p1\">Des tarifs diff\u00e9rents sont appliqu\u00e9s pour les envois hors des Pays-Bas.<\/p>\n<p class=\"p1\"><strong>D\u00e9lai de livraison rapide<\/strong><\/p>\n<p class=\"p1\">Pour tous nos envois, les commandes pass\u00e9es avant 17 heures sont exp\u00e9di\u00e9es le jour m\u00eame. Dans la plupart des cas (\u00e0 l&rsquo;exception des dimanches et des jours f\u00e9ri\u00e9s), vous recevrez votre commande le lendemain.<\/p>\n<p class=\"p1\">Pour les commandes pass\u00e9es apr\u00e8s 17 heures, les commandes seront exp\u00e9di\u00e9es le jour suivant.<\/p>\n<p class=\"p1\">Nous utilisons PostNL comme transporteur pour l&rsquo;envoi de tous nos colis. En fonction de la taille des produits que vous avez command\u00e9s, votre commande sera envoy\u00e9e soit en bo\u00eete aux lettres, soit en colis. Les colis peuvent toujours \u00eatre suivis sur le site web de PostNL. Nous vous enverrons votre code de suivi par e-mail.<\/p>\n<p class=\"p1\">Si vous cr\u00e9ez un compte chez nous, vous pouvez \u00e9galement enregistrer plusieurs adresses de livraison. Vous pouvez ainsi faire envoyer votre commande \u00e0 votre adresse personnelle ou \u00e0 votre adresse professionnelle. Apr\u00e8s vous \u00eatre connect\u00e9, vous pouvez facilement choisir l&rsquo;une des adresses que vous avez sauvegard\u00e9es au cours du processus de commande. Vous recevrez ainsi votre commande rapidement et facilement.<\/p>\n<h3 class=\"p1\"><strong>Frais d&rsquo;exp\u00e9dition<\/strong><\/h3>\n<table class=\"responsivetabel\">\n<tbody>\n<tr>\n<th><span style=\"font-weight: 400;\">Pays<\/span><\/th>\n<th><span style=\"font-weight: 400;\">Frais de livraison<\/span><\/th>\n<\/tr>\n<tr>\n<td data-th=\"Country\">Belgique<\/td>\n<td data-th=\"Shipping costs\">\u20ac 4.50 (\u00e0 partir de \u20ac 50,- frais de livraison gratuits)<\/td>\n<\/tr>\n<tr>\n<td data-th=\"Country\">Pays-Bas<\/td>\n<td data-th=\"Shipping costs\">\u20ac 4.50 (\u00e0 partir de \u20ac 50,- frais de livraison gratuits)<\/td>\n<\/tr>\n<tr>\n<td data-th=\"Country\">Allemagne<\/td>\n<td data-th=\"Shipping costs\">\u20ac 4.50 (\u00e0 partir de \u20ac 50,- frais de livraison gratuits)<\/td>\n<\/tr>\n<tr>\n<td data-th=\"Country\">Danemark<\/td>\n<td data-th=\"Shipping costs\">\u20ac 13.50<\/td>\n<\/tr>\n<tr>\n<td data-th=\"Country\">France<\/td>\n<td data-th=\"Shipping costs\">\u20ac 7.95<\/td>\n<\/tr>\n<tr>\n<td data-th=\"Country\">Italie<\/td>\n<td data-th=\"Shipping costs\">\u20ac 13.50<\/td>\n<\/tr>\n<tr>\n<td data-th=\"Country\">Luxembourg<\/td>\n<td data-th=\"Shipping costs\">\u20ac 13.50<\/td>\n<\/tr>\n<tr>\n<td data-th=\"Country\">Monaco<\/td>\n<td data-th=\"Shipping costs\">\u20ac 13.50<\/td>\n<\/tr>\n<tr>\n<td data-th=\"Country\">Autriche<\/td>\n<td data-th=\"Shipping costs\">\u20ac 9.95<\/td>\n<\/tr>\n<tr>\n<td data-th=\"Country\">Espagne<\/td>\n<td data-th=\"Shipping costs\">\u20ac 13.50<\/td>\n<\/tr>\n<tr>\n<td data-th=\"Country\">Royaume-Uni<\/td>\n<td data-th=\"Shipping costs\">\u20ac 30,-<\/td>\n<\/tr>\n<tr>\n<td data-th=\"Country\">Suisse<\/td>\n<td data-th=\"Shipping costs\">\u20ac 24.95<\/td>\n<\/tr>\n<tr>\n<td data-th=\"Country\">Su\u00e8de<\/td>\n<td data-th=\"Shipping costs\">\u20ac 17, &#8211;<\/td>\n<\/tr>\n<tr>\n<td data-th=\"Country\">Bulgarie<\/td>\n<td data-th=\"Shipping costs\">\u20ac 23.50<\/td>\n<\/tr>\n<tr>\n<td data-th=\"Country\">Chypre<\/td>\n<td data-th=\"Shipping Cost\">\u20ac 26.75<\/td>\n<\/tr>\n<tr>\n<td data-th=\"Country\">Estonie<\/td>\n<td data-th=\"Shipping costs\">\u20ac 19.95<\/td>\n<\/tr>\n<tr>\n<td data-th=\"Country\">Finlande<\/td>\n<td data-th=\"Shipping costs\">\u20ac 19.95<\/td>\n<\/tr>\n<tr>\n<td data-th=\"Country\">Croatie<\/td>\n<td data-th=\"Shipping costs\">\u20ac 24.95<\/td>\n<\/tr>\n<tr>\n<td data-th=\"Country\">Hongrie<\/td>\n<td data-th=\"Shipping costs\">\u20ac 14.95<\/td>\n<\/tr>\n<tr>\n<td data-th=\"Country\">Irlande<\/td>\n<td data-th=\"Shipping costs\">\u20ac 16.95<\/td>\n<\/tr>\n<tr>\n<td data-th=\"Country\">Lettonie<\/td>\n<td data-th=\"Shipping costs\">\u20ac 19.95<\/td>\n<\/tr>\n<tr>\n<td data-th=\"Country\">Lituanie<\/td>\n<td data-th=\"Shipping Cost\">\u20ac 29.75<\/td>\n<\/tr>\n<tr>\n<td data-th=\"Country\">Malte<\/td>\n<td data-th=\"Shipping Cost\">\u20ac 26.75<\/td>\n<\/tr>\n<tr>\n<td data-th=\"Country\">Pologne<\/td>\n<td data-th=\"Shipping costs\">\u20ac 11.95<\/td>\n<\/tr>\n<tr>\n<td data-th=\"Country\">Portugal<\/td>\n<td data-th=\"Shipping costs\">\u20ac 14.50<\/td>\n<\/tr>\n<tr>\n<td data-th=\"Country\">Roumanie<\/td>\n<td data-th=\"Shipping costs\">\u20ac 39,-<\/td>\n<\/tr>\n<tr>\n<td data-th=\"Country\">Slov\u00e9nie<\/td>\n<td data-th=\"Shipping costs\">\u20ac 19,-<\/td>\n<\/tr>\n<tr>\n<td data-th=\"Country\">Slovaquie<\/td>\n<td data-th=\"Shipping costs\">\u20ac 14.50<\/td>\n<\/tr>\n<tr>\n<td data-th=\"Country\">Tch\u00e8que<\/td>\n<td data-th=\"Shipping costs\">\u20ac 14.50<\/td>\n<\/tr>\n<\/tbody>\n<\/table>\n","protected":false},"excerpt":{"rendered":"Exp\u00e9dition au sein des Pays-Bas Nous exp\u00e9dions gratuitement votre commande au sein des Pays-Bas lorsque le montant total de la commande est \u00e9gal ou sup\u00e9rieur \u00e0 50 \u20ac. Pour les commandes inf\u00e9rieures \u00e0 ce montant, nous facturons 4,50 \u20ac par commande. Exp\u00e9dition en dehors des Pays-Bas Des tarifs diff\u00e9rents sont appliqu\u00e9s pour les envois hors\u2026","protected":false},"author":1,"featured_media":0,"parent":0,"menu_order":0,"comment_status":"closed","ping_status":"closed","template":"template-sidebar.php","meta":{"_acf_changed":false,"footnotes":""},"class_list":["post-1691","page","type-page","status-publish","hentry"],"acf":[],"yoast_head":"<!-- This site is optimized with the Yoast SEO plugin v27.3 - https:\/\/yoast.com\/product\/yoast-seo-wordpress\/ -->\n<title>Shipment Prosupplements<\/title>\n<meta name=\"description\" content=\"Prosupplements is a specialist in the field of high-quality nutritional supplements and official distributor of Biocidin.\" \/>\n<meta name=\"robots\" content=\"index, follow, max-snippet:-1, max-image-preview:large, max-video-preview:-1\" \/>\n<link rel=\"canonical\" href=\"https:\/\/prosupplements.nl\/fr\/shipment\/\" \/>\n<meta property=\"og:locale\" content=\"fr_FR\" \/>\n<meta property=\"og:type\" content=\"article\" \/>\n<meta property=\"og:title\" content=\"Shipment Prosupplements\" \/>\n<meta property=\"og:description\" content=\"Prosupplements is a specialist in the field of high-quality nutritional supplements and official distributor of Biocidin.\" \/>\n<meta property=\"og:url\" content=\"https:\/\/prosupplements.nl\/fr\/shipment\/\" \/>\n<meta property=\"og:site_name\" content=\"Prosupplements\" \/>\n<meta property=\"article:modified_time\" content=\"2023-07-14T22:22:13+00:00\" \/>\n<meta name=\"twitter:card\" content=\"summary_large_image\" \/>\n<meta name=\"twitter:label1\" content=\"Dur\u00e9e de lecture estim\u00e9e\" \/>\n\t<meta name=\"twitter:data1\" content=\"2 minutes\" \/>\n<script type=\"application\/ld+json\" class=\"yoast-schema-graph\">{\"@context\":\"https:\\\/\\\/schema.org\",\"@graph\":[{\"@type\":\"WebPage\",\"@id\":\"https:\\\/\\\/prosupplements.nl\\\/fr\\\/shipment\\\/\",\"url\":\"https:\\\/\\\/prosupplements.nl\\\/fr\\\/shipment\\\/\",\"name\":\"Shipment Prosupplements\",\"isPartOf\":{\"@id\":\"https:\\\/\\\/prosupplements.nl\\\/fr\\\/#website\"},\"datePublished\":\"2020-03-25T11:01:00+00:00\",\"dateModified\":\"2023-07-14T22:22:13+00:00\",\"description\":\"Prosupplements is a specialist in the field of high-quality nutritional supplements and official distributor of Biocidin.\",\"breadcrumb\":{\"@id\":\"https:\\\/\\\/prosupplements.nl\\\/fr\\\/shipment\\\/#breadcrumb\"},\"inLanguage\":\"fr-FR\",\"potentialAction\":[{\"@type\":\"ReadAction\",\"target\":[\"https:\\\/\\\/prosupplements.nl\\\/fr\\\/shipment\\\/\"]}]},{\"@type\":\"BreadcrumbList\",\"@id\":\"https:\\\/\\\/prosupplements.nl\\\/fr\\\/shipment\\\/#breadcrumb\",\"itemListElement\":[{\"@type\":\"ListItem\",\"position\":1,\"name\":\"Accueil\",\"item\":\"https:\\\/\\\/prosupplements.nl\\\/fr\\\/\"},{\"@type\":\"ListItem\",\"position\":2,\"name\":\"Exp\u00e9dition\"}]},{\"@type\":\"WebSite\",\"@id\":\"https:\\\/\\\/prosupplements.nl\\\/fr\\\/#website\",\"url\":\"https:\\\/\\\/prosupplements.nl\\\/fr\\\/\",\"name\":\"Prosupplements\",\"description\":\"\",\"potentialAction\":[{\"@type\":\"SearchAction\",\"target\":{\"@type\":\"EntryPoint\",\"urlTemplate\":\"https:\\\/\\\/prosupplements.nl\\\/fr\\\/?s={search_term_string}\"},\"query-input\":{\"@type\":\"PropertyValueSpecification\",\"valueRequired\":true,\"valueName\":\"search_term_string\"}}],\"inLanguage\":\"fr-FR\"}]}<\/script>\n<!-- \/ Yoast SEO plugin. -->","yoast_head_json":{"title":"Shipment Prosupplements","description":"Prosupplements is a specialist in the field of high-quality nutritional supplements and official distributor of Biocidin.","robots":{"index":"index","follow":"follow","max-snippet":"max-snippet:-1","max-image-preview":"max-image-preview:large","max-video-preview":"max-video-preview:-1"},"canonical":"https:\/\/prosupplements.nl\/fr\/shipment\/","og_locale":"fr_FR","og_type":"article","og_title":"Shipment Prosupplements","og_description":"Prosupplements is a specialist in the field of high-quality nutritional supplements and official distributor of Biocidin.","og_url":"https:\/\/prosupplements.nl\/fr\/shipment\/","og_site_name":"Prosupplements","article_modified_time":"2023-07-14T22:22:13+00:00","twitter_card":"summary_large_image","twitter_misc":{"Dur\u00e9e de lecture estim\u00e9e":"2 minutes"},"schema":{"@context":"https:\/\/schema.org","@graph":[{"@type":"WebPage","@id":"https:\/\/prosupplements.nl\/fr\/shipment\/","url":"https:\/\/prosupplements.nl\/fr\/shipment\/","name":"Shipment Prosupplements","isPartOf":{"@id":"https:\/\/prosupplements.nl\/fr\/#website"},"datePublished":"2020-03-25T11:01:00+00:00","dateModified":"2023-07-14T22:22:13+00:00","description":"Prosupplements is a specialist in the field of high-quality nutritional supplements and official distributor of Biocidin.","breadcrumb":{"@id":"https:\/\/prosupplements.nl\/fr\/shipment\/#breadcrumb"},"inLanguage":"fr-FR","potentialAction":[{"@type":"ReadAction","target":["https:\/\/prosupplements.nl\/fr\/shipment\/"]}]},{"@type":"BreadcrumbList","@id":"https:\/\/prosupplements.nl\/fr\/shipment\/#breadcrumb","itemListElement":[{"@type":"ListItem","position":1,"name":"Accueil","item":"https:\/\/prosupplements.nl\/fr\/"},{"@type":"ListItem","position":2,"name":"Exp\u00e9dition"}]},{"@type":"WebSite","@id":"https:\/\/prosupplements.nl\/fr\/#website","url":"https:\/\/prosupplements.nl\/fr\/","name":"Prosupplements","description":"","potentialAction":[{"@type":"SearchAction","target":{"@type":"EntryPoint","urlTemplate":"https:\/\/prosupplements.nl\/fr\/?s={search_term_string}"},"query-input":{"@type":"PropertyValueSpecification","valueRequired":true,"valueName":"search_term_string"}}],"inLanguage":"fr-FR"}]}},"_links":{"self":[{"href":"https:\/\/prosupplements.nl\/fr\/wp-json\/wp\/v2\/pages\/1691","targetHints":{"allow":["GET"]}}],"collection":[{"href":"https:\/\/prosupplements.nl\/fr\/wp-json\/wp\/v2\/pages"}],"about":[{"href":"https:\/\/prosupplements.nl\/fr\/wp-json\/wp\/v2\/types\/page"}],"author":[{"embeddable":true,"href":"https:\/\/prosupplements.nl\/fr\/wp-json\/wp\/v2\/users\/1"}],"replies":[{"embeddable":true,"href":"https:\/\/prosupplements.nl\/fr\/wp-json\/wp\/v2\/comments?post=1691"}],"version-history":[{"count":6,"href":"https:\/\/prosupplements.nl\/fr\/wp-json\/wp\/v2\/pages\/1691\/revisions"}],"predecessor-version":[{"id":9639,"href":"https:\/\/prosupplements.nl\/fr\/wp-json\/wp\/v2\/pages\/1691\/revisions\/9639"}],"wp:attachment":[{"href":"https:\/\/prosupplements.nl\/fr\/wp-json\/wp\/v2\/media?parent=1691"}],"curies":[{"name":"wp","href":"https:\/\/api.w.org\/{rel}","templated":true}]}}