{"id":1692,"date":"2020-03-25T10:57:46","date_gmt":"2020-03-25T10:57:46","guid":{"rendered":"https:\/\/prosupplements.nl\/betalen-van-uw-bestelling\/"},"modified":"2023-07-14T21:05:12","modified_gmt":"2023-07-14T21:05:12","slug":"betalen-van-uw-bestelling","status":"publish","type":"page","link":"https:\/\/prosupplements.nl\/fr\/betalen-van-uw-bestelling\/","title":{"rendered":"Paiement de votre commande"},"content":{"rendered":"<p>Vous pouvez payer votre commande chez Prosupplements en utilisant l&rsquo;une des m\u00e9thodes de paiement suivantes.<\/p>\n<h2>iDeal<\/h2>\n<p>Vous pouvez utiliser iDEAL si vous effectuez des op\u00e9rations bancaires en ligne aupr\u00e8s d&rsquo;ABN AMRO, ASN Bank, Friesland Bank, ING, Knab, Rabobank, RegioBank, SNS Bank, Triodos Bank et Van Lanschot Bankiers. C&rsquo;est le moyen de paiement le plus rapide et le plus simple. De plus, le paiement par iDEAL chez Prosupplements est enti\u00e8rement gratuit.<\/p>\n<p>Comment cela fonctionne-t-il? Au cours du processus de commande, choisissez iDEAL. Une fois la commande confirm\u00e9e, choisissez votre banque. Vous serez alors redirig\u00e9 vers votre banque. Remplissez les donn\u00e9es comme vous le feriez en vous connectant \u00e0 votre banque. Confirmez ensuite le paiement et votre commande sera automatiquement d\u00e9bit\u00e9e de votre compte bancaire.<\/p>\n<h2>Bancontact\/Mister Cash<\/h2>\n<p>Sp\u00e9cialement pour nos clients belges ou les visiteurs disposant d&rsquo;un num\u00e9ro de compte bancaire belge, il est \u00e9galement possible de payer par Bancontact. Le fonctionnement est pratiquement identique \u00e0 celui du paiement par iDeal et Prosupplements ne facture aucun frais suppl\u00e9mentaire pour ce mode de paiement.<br \/>\nPour les clients et visiteurs allemands, il est possible de payer via SOFORT Banking. Ce mode de paiement est \u00e9galement gratuit.<\/p>\n<h2>Virement<\/h2>\n<p>Vous pouvez \u00e9galement choisir de payer plus tard par virement bancaire. Si vous choisissez ce mode de paiement pendant le processus de commande, vous pouvez terminer la commande sans devoir payer imm\u00e9diatement. Une fois la commande termin\u00e9e, une nouvelle page s&rsquo;ouvre avec les informations relatives au paiement. Vous pouvez alors effectuer le paiement directement ou vous faire envoyer les informations \u00e0 l&rsquo;adresse e-mail de votre choix. Vous disposez d&rsquo;un d\u00e9lai maximum de 2 semaines pour effectuer le paiement.<\/p>\n<p>Veuillez noter que Prosupplements n&rsquo;exp\u00e9diera pas votre commande avant d&rsquo;avoir re\u00e7u le montant total de la facture. Comme nous faisons appel \u00e0 un interm\u00e9diaire qui collecte nos paiements pour nous (Mollie B.V.), il se peut que votre paiement prenne quelques jours avant de nous parvenir. Si vous avez besoin d&rsquo;une commande rapidement, nous vous recommandons de payer avec iDeal.<\/p>\n","protected":false},"excerpt":{"rendered":"Vous pouvez payer votre commande chez Prosupplements en utilisant l&rsquo;une des m\u00e9thodes de paiement suivantes. iDeal Vous pouvez utiliser iDEAL si vous effectuez des op\u00e9rations bancaires en ligne aupr\u00e8s d&rsquo;ABN AMRO, ASN Bank, Friesland Bank, ING, Knab, Rabobank, RegioBank, SNS Bank, Triodos Bank et Van Lanschot Bankiers. C&rsquo;est le moyen de paiement le plus rapide\u2026","protected":false},"author":1,"featured_media":0,"parent":0,"menu_order":0,"comment_status":"closed","ping_status":"closed","template":"","meta":{"_acf_changed":false,"footnotes":""},"class_list":["post-1692","page","type-page","status-publish","hentry"],"acf":[],"yoast_head":"<!-- This site is optimized with the Yoast SEO plugin v27.3 - https:\/\/yoast.com\/product\/yoast-seo-wordpress\/ -->\n<title>Payment Prosupplements<\/title>\n<meta name=\"description\" content=\"Prosupplements is a specialist in the field of high-quality nutritional supplements and official distributor of Biocidin.\" \/>\n<meta name=\"robots\" content=\"index, follow, max-snippet:-1, max-image-preview:large, max-video-preview:-1\" \/>\n<link rel=\"canonical\" href=\"https:\/\/prosupplements.nl\/fr\/betalen-van-uw-bestelling\/\" \/>\n<meta property=\"og:locale\" content=\"fr_FR\" \/>\n<meta property=\"og:type\" content=\"article\" \/>\n<meta property=\"og:title\" content=\"Payment Prosupplements\" \/>\n<meta property=\"og:description\" content=\"Prosupplements is a specialist in the field of high-quality nutritional supplements and official distributor of Biocidin.\" \/>\n<meta property=\"og:url\" content=\"https:\/\/prosupplements.nl\/fr\/betalen-van-uw-bestelling\/\" \/>\n<meta property=\"og:site_name\" content=\"Prosupplements\" \/>\n<meta property=\"article:modified_time\" content=\"2023-07-14T21:05:12+00:00\" \/>\n<meta name=\"twitter:card\" content=\"summary_large_image\" \/>\n<meta name=\"twitter:label1\" content=\"Dur\u00e9e de lecture estim\u00e9e\" \/>\n\t<meta name=\"twitter:data1\" content=\"2 minutes\" \/>\n<script type=\"application\/ld+json\" class=\"yoast-schema-graph\">{\"@context\":\"https:\\\/\\\/schema.org\",\"@graph\":[{\"@type\":\"WebPage\",\"@id\":\"https:\\\/\\\/prosupplements.nl\\\/fr\\\/betalen-van-uw-bestelling\\\/\",\"url\":\"https:\\\/\\\/prosupplements.nl\\\/fr\\\/betalen-van-uw-bestelling\\\/\",\"name\":\"Payment Prosupplements\",\"isPartOf\":{\"@id\":\"https:\\\/\\\/prosupplements.nl\\\/fr\\\/#website\"},\"datePublished\":\"2020-03-25T10:57:46+00:00\",\"dateModified\":\"2023-07-14T21:05:12+00:00\",\"description\":\"Prosupplements is a specialist in the field of high-quality nutritional supplements and official distributor of Biocidin.\",\"breadcrumb\":{\"@id\":\"https:\\\/\\\/prosupplements.nl\\\/fr\\\/betalen-van-uw-bestelling\\\/#breadcrumb\"},\"inLanguage\":\"fr-FR\",\"potentialAction\":[{\"@type\":\"ReadAction\",\"target\":[\"https:\\\/\\\/prosupplements.nl\\\/fr\\\/betalen-van-uw-bestelling\\\/\"]}]},{\"@type\":\"BreadcrumbList\",\"@id\":\"https:\\\/\\\/prosupplements.nl\\\/fr\\\/betalen-van-uw-bestelling\\\/#breadcrumb\",\"itemListElement\":[{\"@type\":\"ListItem\",\"position\":1,\"name\":\"Accueil\",\"item\":\"https:\\\/\\\/prosupplements.nl\\\/fr\\\/\"},{\"@type\":\"ListItem\",\"position\":2,\"name\":\"Paiement de votre commande\"}]},{\"@type\":\"WebSite\",\"@id\":\"https:\\\/\\\/prosupplements.nl\\\/fr\\\/#website\",\"url\":\"https:\\\/\\\/prosupplements.nl\\\/fr\\\/\",\"name\":\"Prosupplements\",\"description\":\"\",\"potentialAction\":[{\"@type\":\"SearchAction\",\"target\":{\"@type\":\"EntryPoint\",\"urlTemplate\":\"https:\\\/\\\/prosupplements.nl\\\/fr\\\/?s={search_term_string}\"},\"query-input\":{\"@type\":\"PropertyValueSpecification\",\"valueRequired\":true,\"valueName\":\"search_term_string\"}}],\"inLanguage\":\"fr-FR\"}]}<\/script>\n<!-- \/ Yoast SEO plugin. -->","yoast_head_json":{"title":"Payment Prosupplements","description":"Prosupplements is a specialist in the field of high-quality nutritional supplements and official distributor of Biocidin.","robots":{"index":"index","follow":"follow","max-snippet":"max-snippet:-1","max-image-preview":"max-image-preview:large","max-video-preview":"max-video-preview:-1"},"canonical":"https:\/\/prosupplements.nl\/fr\/betalen-van-uw-bestelling\/","og_locale":"fr_FR","og_type":"article","og_title":"Payment Prosupplements","og_description":"Prosupplements is a specialist in the field of high-quality nutritional supplements and official distributor of Biocidin.","og_url":"https:\/\/prosupplements.nl\/fr\/betalen-van-uw-bestelling\/","og_site_name":"Prosupplements","article_modified_time":"2023-07-14T21:05:12+00:00","twitter_card":"summary_large_image","twitter_misc":{"Dur\u00e9e de lecture estim\u00e9e":"2 minutes"},"schema":{"@context":"https:\/\/schema.org","@graph":[{"@type":"WebPage","@id":"https:\/\/prosupplements.nl\/fr\/betalen-van-uw-bestelling\/","url":"https:\/\/prosupplements.nl\/fr\/betalen-van-uw-bestelling\/","name":"Payment Prosupplements","isPartOf":{"@id":"https:\/\/prosupplements.nl\/fr\/#website"},"datePublished":"2020-03-25T10:57:46+00:00","dateModified":"2023-07-14T21:05:12+00:00","description":"Prosupplements is a specialist in the field of high-quality nutritional supplements and official distributor of Biocidin.","breadcrumb":{"@id":"https:\/\/prosupplements.nl\/fr\/betalen-van-uw-bestelling\/#breadcrumb"},"inLanguage":"fr-FR","potentialAction":[{"@type":"ReadAction","target":["https:\/\/prosupplements.nl\/fr\/betalen-van-uw-bestelling\/"]}]},{"@type":"BreadcrumbList","@id":"https:\/\/prosupplements.nl\/fr\/betalen-van-uw-bestelling\/#breadcrumb","itemListElement":[{"@type":"ListItem","position":1,"name":"Accueil","item":"https:\/\/prosupplements.nl\/fr\/"},{"@type":"ListItem","position":2,"name":"Paiement de votre commande"}]},{"@type":"WebSite","@id":"https:\/\/prosupplements.nl\/fr\/#website","url":"https:\/\/prosupplements.nl\/fr\/","name":"Prosupplements","description":"","potentialAction":[{"@type":"SearchAction","target":{"@type":"EntryPoint","urlTemplate":"https:\/\/prosupplements.nl\/fr\/?s={search_term_string}"},"query-input":{"@type":"PropertyValueSpecification","valueRequired":true,"valueName":"search_term_string"}}],"inLanguage":"fr-FR"}]}},"_links":{"self":[{"href":"https:\/\/prosupplements.nl\/fr\/wp-json\/wp\/v2\/pages\/1692","targetHints":{"allow":["GET"]}}],"collection":[{"href":"https:\/\/prosupplements.nl\/fr\/wp-json\/wp\/v2\/pages"}],"about":[{"href":"https:\/\/prosupplements.nl\/fr\/wp-json\/wp\/v2\/types\/page"}],"author":[{"embeddable":true,"href":"https:\/\/prosupplements.nl\/fr\/wp-json\/wp\/v2\/users\/1"}],"replies":[{"embeddable":true,"href":"https:\/\/prosupplements.nl\/fr\/wp-json\/wp\/v2\/comments?post=1692"}],"version-history":[{"count":2,"href":"https:\/\/prosupplements.nl\/fr\/wp-json\/wp\/v2\/pages\/1692\/revisions"}],"predecessor-version":[{"id":9623,"href":"https:\/\/prosupplements.nl\/fr\/wp-json\/wp\/v2\/pages\/1692\/revisions\/9623"}],"wp:attachment":[{"href":"https:\/\/prosupplements.nl\/fr\/wp-json\/wp\/v2\/media?parent=1692"}],"curies":[{"name":"wp","href":"https:\/\/api.w.org\/{rel}","templated":true}]}}