{"id":1693,"date":"2020-03-25T10:49:37","date_gmt":"2020-03-25T10:49:37","guid":{"rendered":"https:\/\/prosupplements.nl\/een-bestelling-plaatsen-bij-prosupplements\/"},"modified":"2023-07-16T10:47:12","modified_gmt":"2023-07-16T10:47:12","slug":"een-bestelling-plaatsen-bij-prosupplements","status":"publish","type":"page","link":"https:\/\/prosupplements.nl\/fr\/ordering\/","title":{"rendered":"Passer une commande aupr\u00e8s de Prosupplements"},"content":{"rendered":"<p>Il est tr\u00e8s facile de passer une commande aupr\u00e8s de Prosupplements. Toutes les \u00e9tapes du processus de commande sont d\u00e9crites ci-dessous.<\/p>\n<p>Vous pouvez cr\u00e9er un compte chez Prosupplements ou passer une commande en tant qu&rsquo;invit\u00e9, sans compte.<\/p>\n<p>Dans les \u00e9tapes 1 \u00e0 6, vous pouvez encore modifier votre commande et rien n&rsquo;est encore d\u00e9finitif. Ce n&rsquo;est qu&rsquo;apr\u00e8s avoir accept\u00e9 les conditions g\u00e9n\u00e9rales \u00e0 l&rsquo;\u00e9tape 8 et cliqu\u00e9 sur \u00ab\u00a0confirmer\u00a0\u00bb que votre commande est d\u00e9finitive.<\/p>\n<p><strong>\u00c9tape 1<\/strong> Cliquez sur \u00ab\u00a0Ajouter au panier\u00a0\u00bb \u00e0 c\u00f4t\u00e9 de l&rsquo;article souhait\u00e9.<br \/>\nVous pouvez indiquer la quantit\u00e9 d&rsquo;exemplaires dans le panier.<\/p>\n<p><strong>\u00c9tape 2<\/strong> Cliquez sur \u00ab\u00a0Proc\u00e9der au paiement\u00a0\u00bb pour poursuivre votre commande ou sur \u00ab\u00a0Poursuivre les achats\u00a0\u00bb.<\/p>\n<p><strong>\u00c9tape 3<\/strong> Introduisez vos coordonn\u00e9es de client.<\/p>\n<p><strong>\u00c9tape 4<\/strong> Choisissez votre mode d&rsquo;exp\u00e9dition.<\/p>\n<p><strong>\u00c9tape 5<\/strong> Choisissez votre mode de paiement.<\/p>\n<p><strong>\u00c9tape 6<\/strong> V\u00e9rifiez votre commande et, si vous en avez une, entrez un code de r\u00e9duction.<\/p>\n<p><strong>\u00c9tape 7<\/strong> Acceptez les conditions g\u00e9n\u00e9rales.<\/p>\n<p><strong>\u00c9tape 8<\/strong> Cliquez sur \u00ab\u00a0Passer la commande\u00a0\u00bb pour terminer la commande.<\/p>\n<p>Vous serez alors dirig\u00e9 vers un environnement s\u00e9curis\u00e9 pour effectuer le paiement. Une fois le paiement effectu\u00e9, une page de remerciement s&rsquo;affiche.<\/p>\n<h3>Commander sans compte<\/h3>\n<p>Vous n&rsquo;\u00eates pas oblig\u00e9 de cr\u00e9er un compte. Vous pouvez \u00e9galement acheter chez Prosupplements sans compte. Toutefois, la cr\u00e9ation d&rsquo;un compte personnel vous offre un certain nombre d&rsquo;avantages. Par exemple, vous pouvez enregistrer plusieurs adresses de livraison, suivre l&rsquo;\u00e9tat de votre commande, retourner un produit plus facilement et passer rapidement une autre commande. Vous avez le choix. Vous pouvez <a href=\"https:\/\/prosupplements.nl\/fr\/my-account\/\">cr\u00e9er votre compte ici<\/a>.<\/p>\n<h3>Suivre l&rsquo;\u00e9tat de votre commande<\/h3>\n<p>Pour suivre l&rsquo;\u00e9tat de votre commande, vous devez avoir un compte chez Prosupplements. Vous pouvez ensuite consulter l&rsquo;\u00e9tat de votre commande \u00e0 tout moment dans &lsquo;Mes commandes&rsquo;. Pour ce faire, il vous suffit de vous connecter et de cliquer sur une commande.<\/p>\n<p>Prosupplements vous informera \u00e9galement par e-mail si l&rsquo;\u00e9tat de votre commande change. Par exemple, si votre commande est exp\u00e9di\u00e9e, vous recevrez un e-mail \u00e0 ce sujet. Vous recevrez ces mises \u00e0 jour m\u00eame si vous n&rsquo;avez pas de compte chez nous.<\/p>\n","protected":false},"excerpt":{"rendered":"Il est tr\u00e8s facile de passer une commande aupr\u00e8s de Prosupplements. Toutes les \u00e9tapes du processus de commande sont d\u00e9crites ci-dessous. Vous pouvez cr\u00e9er un compte chez Prosupplements ou passer une commande en tant qu&rsquo;invit\u00e9, sans compte. Dans les \u00e9tapes 1 \u00e0 6, vous pouvez encore modifier votre commande et rien n&rsquo;est encore d\u00e9finitif. Ce\u2026","protected":false},"author":1,"featured_media":0,"parent":0,"menu_order":0,"comment_status":"closed","ping_status":"closed","template":"template-sidebar.php","meta":{"_acf_changed":false,"footnotes":""},"class_list":["post-1693","page","type-page","status-publish","hentry"],"acf":[],"yoast_head":"<!-- This site is optimized with the Yoast SEO plugin v27.3 - https:\/\/yoast.com\/product\/yoast-seo-wordpress\/ -->\n<title>Ordering Prosupplements<\/title>\n<meta name=\"description\" content=\"Prosupplements is a specialist in the field of high-quality nutritional supplements and official distributor of Biocidin.\" \/>\n<meta name=\"robots\" content=\"index, follow, max-snippet:-1, max-image-preview:large, max-video-preview:-1\" \/>\n<link rel=\"canonical\" href=\"https:\/\/prosupplements.nl\/fr\/ordering\/\" \/>\n<meta property=\"og:locale\" content=\"fr_FR\" \/>\n<meta property=\"og:type\" content=\"article\" \/>\n<meta property=\"og:title\" content=\"Ordering Prosupplements\" \/>\n<meta property=\"og:description\" content=\"Prosupplements is a specialist in the field of high-quality nutritional supplements and official distributor of Biocidin.\" \/>\n<meta property=\"og:url\" content=\"https:\/\/prosupplements.nl\/fr\/ordering\/\" \/>\n<meta property=\"og:site_name\" content=\"Prosupplements\" \/>\n<meta property=\"article:modified_time\" content=\"2023-07-16T10:47:12+00:00\" \/>\n<meta name=\"twitter:card\" content=\"summary_large_image\" \/>\n<meta name=\"twitter:label1\" content=\"Dur\u00e9e de lecture estim\u00e9e\" \/>\n\t<meta name=\"twitter:data1\" content=\"2 minutes\" \/>\n<script type=\"application\/ld+json\" class=\"yoast-schema-graph\">{\"@context\":\"https:\\\/\\\/schema.org\",\"@graph\":[{\"@type\":\"WebPage\",\"@id\":\"https:\\\/\\\/prosupplements.nl\\\/fr\\\/ordering\\\/\",\"url\":\"https:\\\/\\\/prosupplements.nl\\\/fr\\\/ordering\\\/\",\"name\":\"Ordering Prosupplements\",\"isPartOf\":{\"@id\":\"https:\\\/\\\/prosupplements.nl\\\/fr\\\/#website\"},\"datePublished\":\"2020-03-25T10:49:37+00:00\",\"dateModified\":\"2023-07-16T10:47:12+00:00\",\"description\":\"Prosupplements is a specialist in the field of high-quality nutritional supplements and official distributor of Biocidin.\",\"breadcrumb\":{\"@id\":\"https:\\\/\\\/prosupplements.nl\\\/fr\\\/ordering\\\/#breadcrumb\"},\"inLanguage\":\"fr-FR\",\"potentialAction\":[{\"@type\":\"ReadAction\",\"target\":[\"https:\\\/\\\/prosupplements.nl\\\/fr\\\/ordering\\\/\"]}]},{\"@type\":\"BreadcrumbList\",\"@id\":\"https:\\\/\\\/prosupplements.nl\\\/fr\\\/ordering\\\/#breadcrumb\",\"itemListElement\":[{\"@type\":\"ListItem\",\"position\":1,\"name\":\"Accueil\",\"item\":\"https:\\\/\\\/prosupplements.nl\\\/fr\\\/\"},{\"@type\":\"ListItem\",\"position\":2,\"name\":\"Passer une commande aupr\u00e8s de Prosupplements\"}]},{\"@type\":\"WebSite\",\"@id\":\"https:\\\/\\\/prosupplements.nl\\\/fr\\\/#website\",\"url\":\"https:\\\/\\\/prosupplements.nl\\\/fr\\\/\",\"name\":\"Prosupplements\",\"description\":\"\",\"potentialAction\":[{\"@type\":\"SearchAction\",\"target\":{\"@type\":\"EntryPoint\",\"urlTemplate\":\"https:\\\/\\\/prosupplements.nl\\\/fr\\\/?s={search_term_string}\"},\"query-input\":{\"@type\":\"PropertyValueSpecification\",\"valueRequired\":true,\"valueName\":\"search_term_string\"}}],\"inLanguage\":\"fr-FR\"}]}<\/script>\n<!-- \/ Yoast SEO plugin. -->","yoast_head_json":{"title":"Ordering Prosupplements","description":"Prosupplements is a specialist in the field of high-quality nutritional supplements and official distributor of Biocidin.","robots":{"index":"index","follow":"follow","max-snippet":"max-snippet:-1","max-image-preview":"max-image-preview:large","max-video-preview":"max-video-preview:-1"},"canonical":"https:\/\/prosupplements.nl\/fr\/ordering\/","og_locale":"fr_FR","og_type":"article","og_title":"Ordering Prosupplements","og_description":"Prosupplements is a specialist in the field of high-quality nutritional supplements and official distributor of Biocidin.","og_url":"https:\/\/prosupplements.nl\/fr\/ordering\/","og_site_name":"Prosupplements","article_modified_time":"2023-07-16T10:47:12+00:00","twitter_card":"summary_large_image","twitter_misc":{"Dur\u00e9e de lecture estim\u00e9e":"2 minutes"},"schema":{"@context":"https:\/\/schema.org","@graph":[{"@type":"WebPage","@id":"https:\/\/prosupplements.nl\/fr\/ordering\/","url":"https:\/\/prosupplements.nl\/fr\/ordering\/","name":"Ordering Prosupplements","isPartOf":{"@id":"https:\/\/prosupplements.nl\/fr\/#website"},"datePublished":"2020-03-25T10:49:37+00:00","dateModified":"2023-07-16T10:47:12+00:00","description":"Prosupplements is a specialist in the field of high-quality nutritional supplements and official distributor of Biocidin.","breadcrumb":{"@id":"https:\/\/prosupplements.nl\/fr\/ordering\/#breadcrumb"},"inLanguage":"fr-FR","potentialAction":[{"@type":"ReadAction","target":["https:\/\/prosupplements.nl\/fr\/ordering\/"]}]},{"@type":"BreadcrumbList","@id":"https:\/\/prosupplements.nl\/fr\/ordering\/#breadcrumb","itemListElement":[{"@type":"ListItem","position":1,"name":"Accueil","item":"https:\/\/prosupplements.nl\/fr\/"},{"@type":"ListItem","position":2,"name":"Passer une commande aupr\u00e8s de Prosupplements"}]},{"@type":"WebSite","@id":"https:\/\/prosupplements.nl\/fr\/#website","url":"https:\/\/prosupplements.nl\/fr\/","name":"Prosupplements","description":"","potentialAction":[{"@type":"SearchAction","target":{"@type":"EntryPoint","urlTemplate":"https:\/\/prosupplements.nl\/fr\/?s={search_term_string}"},"query-input":{"@type":"PropertyValueSpecification","valueRequired":true,"valueName":"search_term_string"}}],"inLanguage":"fr-FR"}]}},"_links":{"self":[{"href":"https:\/\/prosupplements.nl\/fr\/wp-json\/wp\/v2\/pages\/1693","targetHints":{"allow":["GET"]}}],"collection":[{"href":"https:\/\/prosupplements.nl\/fr\/wp-json\/wp\/v2\/pages"}],"about":[{"href":"https:\/\/prosupplements.nl\/fr\/wp-json\/wp\/v2\/types\/page"}],"author":[{"embeddable":true,"href":"https:\/\/prosupplements.nl\/fr\/wp-json\/wp\/v2\/users\/1"}],"replies":[{"embeddable":true,"href":"https:\/\/prosupplements.nl\/fr\/wp-json\/wp\/v2\/comments?post=1693"}],"version-history":[{"count":3,"href":"https:\/\/prosupplements.nl\/fr\/wp-json\/wp\/v2\/pages\/1693\/revisions"}],"predecessor-version":[{"id":9657,"href":"https:\/\/prosupplements.nl\/fr\/wp-json\/wp\/v2\/pages\/1693\/revisions\/9657"}],"wp:attachment":[{"href":"https:\/\/prosupplements.nl\/fr\/wp-json\/wp\/v2\/media?parent=1693"}],"curies":[{"name":"wp","href":"https:\/\/api.w.org\/{rel}","templated":true}]}}