{"id":1695,"date":"2020-03-25T10:30:14","date_gmt":"2020-03-25T10:30:14","guid":{"rendered":"https:\/\/prosupplements.nl\/cookies\/"},"modified":"2023-07-16T10:29:47","modified_gmt":"2023-07-16T10:29:47","slug":"cookies","status":"publish","type":"page","link":"https:\/\/prosupplements.nl\/fr\/cookies\/","title":{"rendered":"Cookies"},"content":{"rendered":"<p class=\"p1\">Pour que nous puissions vous fournir le meilleur service possible et que notre boutique fonctionne le mieux possible, nous utilisons des cookies.<\/p>\n<h3 class=\"p1\">Qu&rsquo;est-ce qu&rsquo;un cookie?<\/h3>\n<p class=\"p1\">Les cookies collectent les informations n\u00e9cessaires au bon fonctionnement d&rsquo;un site web. Les cookies de Prosupplements.nl sont s\u00e9curis\u00e9s. Ils ne peuvent pas collecter d&rsquo;informations personnelles et sont sans danger pour votre PC, votre ordinateur portable, votre t\u00e9l\u00e9phone ou votre tablette.<\/p>\n<h3 class=\"p1\">Quels sont les cookies?<\/h3>\n<p class=\"p1\">Les cookies garantissent que:<\/p>\n<ul>\n<li class=\"p1\">vous restez connect\u00e9 et pouvez faire vos achats sans \u00eatre d\u00e9rang\u00e9<\/li>\n<li class=\"p1\">de conserver les articles dans votre panier d&rsquo;achat<\/li>\n<li class=\"p1\">vous faites vos achats en toute s\u00e9curit\u00e9<\/li>\n<li class=\"p1\">vous puissiez lire et \u00e9crire des commentaires et regarder des vid\u00e9os<\/li>\n<li class=\"p1\">le site web est rapide<\/li>\n<li class=\"p1\">les erreurs et les inconv\u00e9nients du site web sont d\u00e9tect\u00e9s<\/li>\n<li class=\"p1\">des am\u00e9liorations peuvent \u00eatre test\u00e9es<\/li>\n<li class=\"p1\">des conseils personnalis\u00e9s sont possibles sur la base des articles achet\u00e9s et\/ou consult\u00e9s pr\u00e9c\u00e9demment<\/li>\n<li class=\"p1\">vous permettre de partager des produits via des m\u00e9dias sociaux tels que Facebook et Google.<\/li>\n<\/ul>\n<h3 class=\"p1\">Combien de temps les cookies restent-ils en place?<\/h3>\n<p class=\"p1\">La plupart des cookies disparaissent rapidement, certains m\u00eame imm\u00e9diatement apr\u00e8s la fermeture du navigateur. D&rsquo;autres cookies restent en place de quelques jours \u00e0 quelques ann\u00e9es. Vous pouvez les supprimer vous-m\u00eame \u00e0 tout moment par votre navigateur.<\/p>\n","protected":false},"excerpt":{"rendered":"Pour que nous puissions vous fournir le meilleur service possible et que notre boutique fonctionne le mieux possible, nous utilisons des cookies. Qu&rsquo;est-ce qu&rsquo;un cookie? Les cookies collectent les informations n\u00e9cessaires au bon fonctionnement d&rsquo;un site web. Les cookies de Prosupplements.nl sont s\u00e9curis\u00e9s. Ils ne peuvent pas collecter d&rsquo;informations personnelles et sont sans danger pour\u2026","protected":false},"author":1,"featured_media":0,"parent":0,"menu_order":0,"comment_status":"closed","ping_status":"closed","template":"template-sidebar.php","meta":{"_acf_changed":false,"footnotes":""},"class_list":["post-1695","page","type-page","status-publish","hentry"],"acf":[],"yoast_head":"<!-- This site is optimized with the Yoast SEO plugin v27.3 - https:\/\/yoast.com\/product\/yoast-seo-wordpress\/ -->\n<title>Cookies English Prosupplements<\/title>\n<meta name=\"description\" content=\"Prosupplements is a specialist in the field of high-quality nutritional supplements and official distributor of Biocidin.\" \/>\n<meta name=\"robots\" content=\"index, follow, max-snippet:-1, max-image-preview:large, max-video-preview:-1\" \/>\n<link rel=\"canonical\" href=\"https:\/\/prosupplements.nl\/fr\/cookies\/\" \/>\n<meta property=\"og:locale\" content=\"fr_FR\" \/>\n<meta property=\"og:type\" content=\"article\" \/>\n<meta property=\"og:title\" content=\"Cookies English Prosupplements\" \/>\n<meta property=\"og:description\" content=\"Prosupplements is a specialist in the field of high-quality nutritional supplements and official distributor of Biocidin.\" \/>\n<meta property=\"og:url\" content=\"https:\/\/prosupplements.nl\/fr\/cookies\/\" \/>\n<meta property=\"og:site_name\" content=\"Prosupplements\" \/>\n<meta property=\"article:modified_time\" content=\"2023-07-16T10:29:47+00:00\" \/>\n<meta name=\"twitter:card\" content=\"summary_large_image\" \/>\n<meta name=\"twitter:label1\" content=\"Dur\u00e9e de lecture estim\u00e9e\" \/>\n\t<meta name=\"twitter:data1\" content=\"2 minutes\" \/>\n<script type=\"application\/ld+json\" class=\"yoast-schema-graph\">{\"@context\":\"https:\\\/\\\/schema.org\",\"@graph\":[{\"@type\":\"WebPage\",\"@id\":\"https:\\\/\\\/prosupplements.nl\\\/fr\\\/cookies\\\/\",\"url\":\"https:\\\/\\\/prosupplements.nl\\\/fr\\\/cookies\\\/\",\"name\":\"Cookies English Prosupplements\",\"isPartOf\":{\"@id\":\"https:\\\/\\\/prosupplements.nl\\\/fr\\\/#website\"},\"datePublished\":\"2020-03-25T10:30:14+00:00\",\"dateModified\":\"2023-07-16T10:29:47+00:00\",\"description\":\"Prosupplements is a specialist in the field of high-quality nutritional supplements and official distributor of Biocidin.\",\"breadcrumb\":{\"@id\":\"https:\\\/\\\/prosupplements.nl\\\/fr\\\/cookies\\\/#breadcrumb\"},\"inLanguage\":\"fr-FR\",\"potentialAction\":[{\"@type\":\"ReadAction\",\"target\":[\"https:\\\/\\\/prosupplements.nl\\\/fr\\\/cookies\\\/\"]}]},{\"@type\":\"BreadcrumbList\",\"@id\":\"https:\\\/\\\/prosupplements.nl\\\/fr\\\/cookies\\\/#breadcrumb\",\"itemListElement\":[{\"@type\":\"ListItem\",\"position\":1,\"name\":\"Accueil\",\"item\":\"https:\\\/\\\/prosupplements.nl\\\/fr\\\/\"},{\"@type\":\"ListItem\",\"position\":2,\"name\":\"Cookies\"}]},{\"@type\":\"WebSite\",\"@id\":\"https:\\\/\\\/prosupplements.nl\\\/fr\\\/#website\",\"url\":\"https:\\\/\\\/prosupplements.nl\\\/fr\\\/\",\"name\":\"Prosupplements\",\"description\":\"\",\"potentialAction\":[{\"@type\":\"SearchAction\",\"target\":{\"@type\":\"EntryPoint\",\"urlTemplate\":\"https:\\\/\\\/prosupplements.nl\\\/fr\\\/?s={search_term_string}\"},\"query-input\":{\"@type\":\"PropertyValueSpecification\",\"valueRequired\":true,\"valueName\":\"search_term_string\"}}],\"inLanguage\":\"fr-FR\"}]}<\/script>\n<!-- \/ Yoast SEO plugin. -->","yoast_head_json":{"title":"Cookies English Prosupplements","description":"Prosupplements is a specialist in the field of high-quality nutritional supplements and official distributor of Biocidin.","robots":{"index":"index","follow":"follow","max-snippet":"max-snippet:-1","max-image-preview":"max-image-preview:large","max-video-preview":"max-video-preview:-1"},"canonical":"https:\/\/prosupplements.nl\/fr\/cookies\/","og_locale":"fr_FR","og_type":"article","og_title":"Cookies English Prosupplements","og_description":"Prosupplements is a specialist in the field of high-quality nutritional supplements and official distributor of Biocidin.","og_url":"https:\/\/prosupplements.nl\/fr\/cookies\/","og_site_name":"Prosupplements","article_modified_time":"2023-07-16T10:29:47+00:00","twitter_card":"summary_large_image","twitter_misc":{"Dur\u00e9e de lecture estim\u00e9e":"2 minutes"},"schema":{"@context":"https:\/\/schema.org","@graph":[{"@type":"WebPage","@id":"https:\/\/prosupplements.nl\/fr\/cookies\/","url":"https:\/\/prosupplements.nl\/fr\/cookies\/","name":"Cookies English Prosupplements","isPartOf":{"@id":"https:\/\/prosupplements.nl\/fr\/#website"},"datePublished":"2020-03-25T10:30:14+00:00","dateModified":"2023-07-16T10:29:47+00:00","description":"Prosupplements is a specialist in the field of high-quality nutritional supplements and official distributor of Biocidin.","breadcrumb":{"@id":"https:\/\/prosupplements.nl\/fr\/cookies\/#breadcrumb"},"inLanguage":"fr-FR","potentialAction":[{"@type":"ReadAction","target":["https:\/\/prosupplements.nl\/fr\/cookies\/"]}]},{"@type":"BreadcrumbList","@id":"https:\/\/prosupplements.nl\/fr\/cookies\/#breadcrumb","itemListElement":[{"@type":"ListItem","position":1,"name":"Accueil","item":"https:\/\/prosupplements.nl\/fr\/"},{"@type":"ListItem","position":2,"name":"Cookies"}]},{"@type":"WebSite","@id":"https:\/\/prosupplements.nl\/fr\/#website","url":"https:\/\/prosupplements.nl\/fr\/","name":"Prosupplements","description":"","potentialAction":[{"@type":"SearchAction","target":{"@type":"EntryPoint","urlTemplate":"https:\/\/prosupplements.nl\/fr\/?s={search_term_string}"},"query-input":{"@type":"PropertyValueSpecification","valueRequired":true,"valueName":"search_term_string"}}],"inLanguage":"fr-FR"}]}},"_links":{"self":[{"href":"https:\/\/prosupplements.nl\/fr\/wp-json\/wp\/v2\/pages\/1695","targetHints":{"allow":["GET"]}}],"collection":[{"href":"https:\/\/prosupplements.nl\/fr\/wp-json\/wp\/v2\/pages"}],"about":[{"href":"https:\/\/prosupplements.nl\/fr\/wp-json\/wp\/v2\/types\/page"}],"author":[{"embeddable":true,"href":"https:\/\/prosupplements.nl\/fr\/wp-json\/wp\/v2\/users\/1"}],"replies":[{"embeddable":true,"href":"https:\/\/prosupplements.nl\/fr\/wp-json\/wp\/v2\/comments?post=1695"}],"version-history":[{"count":1,"href":"https:\/\/prosupplements.nl\/fr\/wp-json\/wp\/v2\/pages\/1695\/revisions"}],"predecessor-version":[{"id":9652,"href":"https:\/\/prosupplements.nl\/fr\/wp-json\/wp\/v2\/pages\/1695\/revisions\/9652"}],"wp:attachment":[{"href":"https:\/\/prosupplements.nl\/fr\/wp-json\/wp\/v2\/media?parent=1695"}],"curies":[{"name":"wp","href":"https:\/\/api.w.org\/{rel}","templated":true}]}}