{"id":1697,"date":"2020-03-25T09:54:56","date_gmt":"2020-03-25T09:54:56","guid":{"rendered":"https:\/\/prosupplements.nl\/about-prosupplements\/"},"modified":"2023-07-14T17:00:34","modified_gmt":"2023-07-14T17:00:34","slug":"about-prosupplements","status":"publish","type":"page","link":"https:\/\/prosupplements.nl\/fr\/about-prosupplements\/","title":{"rendered":"A propos de Prosupplements"},"content":{"rendered":"<p class=\"p1\">Prosupplements fournit des compl\u00e9ments alimentaires sp\u00e9cialis\u00e9s et <strong>de haute qualit\u00e9<\/strong>. La s\u00e9lection de la gamme est effectu\u00e9e par des professionnels de l&rsquo;orthomol\u00e9culaire et de la phytoth\u00e9rapie, les principaux crit\u00e8res \u00e9tant l&rsquo;efficacit\u00e9 et la puret\u00e9 des produits. Outre la qualit\u00e9 des produits, la satisfaction du client est notre priorit\u00e9!<\/p>\n<p class=\"p1\">Malheureusement, dans le cadre de la l\u00e9gislation europ\u00e9enne sur les all\u00e9gations de sant\u00e9, nous ne sommes pas autoris\u00e9s \u00e0 dire aux consommateurs \u00e0 quoi peuvent servir les produits de Prosupplements. Toutefois, nous sommes autoris\u00e9s \u00e0 vous en parler par t\u00e9l\u00e9phone. Si vous \u00eates int\u00e9ress\u00e9 par l&rsquo;application de ce produit, n&rsquo;h\u00e9sitez pas \u00e0 nous contacter. Nous sommes heureux de vous aider!<\/p>\n","protected":false},"excerpt":{"rendered":"Prosupplements fournit des compl\u00e9ments alimentaires sp\u00e9cialis\u00e9s et de haute qualit\u00e9. La s\u00e9lection de la gamme est effectu\u00e9e par des professionnels de l&rsquo;orthomol\u00e9culaire et de la phytoth\u00e9rapie, les principaux crit\u00e8res \u00e9tant l&rsquo;efficacit\u00e9 et la puret\u00e9 des produits. Outre la qualit\u00e9 des produits, la satisfaction du client est notre priorit\u00e9! Malheureusement, dans le cadre de la l\u00e9gislation\u2026","protected":false},"author":1,"featured_media":0,"parent":0,"menu_order":0,"comment_status":"closed","ping_status":"closed","template":"template-sidebar.php","meta":{"_acf_changed":false,"footnotes":""},"class_list":["post-1697","page","type-page","status-publish","hentry"],"acf":[],"yoast_head":"<!-- This site is optimized with the Yoast SEO plugin v27.3 - https:\/\/yoast.com\/product\/yoast-seo-wordpress\/ -->\n<title>About us Prosupplements<\/title>\n<meta name=\"description\" content=\"Prosupplements is a specialist in the field of high-quality nutritional supplements and official distributor of Biocidin.\" \/>\n<meta name=\"robots\" content=\"index, follow, max-snippet:-1, max-image-preview:large, max-video-preview:-1\" \/>\n<link rel=\"canonical\" href=\"https:\/\/prosupplements.nl\/fr\/about-prosupplements\/\" \/>\n<meta property=\"og:locale\" content=\"fr_FR\" \/>\n<meta property=\"og:type\" content=\"article\" \/>\n<meta property=\"og:title\" content=\"About us Prosupplements\" \/>\n<meta property=\"og:description\" content=\"Prosupplements is a specialist in the field of high-quality nutritional supplements and official distributor of Biocidin.\" \/>\n<meta property=\"og:url\" content=\"https:\/\/prosupplements.nl\/fr\/about-prosupplements\/\" \/>\n<meta property=\"og:site_name\" content=\"Prosupplements\" \/>\n<meta property=\"article:modified_time\" content=\"2023-07-14T17:00:34+00:00\" \/>\n<meta name=\"twitter:card\" content=\"summary_large_image\" \/>\n<meta name=\"twitter:label1\" content=\"Dur\u00e9e de lecture estim\u00e9e\" \/>\n\t<meta name=\"twitter:data1\" content=\"1 minute\" \/>\n<script type=\"application\/ld+json\" class=\"yoast-schema-graph\">{\"@context\":\"https:\\\/\\\/schema.org\",\"@graph\":[{\"@type\":\"WebPage\",\"@id\":\"https:\\\/\\\/prosupplements.nl\\\/fr\\\/about-prosupplements\\\/\",\"url\":\"https:\\\/\\\/prosupplements.nl\\\/fr\\\/about-prosupplements\\\/\",\"name\":\"About us Prosupplements\",\"isPartOf\":{\"@id\":\"https:\\\/\\\/prosupplements.nl\\\/fr\\\/#website\"},\"datePublished\":\"2020-03-25T09:54:56+00:00\",\"dateModified\":\"2023-07-14T17:00:34+00:00\",\"description\":\"Prosupplements is a specialist in the field of high-quality nutritional supplements and official distributor of Biocidin.\",\"breadcrumb\":{\"@id\":\"https:\\\/\\\/prosupplements.nl\\\/fr\\\/about-prosupplements\\\/#breadcrumb\"},\"inLanguage\":\"fr-FR\",\"potentialAction\":[{\"@type\":\"ReadAction\",\"target\":[\"https:\\\/\\\/prosupplements.nl\\\/fr\\\/about-prosupplements\\\/\"]}]},{\"@type\":\"BreadcrumbList\",\"@id\":\"https:\\\/\\\/prosupplements.nl\\\/fr\\\/about-prosupplements\\\/#breadcrumb\",\"itemListElement\":[{\"@type\":\"ListItem\",\"position\":1,\"name\":\"Accueil\",\"item\":\"https:\\\/\\\/prosupplements.nl\\\/fr\\\/\"},{\"@type\":\"ListItem\",\"position\":2,\"name\":\"A propos de Prosupplements\"}]},{\"@type\":\"WebSite\",\"@id\":\"https:\\\/\\\/prosupplements.nl\\\/fr\\\/#website\",\"url\":\"https:\\\/\\\/prosupplements.nl\\\/fr\\\/\",\"name\":\"Prosupplements\",\"description\":\"\",\"potentialAction\":[{\"@type\":\"SearchAction\",\"target\":{\"@type\":\"EntryPoint\",\"urlTemplate\":\"https:\\\/\\\/prosupplements.nl\\\/fr\\\/?s={search_term_string}\"},\"query-input\":{\"@type\":\"PropertyValueSpecification\",\"valueRequired\":true,\"valueName\":\"search_term_string\"}}],\"inLanguage\":\"fr-FR\"}]}<\/script>\n<!-- \/ Yoast SEO plugin. -->","yoast_head_json":{"title":"About us Prosupplements","description":"Prosupplements is a specialist in the field of high-quality nutritional supplements and official distributor of Biocidin.","robots":{"index":"index","follow":"follow","max-snippet":"max-snippet:-1","max-image-preview":"max-image-preview:large","max-video-preview":"max-video-preview:-1"},"canonical":"https:\/\/prosupplements.nl\/fr\/about-prosupplements\/","og_locale":"fr_FR","og_type":"article","og_title":"About us Prosupplements","og_description":"Prosupplements is a specialist in the field of high-quality nutritional supplements and official distributor of Biocidin.","og_url":"https:\/\/prosupplements.nl\/fr\/about-prosupplements\/","og_site_name":"Prosupplements","article_modified_time":"2023-07-14T17:00:34+00:00","twitter_card":"summary_large_image","twitter_misc":{"Dur\u00e9e de lecture estim\u00e9e":"1 minute"},"schema":{"@context":"https:\/\/schema.org","@graph":[{"@type":"WebPage","@id":"https:\/\/prosupplements.nl\/fr\/about-prosupplements\/","url":"https:\/\/prosupplements.nl\/fr\/about-prosupplements\/","name":"About us Prosupplements","isPartOf":{"@id":"https:\/\/prosupplements.nl\/fr\/#website"},"datePublished":"2020-03-25T09:54:56+00:00","dateModified":"2023-07-14T17:00:34+00:00","description":"Prosupplements is a specialist in the field of high-quality nutritional supplements and official distributor of Biocidin.","breadcrumb":{"@id":"https:\/\/prosupplements.nl\/fr\/about-prosupplements\/#breadcrumb"},"inLanguage":"fr-FR","potentialAction":[{"@type":"ReadAction","target":["https:\/\/prosupplements.nl\/fr\/about-prosupplements\/"]}]},{"@type":"BreadcrumbList","@id":"https:\/\/prosupplements.nl\/fr\/about-prosupplements\/#breadcrumb","itemListElement":[{"@type":"ListItem","position":1,"name":"Accueil","item":"https:\/\/prosupplements.nl\/fr\/"},{"@type":"ListItem","position":2,"name":"A propos de Prosupplements"}]},{"@type":"WebSite","@id":"https:\/\/prosupplements.nl\/fr\/#website","url":"https:\/\/prosupplements.nl\/fr\/","name":"Prosupplements","description":"","potentialAction":[{"@type":"SearchAction","target":{"@type":"EntryPoint","urlTemplate":"https:\/\/prosupplements.nl\/fr\/?s={search_term_string}"},"query-input":{"@type":"PropertyValueSpecification","valueRequired":true,"valueName":"search_term_string"}}],"inLanguage":"fr-FR"}]}},"_links":{"self":[{"href":"https:\/\/prosupplements.nl\/fr\/wp-json\/wp\/v2\/pages\/1697","targetHints":{"allow":["GET"]}}],"collection":[{"href":"https:\/\/prosupplements.nl\/fr\/wp-json\/wp\/v2\/pages"}],"about":[{"href":"https:\/\/prosupplements.nl\/fr\/wp-json\/wp\/v2\/types\/page"}],"author":[{"embeddable":true,"href":"https:\/\/prosupplements.nl\/fr\/wp-json\/wp\/v2\/users\/1"}],"replies":[{"embeddable":true,"href":"https:\/\/prosupplements.nl\/fr\/wp-json\/wp\/v2\/comments?post=1697"}],"version-history":[{"count":1,"href":"https:\/\/prosupplements.nl\/fr\/wp-json\/wp\/v2\/pages\/1697\/revisions"}],"predecessor-version":[{"id":9620,"href":"https:\/\/prosupplements.nl\/fr\/wp-json\/wp\/v2\/pages\/1697\/revisions\/9620"}],"wp:attachment":[{"href":"https:\/\/prosupplements.nl\/fr\/wp-json\/wp\/v2\/media?parent=1697"}],"curies":[{"name":"wp","href":"https:\/\/api.w.org\/{rel}","templated":true}]}}