{"id":1773,"date":"2020-04-07T13:03:48","date_gmt":"2020-04-07T13:03:48","guid":{"rendered":"https:\/\/prosupplements.nl\/non%20class\u00e9\/proflora-4-r-30-caps\/"},"modified":"2024-12-10T08:48:47","modified_gmt":"2024-12-10T08:48:47","slug":"proflora-4-r-30-caps","status":"publish","type":"product","link":"https:\/\/prosupplements.nl\/fr\/biocidin-products\/proflora-4-r-30-caps\/","title":{"rendered":"Proflora 4 R 30 caps"},"content":{"rendered":"<p>Proflora 4R combine la querc\u00e9tine, la racine de houx et l&rsquo;extrait d&rsquo;aloe vera avec des endospores, dans une seule capsule.<\/p>\n<h2>Composition de Prosupplements Proflora 4R :<\/h2>\n<p>Chaque capsule contient:<\/p>\n<ul class=\"arrow\">\n<li>Un m\u00e9lange probiotique de 3 milliards de cellules sporul\u00e9es.<\/li>\n<li>Bacillus subtilis, HU58<\/li>\n<li>Bacillus coagulans<\/li>\n<li>Bacillus clausii<\/li>\n<li>Querc\u00e9tine 100 mg<\/li>\n<li>Racine de petit houx (Althea officinalis) 100 mg<\/li>\n<li>Aloe Vera (Aloe barbadensis) extrait 200:1 2 mg<\/li>\n<\/ul>\n<h2>Ingr\u00e9dients de Prosupplements Proflora 4R<\/h2>\n<p>M\u00e9lange de probiotiques, querc\u00e9tine, houx, extrait d&rsquo;aloe vera, cellulose microcristalline, g\u00e9lule v\u00e9g\u00e9tale (cellulose et eau).<\/p>\n<p>Ce produit est exempt de : lait, bl\u00e9, gluten, sucre, soja, conservateurs, produits d&rsquo;origine animale, ar\u00f4mes et colorants artificiels.<\/p>\n<h2>Utilisation de Prosupplements Proflora 4R<\/h2>\n<p>Prendre 1 capsule par jour, sauf avis contraire de votre professionnel de la sant\u00e9. Prendre de pr\u00e9f\u00e9rence pendant les repas. Ne pas d\u00e9passer la dose journali\u00e8re recommand\u00e9e. Atteint l&rsquo;intestin dans 100% des cas, contrairement \u00e0 d&rsquo;autres souches probiotiques.<\/p>\n<p>Malheureusement, en vertu de la nouvelle l\u00e9gislation europ\u00e9enne sur les all\u00e9gations de sant\u00e9, nous ne sommes pas autoris\u00e9s \u00e0 indiquer aux consommateurs o\u00f9 les produits Biocidin peuvent \u00eatre utilis\u00e9s.<\/p>\n","protected":false},"excerpt":{"rendered":"Proflora 4R combine la querc\u00e9tine, la racine de houx et l&rsquo;extrait d&rsquo;aloe vera avec des endospores, dans une seule capsule.","protected":false},"featured_media":6168,"template":"","meta":{"_acf_changed":false},"product_brand":[],"product_cat":[51],"product_tag":[],"class_list":{"0":"post-1773","1":"product","2":"type-product","3":"status-publish","4":"has-post-thumbnail","6":"product_cat-biocidin-products","7":"pa_allergenen-geen-fr","8":"pa_dieet-non","9":"pa_doseervorm-gelules","10":"pa_indicaties-estomac-intestins","11":"pa_indicaties-flore-intestinale","12":"pa_indicaties-paroi-intestinale","13":"pa_indicaties-resistance-saine","14":"pa_indicaties-systeme-immunitaire","15":"pa_indicaties-vitaliteit-energie-fr","16":"pa_vitamines-biocidin-2-fr","18":"first","19":"instock","20":"taxable","21":"shipping-taxable","22":"purchasable","23":"product-type-simple"},"acf":[],"yoast_head":"<!-- This site is optimized with the Yoast SEO plugin v27.3 - https:\/\/yoast.com\/product\/yoast-seo-wordpress\/ -->\n<title>Proflora 4 R 30 caps - Prosupplements<\/title>\n<meta name=\"description\" content=\"Koop Biocidin Proflora $R bij Prosupplements.nl - vandaag besteld is morgen in huis.\" \/>\n<meta name=\"robots\" content=\"index, follow, max-snippet:-1, max-image-preview:large, max-video-preview:-1\" \/>\n<link rel=\"canonical\" href=\"https:\/\/prosupplements.nl\/fr\/biocidin-products\/proflora-4-r-30-caps\/\" \/>\n<meta property=\"og:locale\" content=\"fr_FR\" \/>\n<meta property=\"og:type\" content=\"article\" \/>\n<meta property=\"og:title\" content=\"Proflora 4 R 30 caps - Prosupplements\" \/>\n<meta property=\"og:description\" content=\"Koop Biocidin Proflora $R bij Prosupplements.nl - vandaag besteld is morgen in huis.\" \/>\n<meta property=\"og:url\" content=\"https:\/\/prosupplements.nl\/fr\/biocidin-products\/proflora-4-r-30-caps\/\" \/>\n<meta property=\"og:site_name\" content=\"Prosupplements\" \/>\n<meta property=\"article:modified_time\" content=\"2024-12-10T08:48:47+00:00\" \/>\n<meta property=\"og:image\" content=\"https:\/\/prosupplements.nl\/wp-content\/uploads\/2020\/04\/Proflora4r.png\" \/>\n\t<meta property=\"og:image:width\" content=\"1280\" \/>\n\t<meta property=\"og:image:height\" content=\"1280\" \/>\n\t<meta property=\"og:image:type\" content=\"image\/png\" \/>\n<meta name=\"twitter:card\" content=\"summary_large_image\" \/>\n<meta name=\"twitter:label1\" content=\"Dur\u00e9e de lecture estim\u00e9e\" \/>\n\t<meta name=\"twitter:data1\" content=\"1 minute\" \/>\n<script type=\"application\/ld+json\" class=\"yoast-schema-graph\">{\"@context\":\"https:\\\/\\\/schema.org\",\"@graph\":[{\"@type\":\"WebPage\",\"@id\":\"https:\\\/\\\/prosupplements.nl\\\/fr\\\/biocidin-products\\\/proflora-4-r-30-caps\\\/\",\"url\":\"https:\\\/\\\/prosupplements.nl\\\/fr\\\/biocidin-products\\\/proflora-4-r-30-caps\\\/\",\"name\":\"Proflora 4 R 30 caps - Prosupplements\",\"isPartOf\":{\"@id\":\"https:\\\/\\\/prosupplements.nl\\\/fr\\\/#website\"},\"primaryImageOfPage\":{\"@id\":\"https:\\\/\\\/prosupplements.nl\\\/fr\\\/biocidin-products\\\/proflora-4-r-30-caps\\\/#primaryimage\"},\"image\":{\"@id\":\"https:\\\/\\\/prosupplements.nl\\\/fr\\\/biocidin-products\\\/proflora-4-r-30-caps\\\/#primaryimage\"},\"thumbnailUrl\":\"https:\\\/\\\/prosupplements.nl\\\/wp-content\\\/uploads\\\/2020\\\/04\\\/Proflora4r.png\",\"datePublished\":\"2020-04-07T13:03:48+00:00\",\"dateModified\":\"2024-12-10T08:48:47+00:00\",\"description\":\"Koop Biocidin Proflora $R bij Prosupplements.nl - vandaag besteld is morgen in huis.\",\"breadcrumb\":{\"@id\":\"https:\\\/\\\/prosupplements.nl\\\/fr\\\/biocidin-products\\\/proflora-4-r-30-caps\\\/#breadcrumb\"},\"inLanguage\":\"fr-FR\",\"potentialAction\":[{\"@type\":\"ReadAction\",\"target\":[\"https:\\\/\\\/prosupplements.nl\\\/fr\\\/biocidin-products\\\/proflora-4-r-30-caps\\\/\"]}]},{\"@type\":\"ImageObject\",\"inLanguage\":\"fr-FR\",\"@id\":\"https:\\\/\\\/prosupplements.nl\\\/fr\\\/biocidin-products\\\/proflora-4-r-30-caps\\\/#primaryimage\",\"url\":\"https:\\\/\\\/prosupplements.nl\\\/wp-content\\\/uploads\\\/2020\\\/04\\\/Proflora4r.png\",\"contentUrl\":\"https:\\\/\\\/prosupplements.nl\\\/wp-content\\\/uploads\\\/2020\\\/04\\\/Proflora4r.png\",\"width\":1280,\"height\":1280},{\"@type\":\"BreadcrumbList\",\"@id\":\"https:\\\/\\\/prosupplements.nl\\\/fr\\\/biocidin-products\\\/proflora-4-r-30-caps\\\/#breadcrumb\",\"itemListElement\":[{\"@type\":\"ListItem\",\"position\":1,\"name\":\"Accueil\",\"item\":\"https:\\\/\\\/prosupplements.nl\\\/fr\\\/\"},{\"@type\":\"ListItem\",\"position\":2,\"name\":\"Biocidin\",\"item\":\"https:\\\/\\\/prosupplements.nl\\\/fr\\\/biocidin-products\\\/\"},{\"@type\":\"ListItem\",\"position\":3,\"name\":\"Proflora 4 R 30 caps\"}]},{\"@type\":\"WebSite\",\"@id\":\"https:\\\/\\\/prosupplements.nl\\\/fr\\\/#website\",\"url\":\"https:\\\/\\\/prosupplements.nl\\\/fr\\\/\",\"name\":\"Prosupplements\",\"description\":\"\",\"potentialAction\":[{\"@type\":\"SearchAction\",\"target\":{\"@type\":\"EntryPoint\",\"urlTemplate\":\"https:\\\/\\\/prosupplements.nl\\\/fr\\\/?s={search_term_string}\"},\"query-input\":{\"@type\":\"PropertyValueSpecification\",\"valueRequired\":true,\"valueName\":\"search_term_string\"}}],\"inLanguage\":\"fr-FR\"}]}<\/script>\n<!-- \/ Yoast SEO plugin. -->","yoast_head_json":{"title":"Proflora 4 R 30 caps - Prosupplements","description":"Koop Biocidin Proflora $R bij Prosupplements.nl - vandaag besteld is morgen in huis.","robots":{"index":"index","follow":"follow","max-snippet":"max-snippet:-1","max-image-preview":"max-image-preview:large","max-video-preview":"max-video-preview:-1"},"canonical":"https:\/\/prosupplements.nl\/fr\/biocidin-products\/proflora-4-r-30-caps\/","og_locale":"fr_FR","og_type":"article","og_title":"Proflora 4 R 30 caps - Prosupplements","og_description":"Koop Biocidin Proflora $R bij Prosupplements.nl - vandaag besteld is morgen in huis.","og_url":"https:\/\/prosupplements.nl\/fr\/biocidin-products\/proflora-4-r-30-caps\/","og_site_name":"Prosupplements","article_modified_time":"2024-12-10T08:48:47+00:00","og_image":[{"width":1280,"height":1280,"url":"https:\/\/prosupplements.nl\/wp-content\/uploads\/2020\/04\/Proflora4r.png","type":"image\/png"}],"twitter_card":"summary_large_image","twitter_misc":{"Dur\u00e9e de lecture estim\u00e9e":"1 minute"},"schema":{"@context":"https:\/\/schema.org","@graph":[{"@type":"WebPage","@id":"https:\/\/prosupplements.nl\/fr\/biocidin-products\/proflora-4-r-30-caps\/","url":"https:\/\/prosupplements.nl\/fr\/biocidin-products\/proflora-4-r-30-caps\/","name":"Proflora 4 R 30 caps - Prosupplements","isPartOf":{"@id":"https:\/\/prosupplements.nl\/fr\/#website"},"primaryImageOfPage":{"@id":"https:\/\/prosupplements.nl\/fr\/biocidin-products\/proflora-4-r-30-caps\/#primaryimage"},"image":{"@id":"https:\/\/prosupplements.nl\/fr\/biocidin-products\/proflora-4-r-30-caps\/#primaryimage"},"thumbnailUrl":"https:\/\/prosupplements.nl\/wp-content\/uploads\/2020\/04\/Proflora4r.png","datePublished":"2020-04-07T13:03:48+00:00","dateModified":"2024-12-10T08:48:47+00:00","description":"Koop Biocidin Proflora $R bij Prosupplements.nl - vandaag besteld is morgen in huis.","breadcrumb":{"@id":"https:\/\/prosupplements.nl\/fr\/biocidin-products\/proflora-4-r-30-caps\/#breadcrumb"},"inLanguage":"fr-FR","potentialAction":[{"@type":"ReadAction","target":["https:\/\/prosupplements.nl\/fr\/biocidin-products\/proflora-4-r-30-caps\/"]}]},{"@type":"ImageObject","inLanguage":"fr-FR","@id":"https:\/\/prosupplements.nl\/fr\/biocidin-products\/proflora-4-r-30-caps\/#primaryimage","url":"https:\/\/prosupplements.nl\/wp-content\/uploads\/2020\/04\/Proflora4r.png","contentUrl":"https:\/\/prosupplements.nl\/wp-content\/uploads\/2020\/04\/Proflora4r.png","width":1280,"height":1280},{"@type":"BreadcrumbList","@id":"https:\/\/prosupplements.nl\/fr\/biocidin-products\/proflora-4-r-30-caps\/#breadcrumb","itemListElement":[{"@type":"ListItem","position":1,"name":"Accueil","item":"https:\/\/prosupplements.nl\/fr\/"},{"@type":"ListItem","position":2,"name":"Biocidin","item":"https:\/\/prosupplements.nl\/fr\/biocidin-products\/"},{"@type":"ListItem","position":3,"name":"Proflora 4 R 30 caps"}]},{"@type":"WebSite","@id":"https:\/\/prosupplements.nl\/fr\/#website","url":"https:\/\/prosupplements.nl\/fr\/","name":"Prosupplements","description":"","potentialAction":[{"@type":"SearchAction","target":{"@type":"EntryPoint","urlTemplate":"https:\/\/prosupplements.nl\/fr\/?s={search_term_string}"},"query-input":{"@type":"PropertyValueSpecification","valueRequired":true,"valueName":"search_term_string"}}],"inLanguage":"fr-FR"}]}},"_links":{"self":[{"href":"https:\/\/prosupplements.nl\/fr\/wp-json\/wp\/v2\/product\/1773","targetHints":{"allow":["GET"]}}],"collection":[{"href":"https:\/\/prosupplements.nl\/fr\/wp-json\/wp\/v2\/product"}],"about":[{"href":"https:\/\/prosupplements.nl\/fr\/wp-json\/wp\/v2\/types\/product"}],"wp:featuredmedia":[{"embeddable":true,"href":"https:\/\/prosupplements.nl\/fr\/wp-json\/wp\/v2\/media\/6168"}],"wp:attachment":[{"href":"https:\/\/prosupplements.nl\/fr\/wp-json\/wp\/v2\/media?parent=1773"}],"wp:term":[{"taxonomy":"product_brand","embeddable":true,"href":"https:\/\/prosupplements.nl\/fr\/wp-json\/wp\/v2\/product_brand?post=1773"},{"taxonomy":"product_cat","embeddable":true,"href":"https:\/\/prosupplements.nl\/fr\/wp-json\/wp\/v2\/product_cat?post=1773"},{"taxonomy":"product_tag","embeddable":true,"href":"https:\/\/prosupplements.nl\/fr\/wp-json\/wp\/v2\/product_tag?post=1773"}],"curies":[{"name":"wp","href":"https:\/\/api.w.org\/{rel}","templated":true}]}}