{"id":1789,"date":"2020-04-07T12:56:50","date_gmt":"2020-04-07T12:56:50","guid":{"rendered":"https:\/\/prosupplements.nl\/non%20class\u00e9\/dentalcidin-ls-30-ml\/"},"modified":"2025-12-05T08:44:42","modified_gmt":"2025-12-05T08:44:42","slug":"dentalcidin-ls-30-ml","status":"publish","type":"product","link":"https:\/\/prosupplements.nl\/fr\/biocidin-products\/dentalcidin-ls-30-ml\/","title":{"rendered":"Dentalcidin LS 30 ml"},"content":{"rendered":"<h2 class=\"p1\">Utilisation sugg\u00e9r\u00e9e<\/h2>\n<p class=\"p1\">Pour les adultes et les enfants \u00e0 partir de 2 ans, utiliser <span class=\"s1\">1 pompe <\/span>sur la brosse \u00e0 dents.<\/p>\n<h2 class=\"p1\">Ingr\u00e9dients<\/h2>\n<p class=\"p1\">Sorbitol, Biocidin\u00ae (extrait de myrtille, extrait de noni, chardon-marie, \u00e9chinac\u00e9e purpurea (extrait) et angustifolia, hydraste, shiitake, \u00e9corce de saule blanc, ail, extrait de p\u00e9pins de raisin, noyer noir (\u00e9corce et feuille), Framboise, Extrait de fumeterre, Gentiane, Huile du Tea Tree, Huile de galbanum, Huile de lavande, Huile d&rsquo;origan), Eau DI, Glyc\u00e9rine v\u00e9g\u00e9tale, Silice dentaire hydrat\u00e9e, Sodium Lauroyl Sarcosinate (d\u00e9riv\u00e9 de la noix de coco). Gomme de cellulose, ar\u00f4me naturel de menthe verte biologique, m\u00e9lange d&rsquo;huiles essentielles FreshTM (Mentha Piperita (huile de menthe poivr\u00e9e), Melaleuca Alternifolia (huile d&rsquo;arbre \u00e0 th\u00e9), Cinnamomum Zeylanicum (huile de cannelle), Syzglum aromaticum (huile de clou de girofle), gel\u00e9e royale, sim\u00e9thicone, gel d&rsquo;aloe vera, alcool (pomme de terre).<\/p>\n<h2 class=\"p1\">Avis de non-responsabilit\u00e9<\/h2>\n<p class=\"p1\">Malheureusement, en vertu de la l\u00e9gislation europ\u00e9enne, nous ne sommes pas autoris\u00e9s \u00e0 divulguer aux consommateurs l&rsquo;usage qui peut \u00eatre fait de nos produits.<\/p>\n","protected":false},"excerpt":{"rendered":"<ul class=\"arrow\">\r\n \t<li>Bas\u00e9 sur la formule liposomale Biocidin\u00ae avec des ingr\u00e9dients suppl\u00e9mentaires.<\/li>\r\n \t<li>Plantes \u00e0 large spectre et huiles essentielles, dont le clou de girofle et la myrrhe.<\/li>\r\n \t<li>Contient de la CoQ10 et de la querc\u00e9tine.<\/li>\r\n \t<li>Sans sucre, gluten, fluorure, ar\u00f4mes et colorants artificiels.<\/li>\r\n \t<li>Go\u00fbt agr\u00e9able, parfait pour les enfants et les adultes.<\/li>\r\n \t<li>\u00c0 utiliser avec le dentifrice \u00e0 large spectre <a href=\"https:\/\/prosupplements.nl\/fr\/dentalcidin-fr\/\">Dentalcidin<\/a>\u2122 pour un programme complet.<\/li>\r\n<\/ul>","protected":false},"featured_media":6143,"template":"","meta":{"_acf_changed":false},"product_brand":[],"product_cat":[51,145],"product_tag":[],"class_list":{"0":"post-1789","1":"product","2":"type-product","3":"status-publish","4":"has-post-thumbnail","6":"product_cat-biocidin-products","7":"product_cat-dentalcidin-fr","8":"pa_allergenen-geen-fr","9":"pa_dieet-aucun","10":"pa_doseervorm-liquide","11":"pa_geslacht-femme","12":"pa_geslacht-homme","13":"pa_indicaties-bouche-gorge","14":"pa_indicaties-estomac-intestins","15":"pa_indicaties-resistance-saine","16":"pa_indicaties-systeme-immunitaire","17":"pa_leeftijd-adultes","18":"pa_leeftijd-enfants-ados","19":"pa_vitamines-aucune","20":"pa_voedingssupplementen-epices","22":"first","23":"instock","24":"taxable","25":"shipping-taxable","26":"purchasable","27":"product-type-simple"},"acf":[],"yoast_head":"<!-- This site is optimized with the Yoast SEO plugin v27.3 - https:\/\/yoast.com\/product\/yoast-seo-wordpress\/ -->\n<title>Dentalcidin LS 30 ml - Prosupplements<\/title>\n<meta name=\"description\" content=\"Ondersteunt bij de verwijdering van biofilm in de mond en de verwijdering van tandplak\" \/>\n<meta name=\"robots\" content=\"index, follow, max-snippet:-1, max-image-preview:large, max-video-preview:-1\" \/>\n<link rel=\"canonical\" href=\"https:\/\/prosupplements.nl\/fr\/biocidin-products\/dentalcidin-ls-30-ml\/\" \/>\n<meta property=\"og:locale\" content=\"fr_FR\" \/>\n<meta property=\"og:type\" content=\"article\" \/>\n<meta property=\"og:title\" content=\"Dentalcidin LS 30 ml - Prosupplements\" \/>\n<meta property=\"og:description\" content=\"Ondersteunt bij de verwijdering van biofilm in de mond en de verwijdering van tandplak\" \/>\n<meta property=\"og:url\" content=\"https:\/\/prosupplements.nl\/fr\/biocidin-products\/dentalcidin-ls-30-ml\/\" \/>\n<meta property=\"og:site_name\" content=\"Prosupplements\" \/>\n<meta property=\"article:modified_time\" content=\"2025-12-05T08:44:42+00:00\" \/>\n<meta property=\"og:image\" content=\"https:\/\/prosupplements.nl\/wp-content\/uploads\/2020\/04\/Dentalcidin-LS-1.png\" \/>\n\t<meta property=\"og:image:width\" content=\"550\" \/>\n\t<meta property=\"og:image:height\" content=\"550\" \/>\n\t<meta property=\"og:image:type\" content=\"image\/png\" \/>\n<meta name=\"twitter:card\" content=\"summary_large_image\" \/>\n<meta name=\"twitter:label1\" content=\"Dur\u00e9e de lecture estim\u00e9e\" \/>\n\t<meta name=\"twitter:data1\" content=\"1 minute\" \/>\n<script type=\"application\/ld+json\" class=\"yoast-schema-graph\">{\"@context\":\"https:\\\/\\\/schema.org\",\"@graph\":[{\"@type\":\"WebPage\",\"@id\":\"https:\\\/\\\/prosupplements.nl\\\/fr\\\/biocidin-products\\\/dentalcidin-ls-30-ml\\\/\",\"url\":\"https:\\\/\\\/prosupplements.nl\\\/fr\\\/biocidin-products\\\/dentalcidin-ls-30-ml\\\/\",\"name\":\"Dentalcidin LS 30 ml - Prosupplements\",\"isPartOf\":{\"@id\":\"https:\\\/\\\/prosupplements.nl\\\/fr\\\/#website\"},\"primaryImageOfPage\":{\"@id\":\"https:\\\/\\\/prosupplements.nl\\\/fr\\\/biocidin-products\\\/dentalcidin-ls-30-ml\\\/#primaryimage\"},\"image\":{\"@id\":\"https:\\\/\\\/prosupplements.nl\\\/fr\\\/biocidin-products\\\/dentalcidin-ls-30-ml\\\/#primaryimage\"},\"thumbnailUrl\":\"https:\\\/\\\/prosupplements.nl\\\/wp-content\\\/uploads\\\/2020\\\/04\\\/Dentalcidin-LS-1.png\",\"datePublished\":\"2020-04-07T12:56:50+00:00\",\"dateModified\":\"2025-12-05T08:44:42+00:00\",\"description\":\"Ondersteunt bij de verwijdering van biofilm in de mond en de verwijdering van tandplak\",\"breadcrumb\":{\"@id\":\"https:\\\/\\\/prosupplements.nl\\\/fr\\\/biocidin-products\\\/dentalcidin-ls-30-ml\\\/#breadcrumb\"},\"inLanguage\":\"fr-FR\",\"potentialAction\":[{\"@type\":\"ReadAction\",\"target\":[\"https:\\\/\\\/prosupplements.nl\\\/fr\\\/biocidin-products\\\/dentalcidin-ls-30-ml\\\/\"]}]},{\"@type\":\"ImageObject\",\"inLanguage\":\"fr-FR\",\"@id\":\"https:\\\/\\\/prosupplements.nl\\\/fr\\\/biocidin-products\\\/dentalcidin-ls-30-ml\\\/#primaryimage\",\"url\":\"https:\\\/\\\/prosupplements.nl\\\/wp-content\\\/uploads\\\/2020\\\/04\\\/Dentalcidin-LS-1.png\",\"contentUrl\":\"https:\\\/\\\/prosupplements.nl\\\/wp-content\\\/uploads\\\/2020\\\/04\\\/Dentalcidin-LS-1.png\",\"width\":550,\"height\":550},{\"@type\":\"BreadcrumbList\",\"@id\":\"https:\\\/\\\/prosupplements.nl\\\/fr\\\/biocidin-products\\\/dentalcidin-ls-30-ml\\\/#breadcrumb\",\"itemListElement\":[{\"@type\":\"ListItem\",\"position\":1,\"name\":\"Accueil\",\"item\":\"https:\\\/\\\/prosupplements.nl\\\/fr\\\/\"},{\"@type\":\"ListItem\",\"position\":2,\"name\":\"Biocidin\",\"item\":\"https:\\\/\\\/prosupplements.nl\\\/fr\\\/biocidin-products\\\/\"},{\"@type\":\"ListItem\",\"position\":3,\"name\":\"Dentalcidin LS 30 ml\"}]},{\"@type\":\"WebSite\",\"@id\":\"https:\\\/\\\/prosupplements.nl\\\/fr\\\/#website\",\"url\":\"https:\\\/\\\/prosupplements.nl\\\/fr\\\/\",\"name\":\"Prosupplements\",\"description\":\"\",\"potentialAction\":[{\"@type\":\"SearchAction\",\"target\":{\"@type\":\"EntryPoint\",\"urlTemplate\":\"https:\\\/\\\/prosupplements.nl\\\/fr\\\/?s={search_term_string}\"},\"query-input\":{\"@type\":\"PropertyValueSpecification\",\"valueRequired\":true,\"valueName\":\"search_term_string\"}}],\"inLanguage\":\"fr-FR\"}]}<\/script>\n<!-- \/ Yoast SEO plugin. -->","yoast_head_json":{"title":"Dentalcidin LS 30 ml - Prosupplements","description":"Ondersteunt bij de verwijdering van biofilm in de mond en de verwijdering van tandplak","robots":{"index":"index","follow":"follow","max-snippet":"max-snippet:-1","max-image-preview":"max-image-preview:large","max-video-preview":"max-video-preview:-1"},"canonical":"https:\/\/prosupplements.nl\/fr\/biocidin-products\/dentalcidin-ls-30-ml\/","og_locale":"fr_FR","og_type":"article","og_title":"Dentalcidin LS 30 ml - Prosupplements","og_description":"Ondersteunt bij de verwijdering van biofilm in de mond en de verwijdering van tandplak","og_url":"https:\/\/prosupplements.nl\/fr\/biocidin-products\/dentalcidin-ls-30-ml\/","og_site_name":"Prosupplements","article_modified_time":"2025-12-05T08:44:42+00:00","og_image":[{"width":550,"height":550,"url":"https:\/\/prosupplements.nl\/wp-content\/uploads\/2020\/04\/Dentalcidin-LS-1.png","type":"image\/png"}],"twitter_card":"summary_large_image","twitter_misc":{"Dur\u00e9e de lecture estim\u00e9e":"1 minute"},"schema":{"@context":"https:\/\/schema.org","@graph":[{"@type":"WebPage","@id":"https:\/\/prosupplements.nl\/fr\/biocidin-products\/dentalcidin-ls-30-ml\/","url":"https:\/\/prosupplements.nl\/fr\/biocidin-products\/dentalcidin-ls-30-ml\/","name":"Dentalcidin LS 30 ml - Prosupplements","isPartOf":{"@id":"https:\/\/prosupplements.nl\/fr\/#website"},"primaryImageOfPage":{"@id":"https:\/\/prosupplements.nl\/fr\/biocidin-products\/dentalcidin-ls-30-ml\/#primaryimage"},"image":{"@id":"https:\/\/prosupplements.nl\/fr\/biocidin-products\/dentalcidin-ls-30-ml\/#primaryimage"},"thumbnailUrl":"https:\/\/prosupplements.nl\/wp-content\/uploads\/2020\/04\/Dentalcidin-LS-1.png","datePublished":"2020-04-07T12:56:50+00:00","dateModified":"2025-12-05T08:44:42+00:00","description":"Ondersteunt bij de verwijdering van biofilm in de mond en de verwijdering van tandplak","breadcrumb":{"@id":"https:\/\/prosupplements.nl\/fr\/biocidin-products\/dentalcidin-ls-30-ml\/#breadcrumb"},"inLanguage":"fr-FR","potentialAction":[{"@type":"ReadAction","target":["https:\/\/prosupplements.nl\/fr\/biocidin-products\/dentalcidin-ls-30-ml\/"]}]},{"@type":"ImageObject","inLanguage":"fr-FR","@id":"https:\/\/prosupplements.nl\/fr\/biocidin-products\/dentalcidin-ls-30-ml\/#primaryimage","url":"https:\/\/prosupplements.nl\/wp-content\/uploads\/2020\/04\/Dentalcidin-LS-1.png","contentUrl":"https:\/\/prosupplements.nl\/wp-content\/uploads\/2020\/04\/Dentalcidin-LS-1.png","width":550,"height":550},{"@type":"BreadcrumbList","@id":"https:\/\/prosupplements.nl\/fr\/biocidin-products\/dentalcidin-ls-30-ml\/#breadcrumb","itemListElement":[{"@type":"ListItem","position":1,"name":"Accueil","item":"https:\/\/prosupplements.nl\/fr\/"},{"@type":"ListItem","position":2,"name":"Biocidin","item":"https:\/\/prosupplements.nl\/fr\/biocidin-products\/"},{"@type":"ListItem","position":3,"name":"Dentalcidin LS 30 ml"}]},{"@type":"WebSite","@id":"https:\/\/prosupplements.nl\/fr\/#website","url":"https:\/\/prosupplements.nl\/fr\/","name":"Prosupplements","description":"","potentialAction":[{"@type":"SearchAction","target":{"@type":"EntryPoint","urlTemplate":"https:\/\/prosupplements.nl\/fr\/?s={search_term_string}"},"query-input":{"@type":"PropertyValueSpecification","valueRequired":true,"valueName":"search_term_string"}}],"inLanguage":"fr-FR"}]}},"_links":{"self":[{"href":"https:\/\/prosupplements.nl\/fr\/wp-json\/wp\/v2\/product\/1789","targetHints":{"allow":["GET"]}}],"collection":[{"href":"https:\/\/prosupplements.nl\/fr\/wp-json\/wp\/v2\/product"}],"about":[{"href":"https:\/\/prosupplements.nl\/fr\/wp-json\/wp\/v2\/types\/product"}],"wp:featuredmedia":[{"embeddable":true,"href":"https:\/\/prosupplements.nl\/fr\/wp-json\/wp\/v2\/media\/6143"}],"wp:attachment":[{"href":"https:\/\/prosupplements.nl\/fr\/wp-json\/wp\/v2\/media?parent=1789"}],"wp:term":[{"taxonomy":"product_brand","embeddable":true,"href":"https:\/\/prosupplements.nl\/fr\/wp-json\/wp\/v2\/product_brand?post=1789"},{"taxonomy":"product_cat","embeddable":true,"href":"https:\/\/prosupplements.nl\/fr\/wp-json\/wp\/v2\/product_cat?post=1789"},{"taxonomy":"product_tag","embeddable":true,"href":"https:\/\/prosupplements.nl\/fr\/wp-json\/wp\/v2\/product_tag?post=1789"}],"curies":[{"name":"wp","href":"https:\/\/api.w.org\/{rel}","templated":true}]}}