{"id":1791,"date":"2020-04-07T12:53:58","date_gmt":"2020-04-07T12:53:58","guid":{"rendered":"https:\/\/prosupplements.nl\/non%20class\u00e9\/dentalcidin-90-ml\/"},"modified":"2025-09-21T11:37:38","modified_gmt":"2025-09-21T11:37:38","slug":"dentalcidin-90-ml","status":"publish","type":"product","link":"https:\/\/prosupplements.nl\/fr\/biocidin-products\/dentalcidin-90-ml\/","title":{"rendered":"Dentalcidin 90 ml"},"content":{"rendered":"<p class=\"p1\"><strong>UTILISATION RECOMMAND\u00c9E<\/strong><\/p>\n<p class=\"p1\">Pour les adultes et les enfants \u00e0 partir de 2 ans, utiliser 1 pompe ou environ 1 centim\u00e8tre sur votre brosse \u00e0 dents.<\/p>\n<p class=\"p1\"><strong>INGR\u00c9DIENTS<\/strong><\/p>\n<p class=\"p1\">Sorbitol, Biocidin\u00ae (extrait de myrtille, extrait de noni, chardon-marie, \u00e9chinac\u00e9e purpurea (extrait) et angustifolia, hydraste du Canada, shiitake, \u00e9corce de saule blanc, ail, extrait de p\u00e9pins de raisin, noyer noir (\u00e9corce et feuille), Framboise, extrait de fumeterre, gentiane, huile d&rsquo;arbre \u00e0 th\u00e9, huile de galbanum, huile de lavande, huile d&rsquo;origan), eau DI, glyc\u00e9rine v\u00e9g\u00e9tale, silice dentaire hydrat\u00e9e, Sodium Lauroyl Sarcosinate (d\u00e9riv\u00e9 de la noix de coco). Gomme de cellulose, ar\u00f4me naturel de menthe verte biologique, m\u00e9lange d&rsquo;huiles essentielles FreshTM (Mentha Piperita (huile de menthe poivr\u00e9e), Melaleuca Alternifolia (huile d&rsquo;arbre \u00e0 th\u00e9), Cinnamomum Zeylanicum (huile de cannelle), Syzglum aromaticum (huile de clou de girofle), gel\u00e9e royale, sim\u00e9thicone, gel d&rsquo;aloe vera, alcool (pomme de terre).<\/p>\n<p class=\"p1\"><strong>Avis de non-responsabilit\u00e9<\/strong><\/p>\n<p class=\"p1\">Malheureusement, en vertu de la l\u00e9gislation europ\u00e9enne, nous ne sommes pas autoris\u00e9s \u00e0 indiquer aux consommateurs \u00e0 quoi nos produits peuvent servir.<\/p>\n","protected":false},"excerpt":{"rendered":"<ul class=\"arrow\">\r\n \t<li>Dentifrice \u00e0 usage quotidien avec 20% de Biocidin\u00ae combinaison \u00e0 large spectre.<\/li>\r\n \t<li>Contient de la silice hydrat\u00e9e Zeodent\u00ae de qualit\u00e9 professionnelle.<\/li>\r\n \t<li>Sans sucre, gluten, fluorure et ar\u00f4mes et colorants artificiels.<\/li>\r\n \t<li>Bon go\u00fbt, parfait pour les enfants et les adultes.<\/li>\r\n<\/ul>","protected":false},"featured_media":6155,"template":"","meta":{"_acf_changed":false},"product_brand":[],"product_cat":[51,145],"product_tag":[],"class_list":{"0":"post-1791","1":"product","2":"type-product","3":"status-publish","4":"has-post-thumbnail","6":"product_cat-biocidin-products","7":"product_cat-dentalcidin-fr","8":"pa_allergenen-geen-fr","9":"pa_dieet-aucun","10":"pa_doseervorm-liquide","11":"pa_geslacht-femme","12":"pa_geslacht-homme","13":"pa_indicaties-bouche-gorge","14":"pa_indicaties-estomac-intestins","15":"pa_indicaties-resistance-saine","16":"pa_indicaties-systeme-immunitaire","17":"pa_leeftijd-adultes","18":"pa_leeftijd-enfants-ados","19":"pa_vitamines-aucune","20":"pa_voedingssupplementen-epices","22":"first","23":"instock","24":"taxable","25":"shipping-taxable","26":"purchasable","27":"product-type-simple"},"acf":[],"yoast_head":"<!-- This site is optimized with the Yoast SEO plugin v27.3 - https:\/\/yoast.com\/product\/yoast-seo-wordpress\/ -->\n<title>Dentalcidin 90 ml - Prosupplements<\/title>\n<meta name=\"description\" content=\"Koop Dentalcin anti-tandplak tandpasta. Ondersteunt bij de verwijdering van biofilms en tandplak.\" \/>\n<meta name=\"robots\" content=\"index, follow, max-snippet:-1, max-image-preview:large, max-video-preview:-1\" \/>\n<link rel=\"canonical\" href=\"https:\/\/prosupplements.nl\/fr\/biocidin-products\/dentalcidin-90-ml\/\" \/>\n<meta property=\"og:locale\" content=\"fr_FR\" \/>\n<meta property=\"og:type\" content=\"article\" \/>\n<meta property=\"og:title\" content=\"Dentalcidin 90 ml - Prosupplements\" \/>\n<meta property=\"og:description\" content=\"Koop Dentalcin anti-tandplak tandpasta. Ondersteunt bij de verwijdering van biofilms en tandplak.\" \/>\n<meta property=\"og:url\" content=\"https:\/\/prosupplements.nl\/fr\/biocidin-products\/dentalcidin-90-ml\/\" \/>\n<meta property=\"og:site_name\" content=\"Prosupplements\" \/>\n<meta property=\"article:modified_time\" content=\"2025-09-21T11:37:38+00:00\" \/>\n<meta property=\"og:image\" content=\"https:\/\/prosupplements.nl\/wp-content\/uploads\/2020\/04\/dentalcidin-1.png\" \/>\n\t<meta property=\"og:image:width\" content=\"200\" \/>\n\t<meta property=\"og:image:height\" content=\"567\" \/>\n\t<meta property=\"og:image:type\" content=\"image\/png\" \/>\n<meta name=\"twitter:card\" content=\"summary_large_image\" \/>\n<meta name=\"twitter:label1\" content=\"Dur\u00e9e de lecture estim\u00e9e\" \/>\n\t<meta name=\"twitter:data1\" content=\"1 minute\" \/>\n<script type=\"application\/ld+json\" class=\"yoast-schema-graph\">{\"@context\":\"https:\\\/\\\/schema.org\",\"@graph\":[{\"@type\":\"WebPage\",\"@id\":\"https:\\\/\\\/prosupplements.nl\\\/fr\\\/biocidin-products\\\/dentalcidin-90-ml\\\/\",\"url\":\"https:\\\/\\\/prosupplements.nl\\\/fr\\\/biocidin-products\\\/dentalcidin-90-ml\\\/\",\"name\":\"Dentalcidin 90 ml - Prosupplements\",\"isPartOf\":{\"@id\":\"https:\\\/\\\/prosupplements.nl\\\/fr\\\/#website\"},\"primaryImageOfPage\":{\"@id\":\"https:\\\/\\\/prosupplements.nl\\\/fr\\\/biocidin-products\\\/dentalcidin-90-ml\\\/#primaryimage\"},\"image\":{\"@id\":\"https:\\\/\\\/prosupplements.nl\\\/fr\\\/biocidin-products\\\/dentalcidin-90-ml\\\/#primaryimage\"},\"thumbnailUrl\":\"https:\\\/\\\/prosupplements.nl\\\/wp-content\\\/uploads\\\/2020\\\/04\\\/dentalcidin-1.png\",\"datePublished\":\"2020-04-07T12:53:58+00:00\",\"dateModified\":\"2025-09-21T11:37:38+00:00\",\"description\":\"Koop Dentalcin anti-tandplak tandpasta. Ondersteunt bij de verwijdering van biofilms en tandplak.\",\"breadcrumb\":{\"@id\":\"https:\\\/\\\/prosupplements.nl\\\/fr\\\/biocidin-products\\\/dentalcidin-90-ml\\\/#breadcrumb\"},\"inLanguage\":\"fr-FR\",\"potentialAction\":[{\"@type\":\"ReadAction\",\"target\":[\"https:\\\/\\\/prosupplements.nl\\\/fr\\\/biocidin-products\\\/dentalcidin-90-ml\\\/\"]}]},{\"@type\":\"ImageObject\",\"inLanguage\":\"fr-FR\",\"@id\":\"https:\\\/\\\/prosupplements.nl\\\/fr\\\/biocidin-products\\\/dentalcidin-90-ml\\\/#primaryimage\",\"url\":\"https:\\\/\\\/prosupplements.nl\\\/wp-content\\\/uploads\\\/2020\\\/04\\\/dentalcidin-1.png\",\"contentUrl\":\"https:\\\/\\\/prosupplements.nl\\\/wp-content\\\/uploads\\\/2020\\\/04\\\/dentalcidin-1.png\",\"width\":200,\"height\":567},{\"@type\":\"BreadcrumbList\",\"@id\":\"https:\\\/\\\/prosupplements.nl\\\/fr\\\/biocidin-products\\\/dentalcidin-90-ml\\\/#breadcrumb\",\"itemListElement\":[{\"@type\":\"ListItem\",\"position\":1,\"name\":\"Accueil\",\"item\":\"https:\\\/\\\/prosupplements.nl\\\/fr\\\/\"},{\"@type\":\"ListItem\",\"position\":2,\"name\":\"Biocidin\",\"item\":\"https:\\\/\\\/prosupplements.nl\\\/fr\\\/biocidin-products\\\/\"},{\"@type\":\"ListItem\",\"position\":3,\"name\":\"Dentalcidin 90 ml\"}]},{\"@type\":\"WebSite\",\"@id\":\"https:\\\/\\\/prosupplements.nl\\\/fr\\\/#website\",\"url\":\"https:\\\/\\\/prosupplements.nl\\\/fr\\\/\",\"name\":\"Prosupplements\",\"description\":\"\",\"potentialAction\":[{\"@type\":\"SearchAction\",\"target\":{\"@type\":\"EntryPoint\",\"urlTemplate\":\"https:\\\/\\\/prosupplements.nl\\\/fr\\\/?s={search_term_string}\"},\"query-input\":{\"@type\":\"PropertyValueSpecification\",\"valueRequired\":true,\"valueName\":\"search_term_string\"}}],\"inLanguage\":\"fr-FR\"}]}<\/script>\n<!-- \/ Yoast SEO plugin. -->","yoast_head_json":{"title":"Dentalcidin 90 ml - Prosupplements","description":"Koop Dentalcin anti-tandplak tandpasta. Ondersteunt bij de verwijdering van biofilms en tandplak.","robots":{"index":"index","follow":"follow","max-snippet":"max-snippet:-1","max-image-preview":"max-image-preview:large","max-video-preview":"max-video-preview:-1"},"canonical":"https:\/\/prosupplements.nl\/fr\/biocidin-products\/dentalcidin-90-ml\/","og_locale":"fr_FR","og_type":"article","og_title":"Dentalcidin 90 ml - Prosupplements","og_description":"Koop Dentalcin anti-tandplak tandpasta. Ondersteunt bij de verwijdering van biofilms en tandplak.","og_url":"https:\/\/prosupplements.nl\/fr\/biocidin-products\/dentalcidin-90-ml\/","og_site_name":"Prosupplements","article_modified_time":"2025-09-21T11:37:38+00:00","og_image":[{"width":200,"height":567,"url":"https:\/\/prosupplements.nl\/wp-content\/uploads\/2020\/04\/dentalcidin-1.png","type":"image\/png"}],"twitter_card":"summary_large_image","twitter_misc":{"Dur\u00e9e de lecture estim\u00e9e":"1 minute"},"schema":{"@context":"https:\/\/schema.org","@graph":[{"@type":"WebPage","@id":"https:\/\/prosupplements.nl\/fr\/biocidin-products\/dentalcidin-90-ml\/","url":"https:\/\/prosupplements.nl\/fr\/biocidin-products\/dentalcidin-90-ml\/","name":"Dentalcidin 90 ml - Prosupplements","isPartOf":{"@id":"https:\/\/prosupplements.nl\/fr\/#website"},"primaryImageOfPage":{"@id":"https:\/\/prosupplements.nl\/fr\/biocidin-products\/dentalcidin-90-ml\/#primaryimage"},"image":{"@id":"https:\/\/prosupplements.nl\/fr\/biocidin-products\/dentalcidin-90-ml\/#primaryimage"},"thumbnailUrl":"https:\/\/prosupplements.nl\/wp-content\/uploads\/2020\/04\/dentalcidin-1.png","datePublished":"2020-04-07T12:53:58+00:00","dateModified":"2025-09-21T11:37:38+00:00","description":"Koop Dentalcin anti-tandplak tandpasta. Ondersteunt bij de verwijdering van biofilms en tandplak.","breadcrumb":{"@id":"https:\/\/prosupplements.nl\/fr\/biocidin-products\/dentalcidin-90-ml\/#breadcrumb"},"inLanguage":"fr-FR","potentialAction":[{"@type":"ReadAction","target":["https:\/\/prosupplements.nl\/fr\/biocidin-products\/dentalcidin-90-ml\/"]}]},{"@type":"ImageObject","inLanguage":"fr-FR","@id":"https:\/\/prosupplements.nl\/fr\/biocidin-products\/dentalcidin-90-ml\/#primaryimage","url":"https:\/\/prosupplements.nl\/wp-content\/uploads\/2020\/04\/dentalcidin-1.png","contentUrl":"https:\/\/prosupplements.nl\/wp-content\/uploads\/2020\/04\/dentalcidin-1.png","width":200,"height":567},{"@type":"BreadcrumbList","@id":"https:\/\/prosupplements.nl\/fr\/biocidin-products\/dentalcidin-90-ml\/#breadcrumb","itemListElement":[{"@type":"ListItem","position":1,"name":"Accueil","item":"https:\/\/prosupplements.nl\/fr\/"},{"@type":"ListItem","position":2,"name":"Biocidin","item":"https:\/\/prosupplements.nl\/fr\/biocidin-products\/"},{"@type":"ListItem","position":3,"name":"Dentalcidin 90 ml"}]},{"@type":"WebSite","@id":"https:\/\/prosupplements.nl\/fr\/#website","url":"https:\/\/prosupplements.nl\/fr\/","name":"Prosupplements","description":"","potentialAction":[{"@type":"SearchAction","target":{"@type":"EntryPoint","urlTemplate":"https:\/\/prosupplements.nl\/fr\/?s={search_term_string}"},"query-input":{"@type":"PropertyValueSpecification","valueRequired":true,"valueName":"search_term_string"}}],"inLanguage":"fr-FR"}]}},"_links":{"self":[{"href":"https:\/\/prosupplements.nl\/fr\/wp-json\/wp\/v2\/product\/1791","targetHints":{"allow":["GET"]}}],"collection":[{"href":"https:\/\/prosupplements.nl\/fr\/wp-json\/wp\/v2\/product"}],"about":[{"href":"https:\/\/prosupplements.nl\/fr\/wp-json\/wp\/v2\/types\/product"}],"wp:featuredmedia":[{"embeddable":true,"href":"https:\/\/prosupplements.nl\/fr\/wp-json\/wp\/v2\/media\/6155"}],"wp:attachment":[{"href":"https:\/\/prosupplements.nl\/fr\/wp-json\/wp\/v2\/media?parent=1791"}],"wp:term":[{"taxonomy":"product_brand","embeddable":true,"href":"https:\/\/prosupplements.nl\/fr\/wp-json\/wp\/v2\/product_brand?post=1791"},{"taxonomy":"product_cat","embeddable":true,"href":"https:\/\/prosupplements.nl\/fr\/wp-json\/wp\/v2\/product_cat?post=1791"},{"taxonomy":"product_tag","embeddable":true,"href":"https:\/\/prosupplements.nl\/fr\/wp-json\/wp\/v2\/product_tag?post=1791"}],"curies":[{"name":"wp","href":"https:\/\/api.w.org\/{rel}","templated":true}]}}