{"id":1795,"date":"2020-04-07T09:52:40","date_gmt":"2020-04-07T09:52:40","guid":{"rendered":"https:\/\/prosupplements.nl\/non%20class\u00e9\/biocidin-ts-keelspray-30-ml\/"},"modified":"2025-11-29T17:00:12","modified_gmt":"2025-11-29T17:00:12","slug":"biocidin-ts-keelspray-30-ml","status":"publish","type":"product","link":"https:\/\/prosupplements.nl\/fr\/biocidin\/biocidin-ts-throatspray-30-ml\/","title":{"rendered":"Biocidin TS Throatspray 30 ml"},"content":{"rendered":"<h2>La formule de Biocidin en spray<\/h2>\n<p>Bio-Botanical Research est l&rsquo;entreprise qui se cache derri\u00e8re Biocidin. Comme elle n&rsquo;utilise que des ingr\u00e9dients d&rsquo;origine v\u00e9g\u00e9tale de la plus haute qualit\u00e9, Biocidin spray est un compl\u00e9ment de haute qualit\u00e9. La formule du spray pour la gorge ne contient pas d&rsquo;additifs, de gluten, d&rsquo;allerg\u00e8nes, d&rsquo;ar\u00f4mes artificiels et de substances de remplissage synth\u00e9tiques. Ce compl\u00e9ment peut donc \u00eatre utilis\u00e9 par presque tout le monde et se combine parfaitement avec les autres produits Biocidin.<\/p>\n<h2>Avantages du spray pour la gorge Biocidin TS<\/h2>\n<ul class=\"arrow\">\n<li>Composition <strong>naturelle<\/strong><\/li>\n<li><strong>Ne contient pas d&rsquo;additifs inutiles<\/strong><\/li>\n<li><strong>Excellent pour combiner<\/strong> avec Biocidin Olivirex<\/li>\n<\/ul>\n<h2>Ingr\u00e9dients Biocidin spray<\/h2>\n<p>Biocidin spray contient les ingr\u00e9dients d&rsquo;origine v\u00e9g\u00e9tale suivants:<\/p>\n<div class=\"col4\">\n<ul class=\"arrow\">\n<li class=\"p1\">Myrtillus (25% d&rsquo;anthocyanosides)<\/li>\n<li class=\"p1\">Noni<\/li>\n<li class=\"p1\">Carduus marianus<\/li>\n<li class=\"p1\">Echinacea (purpurea &amp; angustifolia)<\/li>\n<li class=\"p1\">Hydrastis canadenis<\/li>\n<li class=\"p1\">Shiitake<\/li>\n<\/ul>\n<\/div>\n<div class=\"col4\">\n<ul class=\"arrow\">\n<li class=\"p1\">Salix alba (cortex)<\/li>\n<li class=\"p1\">Allium sativum<\/li>\n<li class=\"p1\">Vitis Viniferae (semence) min. 90% polyph\u00e9nols<\/li>\n<li class=\"p1\">Juglans Nigra (feuillage, cortex fructus)<\/li>\n<li class=\"p1\">Rubus Idaeus<\/li>\n<li class=\"p1\">Fumaria officinalis<\/li>\n<\/ul>\n<\/div>\n<div class=\"col4\">\n<ul class=\"arrow\">\n<li class=\"p1\">Gentiana Lutea<\/li>\n<li class=\"p1\">Melaleuca Alternifolia<\/li>\n<li class=\"p1\">Oleum Galbanum (r\u00e9sine)<\/li>\n<li class=\"p1\">Oleum Lavandula<\/li>\n<li class=\"p1\">Ol\u00e9um Origan<\/li>\n<li class=\"p1\">Glyc\u00e9rine v\u00e9g\u00e9tale (contient 60% d&rsquo;alcool)<\/li>\n<\/ul>\n<\/div>\n<h2>Dosage, utilisation et conseils de conservation:<\/h2>\n<ul class=\"arrow\">\n<li class=\"p1\">Vaporiser 1 \u00e0 3 fois dans la bouche selon les besoins.<\/li>\n<li class=\"p1\">Ne pas d\u00e9passer la dose journali\u00e8re.<\/li>\n<li class=\"p1\">Tenir hors de port\u00e9e des enfants.<\/li>\n<li class=\"p1\">Conserver au sec et \u00e0 temp\u00e9rature ambiante.<\/li>\n<li class=\"p1\">Un compl\u00e9ment alimentaire ne remplace pas un r\u00e9gime alimentaire vari\u00e9.<\/li>\n<\/ul>\n<p>Malheureusement, en vertu de la nouvelle l\u00e9gislation europ\u00e9enne sur les all\u00e9gations de sant\u00e9, nous ne sommes pas autoris\u00e9s \u00e0 indiquer aux consommateurs o\u00f9 les produits Biocidin peuvent \u00eatre utilis\u00e9s.<\/p>\n","protected":false},"excerpt":{"rendered":"<ul class=\"arrow\">\r\n \t<li>Le spray pour la gorge Biocidin TS est une formule \u00e0 base de plantes \u00e0 large spectre. Ce compl\u00e9ment contient un m\u00e9lange de pas moins de 18 ingr\u00e9dients \u00e0 base de plantes.<\/li>\r\n \t<li>Comme Biocidin spray ne contient pas d&rsquo;additifs et se compose uniquement d&rsquo;ingr\u00e9dients naturels, vous pouvez tr\u00e8s bien combiner ce compl\u00e9ment avec Biocidin Olivirex.<\/li>\r\n<\/ul>","protected":false},"featured_media":6048,"template":"","meta":{"_acf_changed":false},"product_brand":[],"product_cat":[51],"product_tag":[],"class_list":{"0":"post-1795","1":"product","2":"type-product","3":"status-publish","4":"has-post-thumbnail","6":"product_cat-biocidin-products","7":"pa_allergenen-geen-fr","8":"pa_dieet-aucun","9":"pa_doseervorm-liquide","10":"pa_geslacht-femme","11":"pa_geslacht-homme","12":"pa_indicaties-bouche-gorge","13":"pa_indicaties-resistance-saine","14":"pa_indicaties-systeme-immunitaire","15":"pa_leeftijd-adultes","16":"pa_leeftijd-enfants-ados","17":"pa_vitamines-aucune","18":"pa_voedingssupplementen-epices","20":"first","21":"instock","22":"taxable","23":"shipping-taxable","24":"purchasable","25":"product-type-simple"},"acf":[],"yoast_head":"<!-- This site is optimized with the Yoast SEO plugin v27.3 - https:\/\/yoast.com\/product\/yoast-seo-wordpress\/ -->\n<title>Biocidin TS Throatspray 30 ml - Prosupplements<\/title>\n<meta name=\"description\" content=\"Koop Biocidin TS keelspray bij Prosupplements.nl - vandaag besteld is morgen in huis.\" \/>\n<meta name=\"robots\" content=\"index, follow, max-snippet:-1, max-image-preview:large, max-video-preview:-1\" \/>\n<link rel=\"canonical\" href=\"https:\/\/prosupplements.nl\/fr\/biocidin\/biocidin-ts-throatspray-30-ml\/\" \/>\n<meta property=\"og:locale\" content=\"fr_FR\" \/>\n<meta property=\"og:type\" content=\"article\" \/>\n<meta property=\"og:title\" content=\"Biocidin TS Throatspray 30 ml - Prosupplements\" \/>\n<meta property=\"og:description\" content=\"Koop Biocidin TS keelspray bij Prosupplements.nl - vandaag besteld is morgen in huis.\" \/>\n<meta property=\"og:url\" content=\"https:\/\/prosupplements.nl\/fr\/biocidin\/biocidin-ts-throatspray-30-ml\/\" \/>\n<meta property=\"og:site_name\" content=\"Prosupplements\" \/>\n<meta property=\"article:modified_time\" content=\"2025-11-29T17:00:12+00:00\" \/>\n<meta property=\"og:image\" content=\"https:\/\/prosupplements.nl\/wp-content\/uploads\/2020\/04\/Biocidin-TS-1.png\" \/>\n\t<meta property=\"og:image:width\" content=\"490\" \/>\n\t<meta property=\"og:image:height\" content=\"550\" \/>\n\t<meta property=\"og:image:type\" content=\"image\/png\" \/>\n<meta name=\"twitter:card\" content=\"summary_large_image\" \/>\n<meta name=\"twitter:label1\" content=\"Dur\u00e9e de lecture estim\u00e9e\" \/>\n\t<meta name=\"twitter:data1\" content=\"2 minutes\" \/>\n<script type=\"application\/ld+json\" class=\"yoast-schema-graph\">{\"@context\":\"https:\\\/\\\/schema.org\",\"@graph\":[{\"@type\":\"WebPage\",\"@id\":\"https:\\\/\\\/prosupplements.nl\\\/fr\\\/biocidin\\\/biocidin-ts-throatspray-30-ml\\\/\",\"url\":\"https:\\\/\\\/prosupplements.nl\\\/fr\\\/biocidin\\\/biocidin-ts-throatspray-30-ml\\\/\",\"name\":\"Biocidin TS Throatspray 30 ml - Prosupplements\",\"isPartOf\":{\"@id\":\"https:\\\/\\\/prosupplements.nl\\\/fr\\\/#website\"},\"primaryImageOfPage\":{\"@id\":\"https:\\\/\\\/prosupplements.nl\\\/fr\\\/biocidin\\\/biocidin-ts-throatspray-30-ml\\\/#primaryimage\"},\"image\":{\"@id\":\"https:\\\/\\\/prosupplements.nl\\\/fr\\\/biocidin\\\/biocidin-ts-throatspray-30-ml\\\/#primaryimage\"},\"thumbnailUrl\":\"https:\\\/\\\/prosupplements.nl\\\/wp-content\\\/uploads\\\/2020\\\/04\\\/Biocidin-TS-1.png\",\"datePublished\":\"2020-04-07T09:52:40+00:00\",\"dateModified\":\"2025-11-29T17:00:12+00:00\",\"description\":\"Koop Biocidin TS keelspray bij Prosupplements.nl - vandaag besteld is morgen in huis.\",\"breadcrumb\":{\"@id\":\"https:\\\/\\\/prosupplements.nl\\\/fr\\\/biocidin\\\/biocidin-ts-throatspray-30-ml\\\/#breadcrumb\"},\"inLanguage\":\"fr-FR\",\"potentialAction\":[{\"@type\":\"ReadAction\",\"target\":[\"https:\\\/\\\/prosupplements.nl\\\/fr\\\/biocidin\\\/biocidin-ts-throatspray-30-ml\\\/\"]}]},{\"@type\":\"ImageObject\",\"inLanguage\":\"fr-FR\",\"@id\":\"https:\\\/\\\/prosupplements.nl\\\/fr\\\/biocidin\\\/biocidin-ts-throatspray-30-ml\\\/#primaryimage\",\"url\":\"https:\\\/\\\/prosupplements.nl\\\/wp-content\\\/uploads\\\/2020\\\/04\\\/Biocidin-TS-1.png\",\"contentUrl\":\"https:\\\/\\\/prosupplements.nl\\\/wp-content\\\/uploads\\\/2020\\\/04\\\/Biocidin-TS-1.png\",\"width\":490,\"height\":550},{\"@type\":\"BreadcrumbList\",\"@id\":\"https:\\\/\\\/prosupplements.nl\\\/fr\\\/biocidin\\\/biocidin-ts-throatspray-30-ml\\\/#breadcrumb\",\"itemListElement\":[{\"@type\":\"ListItem\",\"position\":1,\"name\":\"Accueil\",\"item\":\"https:\\\/\\\/prosupplements.nl\\\/fr\\\/\"},{\"@type\":\"ListItem\",\"position\":2,\"name\":\"Biocidin\",\"item\":\"https:\\\/\\\/prosupplements.nl\\\/fr\\\/biocidin-products\\\/\"},{\"@type\":\"ListItem\",\"position\":3,\"name\":\"Biocidin TS Throatspray 30 ml\"}]},{\"@type\":\"WebSite\",\"@id\":\"https:\\\/\\\/prosupplements.nl\\\/fr\\\/#website\",\"url\":\"https:\\\/\\\/prosupplements.nl\\\/fr\\\/\",\"name\":\"Prosupplements\",\"description\":\"\",\"potentialAction\":[{\"@type\":\"SearchAction\",\"target\":{\"@type\":\"EntryPoint\",\"urlTemplate\":\"https:\\\/\\\/prosupplements.nl\\\/fr\\\/?s={search_term_string}\"},\"query-input\":{\"@type\":\"PropertyValueSpecification\",\"valueRequired\":true,\"valueName\":\"search_term_string\"}}],\"inLanguage\":\"fr-FR\"}]}<\/script>\n<!-- \/ Yoast SEO plugin. -->","yoast_head_json":{"title":"Biocidin TS Throatspray 30 ml - Prosupplements","description":"Koop Biocidin TS keelspray bij Prosupplements.nl - vandaag besteld is morgen in huis.","robots":{"index":"index","follow":"follow","max-snippet":"max-snippet:-1","max-image-preview":"max-image-preview:large","max-video-preview":"max-video-preview:-1"},"canonical":"https:\/\/prosupplements.nl\/fr\/biocidin\/biocidin-ts-throatspray-30-ml\/","og_locale":"fr_FR","og_type":"article","og_title":"Biocidin TS Throatspray 30 ml - Prosupplements","og_description":"Koop Biocidin TS keelspray bij Prosupplements.nl - vandaag besteld is morgen in huis.","og_url":"https:\/\/prosupplements.nl\/fr\/biocidin\/biocidin-ts-throatspray-30-ml\/","og_site_name":"Prosupplements","article_modified_time":"2025-11-29T17:00:12+00:00","og_image":[{"width":490,"height":550,"url":"https:\/\/prosupplements.nl\/wp-content\/uploads\/2020\/04\/Biocidin-TS-1.png","type":"image\/png"}],"twitter_card":"summary_large_image","twitter_misc":{"Dur\u00e9e de lecture estim\u00e9e":"2 minutes"},"schema":{"@context":"https:\/\/schema.org","@graph":[{"@type":"WebPage","@id":"https:\/\/prosupplements.nl\/fr\/biocidin\/biocidin-ts-throatspray-30-ml\/","url":"https:\/\/prosupplements.nl\/fr\/biocidin\/biocidin-ts-throatspray-30-ml\/","name":"Biocidin TS Throatspray 30 ml - Prosupplements","isPartOf":{"@id":"https:\/\/prosupplements.nl\/fr\/#website"},"primaryImageOfPage":{"@id":"https:\/\/prosupplements.nl\/fr\/biocidin\/biocidin-ts-throatspray-30-ml\/#primaryimage"},"image":{"@id":"https:\/\/prosupplements.nl\/fr\/biocidin\/biocidin-ts-throatspray-30-ml\/#primaryimage"},"thumbnailUrl":"https:\/\/prosupplements.nl\/wp-content\/uploads\/2020\/04\/Biocidin-TS-1.png","datePublished":"2020-04-07T09:52:40+00:00","dateModified":"2025-11-29T17:00:12+00:00","description":"Koop Biocidin TS keelspray bij Prosupplements.nl - vandaag besteld is morgen in huis.","breadcrumb":{"@id":"https:\/\/prosupplements.nl\/fr\/biocidin\/biocidin-ts-throatspray-30-ml\/#breadcrumb"},"inLanguage":"fr-FR","potentialAction":[{"@type":"ReadAction","target":["https:\/\/prosupplements.nl\/fr\/biocidin\/biocidin-ts-throatspray-30-ml\/"]}]},{"@type":"ImageObject","inLanguage":"fr-FR","@id":"https:\/\/prosupplements.nl\/fr\/biocidin\/biocidin-ts-throatspray-30-ml\/#primaryimage","url":"https:\/\/prosupplements.nl\/wp-content\/uploads\/2020\/04\/Biocidin-TS-1.png","contentUrl":"https:\/\/prosupplements.nl\/wp-content\/uploads\/2020\/04\/Biocidin-TS-1.png","width":490,"height":550},{"@type":"BreadcrumbList","@id":"https:\/\/prosupplements.nl\/fr\/biocidin\/biocidin-ts-throatspray-30-ml\/#breadcrumb","itemListElement":[{"@type":"ListItem","position":1,"name":"Accueil","item":"https:\/\/prosupplements.nl\/fr\/"},{"@type":"ListItem","position":2,"name":"Biocidin","item":"https:\/\/prosupplements.nl\/fr\/biocidin-products\/"},{"@type":"ListItem","position":3,"name":"Biocidin TS Throatspray 30 ml"}]},{"@type":"WebSite","@id":"https:\/\/prosupplements.nl\/fr\/#website","url":"https:\/\/prosupplements.nl\/fr\/","name":"Prosupplements","description":"","potentialAction":[{"@type":"SearchAction","target":{"@type":"EntryPoint","urlTemplate":"https:\/\/prosupplements.nl\/fr\/?s={search_term_string}"},"query-input":{"@type":"PropertyValueSpecification","valueRequired":true,"valueName":"search_term_string"}}],"inLanguage":"fr-FR"}]}},"_links":{"self":[{"href":"https:\/\/prosupplements.nl\/fr\/wp-json\/wp\/v2\/product\/1795","targetHints":{"allow":["GET"]}}],"collection":[{"href":"https:\/\/prosupplements.nl\/fr\/wp-json\/wp\/v2\/product"}],"about":[{"href":"https:\/\/prosupplements.nl\/fr\/wp-json\/wp\/v2\/types\/product"}],"wp:featuredmedia":[{"embeddable":true,"href":"https:\/\/prosupplements.nl\/fr\/wp-json\/wp\/v2\/media\/6048"}],"wp:attachment":[{"href":"https:\/\/prosupplements.nl\/fr\/wp-json\/wp\/v2\/media?parent=1795"}],"wp:term":[{"taxonomy":"product_brand","embeddable":true,"href":"https:\/\/prosupplements.nl\/fr\/wp-json\/wp\/v2\/product_brand?post=1795"},{"taxonomy":"product_cat","embeddable":true,"href":"https:\/\/prosupplements.nl\/fr\/wp-json\/wp\/v2\/product_cat?post=1795"},{"taxonomy":"product_tag","embeddable":true,"href":"https:\/\/prosupplements.nl\/fr\/wp-json\/wp\/v2\/product_tag?post=1795"}],"curies":[{"name":"wp","href":"https:\/\/api.w.org\/{rel}","templated":true}]}}