{"id":1804,"date":"2020-02-11T12:06:49","date_gmt":"2020-02-11T12:06:49","guid":{"rendered":"https:\/\/prosupplements.nl\/non%20class\u00e9\/biocidin-olivirex-60-caps\/"},"modified":"2025-09-21T11:37:36","modified_gmt":"2025-09-21T11:37:36","slug":"biocidin-olivirex-60-caps","status":"publish","type":"product","link":"https:\/\/prosupplements.nl\/fr\/biocidin-products\/biocidin-olivirex-60-caps\/","title":{"rendered":"Biocidin Olivirex 60 caps"},"content":{"rendered":"<h2>La formule de Biocidin Olivirex<\/h2>\n<p>Depuis plus de 30 ans, Bio-Botanical Research n&rsquo;utilise que des ingr\u00e9dients 100% naturels. Il en r\u00e9sulte un m\u00e9lange de plantes de la plus haute qualit\u00e9. Les ingr\u00e9dients v\u00e9g\u00e9taux renforcent ainsi l&rsquo;activit\u00e9 de l&rsquo;extrait.<\/p>\n<h2>Avantages de Biocidin Olivirex<\/h2>\n<ul class=\"arrow\">\n<li>Composition <strong>100% v\u00e9g\u00e9tale<\/strong><\/li>\n<li><strong>Pas d&rsquo;additifs inutiles<\/strong><\/li>\n<li><strong>A utiliser en combinaison<\/strong> avec le <a href=\"https:\/\/prosupplements.nl\/biocidin\/biocidin-ts-keelspray-30-ml\/\">spray pour la gorge Biocidin TS<\/a><\/li>\n<\/ul>\n<h2>Ingr\u00e9dients<\/h2>\n<p>Pour que Biocidin Olivirex soit 100% naturel, Bio-Botanical Research n&rsquo;utilise aucun additif. Le compl\u00e9ment ne contient pas de produits laitiers, de colorants et d&rsquo;ar\u00f4mes artificiels, de soja, de ma\u00efs, de gluten et d&rsquo;agents de remplissage synth\u00e9tiques.<\/p>\n<p>Les g\u00e9lules contiennent chacune les ingr\u00e9dients suivants :<\/p>\n<div class=\"col4\">\n<ul class=\"arrow\">\n<li>Extrait de feuilles d&rsquo;olivier (min. 18% d&rsquo;oleurop\u00e9ine)<\/li>\n<li>Feuille d&rsquo;Uva Ursi<\/li>\n<li>Extrait de nonifruit<\/li>\n<li>Racine de pissenlit<\/li>\n<\/ul>\n<\/div>\n<div class=\"col4\">\n<ul class=\"arrow\">\n<li>Ail<\/li>\n<li>Extrait de graines de chardon-marie<\/li>\n<li>Racine d&rsquo;hydraste du Canada<\/li>\n<li>Millepertuis<\/li>\n<\/ul>\n<\/div>\n<div class=\"col4\">\n<ul class=\"arrow\">\n<li>Cordyceps<\/li>\n<li>Ecorce de saule blanc<\/li>\n<li>Fucus v\u00e9siculeux<\/li>\n<li>Extrait de racine de ginseng am\u00e9ricain<\/li>\n<\/ul>\n<\/div>\n<h2>Dosage et conseils de conservation<\/h2>\n<ul class=\"arrow\">\n<li>Prendre 1 \u00e0 2 g\u00e9lules \u00e0 jeun avec un verre d&rsquo;eau.&lt;\/li?<\/li>\n<li>Prendre 2 \u00e0 3 fois par jour (ne pas d\u00e9passer la dose journali\u00e8re).<\/li>\n<li>Tenir hors de port\u00e9e des enfants.<\/li>\n<li>Malheureusement, en vertu de la nouvelle l\u00e9gislation europ\u00e9enne sur les all\u00e9gations de sant\u00e9, nous ne sommes pas autoris\u00e9s \u00e0 indiquer aux consommateurs o\u00f9 les produits Biocidin peuvent \u00eatre utilis\u00e9s.<\/li>\n<\/ul>\n","protected":false},"excerpt":{"rendered":"<p class=\"p1\">Biocidin Olivirex est une formule innovante contenant de l&rsquo;extrait de feuilles d&rsquo;olivier (minimum 18% d&rsquo;oleurop\u00e9ine) et un m\u00e9lange synergique de 11 plantes pour renforcer son action.<\/p>\r\n<p class=\"p1\">Ce m\u00e9lange naturel permet de combiner les g\u00e9lules avec le <a href=\"https:\/\/prosupplements.nl\/biocidin\/biocidin-ts-keelspray-30-ml\/\">spray pour la gorge Biocidin TS <\/a>.<\/p>","protected":false},"featured_media":6114,"template":"","meta":{"_acf_changed":false},"product_brand":[],"product_cat":[51],"product_tag":[58],"class_list":{"0":"post-1804","1":"product","2":"type-product","3":"status-publish","4":"has-post-thumbnail","6":"product_cat-biocidin-products","7":"product_tag-best-sellers","8":"pa_allergenen-geen-fr","9":"pa_dieet-aucun","10":"pa_doseervorm-gelules","11":"pa_geslacht-femme","12":"pa_geslacht-homme","13":"pa_indicaties-cerveau","14":"pa_indicaties-circulation-sanguine","15":"pa_indicaties-coeur-vaisseaux","16":"pa_indicaties-des-vaisseaux-sanguins-sains","17":"pa_indicaties-detox","18":"pa_indicaties-estomac-intestins","19":"pa_indicaties-flore-intestinale","20":"pa_indicaties-paroi-intestinale","21":"pa_indicaties-resistance-saine","22":"pa_indicaties-systeme-immunitaire","23":"pa_indicaties-vitaliteit-energie-fr","24":"pa_leeftijd-adultes","25":"pa_leeftijd-enfants-ados","26":"pa_vitamines-aucune","27":"pa_voedingssupplementen-epices","29":"first","30":"instock","31":"taxable","32":"shipping-taxable","33":"purchasable","34":"product-type-simple"},"acf":[],"yoast_head":"<!-- This site is optimized with the Yoast SEO plugin v27.3 - https:\/\/yoast.com\/product\/yoast-seo-wordpress\/ -->\n<title>Biocidin Olivirex 60 caps - Prosupplements<\/title>\n<meta name=\"description\" content=\"Removal of debris and toxins from the intestinal tract is an important part of any comprehensive cleansing program. G.I. Detox\u2122 contains both pyrophyllite healing clay and activated charcoal for a simple and well tolerated cleansing regime.\" \/>\n<meta name=\"robots\" content=\"index, follow, max-snippet:-1, max-image-preview:large, max-video-preview:-1\" \/>\n<link rel=\"canonical\" href=\"https:\/\/prosupplements.nl\/fr\/biocidin-products\/biocidin-olivirex-60-caps\/\" \/>\n<meta property=\"og:locale\" content=\"fr_FR\" \/>\n<meta property=\"og:type\" content=\"article\" \/>\n<meta property=\"og:title\" content=\"Biocidin Olivirex 60 caps - Prosupplements\" \/>\n<meta property=\"og:description\" content=\"Removal of debris and toxins from the intestinal tract is an important part of any comprehensive cleansing program. G.I. Detox\u2122 contains both pyrophyllite healing clay and activated charcoal for a simple and well tolerated cleansing regime.\" \/>\n<meta property=\"og:url\" content=\"https:\/\/prosupplements.nl\/fr\/biocidin-products\/biocidin-olivirex-60-caps\/\" \/>\n<meta property=\"og:site_name\" content=\"Prosupplements\" \/>\n<meta property=\"article:modified_time\" content=\"2025-09-21T11:37:36+00:00\" \/>\n<meta property=\"og:image\" content=\"https:\/\/prosupplements.nl\/wp-content\/uploads\/2020\/02\/Oliverex.png\" \/>\n\t<meta property=\"og:image:width\" content=\"550\" \/>\n\t<meta property=\"og:image:height\" content=\"550\" \/>\n\t<meta property=\"og:image:type\" content=\"image\/png\" \/>\n<meta name=\"twitter:card\" content=\"summary_large_image\" \/>\n<meta name=\"twitter:label1\" content=\"Dur\u00e9e de lecture estim\u00e9e\" \/>\n\t<meta name=\"twitter:data1\" content=\"2 minutes\" \/>\n<script type=\"application\/ld+json\" class=\"yoast-schema-graph\">{\"@context\":\"https:\\\/\\\/schema.org\",\"@graph\":[{\"@type\":\"WebPage\",\"@id\":\"https:\\\/\\\/prosupplements.nl\\\/fr\\\/biocidin-products\\\/biocidin-olivirex-60-caps\\\/\",\"url\":\"https:\\\/\\\/prosupplements.nl\\\/fr\\\/biocidin-products\\\/biocidin-olivirex-60-caps\\\/\",\"name\":\"Biocidin Olivirex 60 caps - Prosupplements\",\"isPartOf\":{\"@id\":\"https:\\\/\\\/prosupplements.nl\\\/fr\\\/#website\"},\"primaryImageOfPage\":{\"@id\":\"https:\\\/\\\/prosupplements.nl\\\/fr\\\/biocidin-products\\\/biocidin-olivirex-60-caps\\\/#primaryimage\"},\"image\":{\"@id\":\"https:\\\/\\\/prosupplements.nl\\\/fr\\\/biocidin-products\\\/biocidin-olivirex-60-caps\\\/#primaryimage\"},\"thumbnailUrl\":\"https:\\\/\\\/prosupplements.nl\\\/wp-content\\\/uploads\\\/2020\\\/02\\\/Oliverex.png\",\"datePublished\":\"2020-02-11T12:06:49+00:00\",\"dateModified\":\"2025-09-21T11:37:36+00:00\",\"description\":\"Removal of debris and toxins from the intestinal tract is an important part of any comprehensive cleansing program. G.I. Detox\u2122 contains both pyrophyllite healing clay and activated charcoal for a simple and well tolerated cleansing regime.\",\"breadcrumb\":{\"@id\":\"https:\\\/\\\/prosupplements.nl\\\/fr\\\/biocidin-products\\\/biocidin-olivirex-60-caps\\\/#breadcrumb\"},\"inLanguage\":\"fr-FR\",\"potentialAction\":[{\"@type\":\"ReadAction\",\"target\":[\"https:\\\/\\\/prosupplements.nl\\\/fr\\\/biocidin-products\\\/biocidin-olivirex-60-caps\\\/\"]}]},{\"@type\":\"ImageObject\",\"inLanguage\":\"fr-FR\",\"@id\":\"https:\\\/\\\/prosupplements.nl\\\/fr\\\/biocidin-products\\\/biocidin-olivirex-60-caps\\\/#primaryimage\",\"url\":\"https:\\\/\\\/prosupplements.nl\\\/wp-content\\\/uploads\\\/2020\\\/02\\\/Oliverex.png\",\"contentUrl\":\"https:\\\/\\\/prosupplements.nl\\\/wp-content\\\/uploads\\\/2020\\\/02\\\/Oliverex.png\",\"width\":550,\"height\":550},{\"@type\":\"BreadcrumbList\",\"@id\":\"https:\\\/\\\/prosupplements.nl\\\/fr\\\/biocidin-products\\\/biocidin-olivirex-60-caps\\\/#breadcrumb\",\"itemListElement\":[{\"@type\":\"ListItem\",\"position\":1,\"name\":\"Accueil\",\"item\":\"https:\\\/\\\/prosupplements.nl\\\/fr\\\/\"},{\"@type\":\"ListItem\",\"position\":2,\"name\":\"Biocidin\",\"item\":\"https:\\\/\\\/prosupplements.nl\\\/fr\\\/biocidin-products\\\/\"},{\"@type\":\"ListItem\",\"position\":3,\"name\":\"Biocidin Olivirex 60 caps\"}]},{\"@type\":\"WebSite\",\"@id\":\"https:\\\/\\\/prosupplements.nl\\\/fr\\\/#website\",\"url\":\"https:\\\/\\\/prosupplements.nl\\\/fr\\\/\",\"name\":\"Prosupplements\",\"description\":\"\",\"potentialAction\":[{\"@type\":\"SearchAction\",\"target\":{\"@type\":\"EntryPoint\",\"urlTemplate\":\"https:\\\/\\\/prosupplements.nl\\\/fr\\\/?s={search_term_string}\"},\"query-input\":{\"@type\":\"PropertyValueSpecification\",\"valueRequired\":true,\"valueName\":\"search_term_string\"}}],\"inLanguage\":\"fr-FR\"}]}<\/script>\n<!-- \/ Yoast SEO plugin. -->","yoast_head_json":{"title":"Biocidin Olivirex 60 caps - Prosupplements","description":"Removal of debris and toxins from the intestinal tract is an important part of any comprehensive cleansing program. G.I. Detox\u2122 contains both pyrophyllite healing clay and activated charcoal for a simple and well tolerated cleansing regime.","robots":{"index":"index","follow":"follow","max-snippet":"max-snippet:-1","max-image-preview":"max-image-preview:large","max-video-preview":"max-video-preview:-1"},"canonical":"https:\/\/prosupplements.nl\/fr\/biocidin-products\/biocidin-olivirex-60-caps\/","og_locale":"fr_FR","og_type":"article","og_title":"Biocidin Olivirex 60 caps - Prosupplements","og_description":"Removal of debris and toxins from the intestinal tract is an important part of any comprehensive cleansing program. G.I. Detox\u2122 contains both pyrophyllite healing clay and activated charcoal for a simple and well tolerated cleansing regime.","og_url":"https:\/\/prosupplements.nl\/fr\/biocidin-products\/biocidin-olivirex-60-caps\/","og_site_name":"Prosupplements","article_modified_time":"2025-09-21T11:37:36+00:00","og_image":[{"width":550,"height":550,"url":"https:\/\/prosupplements.nl\/wp-content\/uploads\/2020\/02\/Oliverex.png","type":"image\/png"}],"twitter_card":"summary_large_image","twitter_misc":{"Dur\u00e9e de lecture estim\u00e9e":"2 minutes"},"schema":{"@context":"https:\/\/schema.org","@graph":[{"@type":"WebPage","@id":"https:\/\/prosupplements.nl\/fr\/biocidin-products\/biocidin-olivirex-60-caps\/","url":"https:\/\/prosupplements.nl\/fr\/biocidin-products\/biocidin-olivirex-60-caps\/","name":"Biocidin Olivirex 60 caps - Prosupplements","isPartOf":{"@id":"https:\/\/prosupplements.nl\/fr\/#website"},"primaryImageOfPage":{"@id":"https:\/\/prosupplements.nl\/fr\/biocidin-products\/biocidin-olivirex-60-caps\/#primaryimage"},"image":{"@id":"https:\/\/prosupplements.nl\/fr\/biocidin-products\/biocidin-olivirex-60-caps\/#primaryimage"},"thumbnailUrl":"https:\/\/prosupplements.nl\/wp-content\/uploads\/2020\/02\/Oliverex.png","datePublished":"2020-02-11T12:06:49+00:00","dateModified":"2025-09-21T11:37:36+00:00","description":"Removal of debris and toxins from the intestinal tract is an important part of any comprehensive cleansing program. G.I. Detox\u2122 contains both pyrophyllite healing clay and activated charcoal for a simple and well tolerated cleansing regime.","breadcrumb":{"@id":"https:\/\/prosupplements.nl\/fr\/biocidin-products\/biocidin-olivirex-60-caps\/#breadcrumb"},"inLanguage":"fr-FR","potentialAction":[{"@type":"ReadAction","target":["https:\/\/prosupplements.nl\/fr\/biocidin-products\/biocidin-olivirex-60-caps\/"]}]},{"@type":"ImageObject","inLanguage":"fr-FR","@id":"https:\/\/prosupplements.nl\/fr\/biocidin-products\/biocidin-olivirex-60-caps\/#primaryimage","url":"https:\/\/prosupplements.nl\/wp-content\/uploads\/2020\/02\/Oliverex.png","contentUrl":"https:\/\/prosupplements.nl\/wp-content\/uploads\/2020\/02\/Oliverex.png","width":550,"height":550},{"@type":"BreadcrumbList","@id":"https:\/\/prosupplements.nl\/fr\/biocidin-products\/biocidin-olivirex-60-caps\/#breadcrumb","itemListElement":[{"@type":"ListItem","position":1,"name":"Accueil","item":"https:\/\/prosupplements.nl\/fr\/"},{"@type":"ListItem","position":2,"name":"Biocidin","item":"https:\/\/prosupplements.nl\/fr\/biocidin-products\/"},{"@type":"ListItem","position":3,"name":"Biocidin Olivirex 60 caps"}]},{"@type":"WebSite","@id":"https:\/\/prosupplements.nl\/fr\/#website","url":"https:\/\/prosupplements.nl\/fr\/","name":"Prosupplements","description":"","potentialAction":[{"@type":"SearchAction","target":{"@type":"EntryPoint","urlTemplate":"https:\/\/prosupplements.nl\/fr\/?s={search_term_string}"},"query-input":{"@type":"PropertyValueSpecification","valueRequired":true,"valueName":"search_term_string"}}],"inLanguage":"fr-FR"}]}},"_links":{"self":[{"href":"https:\/\/prosupplements.nl\/fr\/wp-json\/wp\/v2\/product\/1804","targetHints":{"allow":["GET"]}}],"collection":[{"href":"https:\/\/prosupplements.nl\/fr\/wp-json\/wp\/v2\/product"}],"about":[{"href":"https:\/\/prosupplements.nl\/fr\/wp-json\/wp\/v2\/types\/product"}],"wp:featuredmedia":[{"embeddable":true,"href":"https:\/\/prosupplements.nl\/fr\/wp-json\/wp\/v2\/media\/6114"}],"wp:attachment":[{"href":"https:\/\/prosupplements.nl\/fr\/wp-json\/wp\/v2\/media?parent=1804"}],"wp:term":[{"taxonomy":"product_brand","embeddable":true,"href":"https:\/\/prosupplements.nl\/fr\/wp-json\/wp\/v2\/product_brand?post=1804"},{"taxonomy":"product_cat","embeddable":true,"href":"https:\/\/prosupplements.nl\/fr\/wp-json\/wp\/v2\/product_cat?post=1804"},{"taxonomy":"product_tag","embeddable":true,"href":"https:\/\/prosupplements.nl\/fr\/wp-json\/wp\/v2\/product_tag?post=1804"}],"curies":[{"name":"wp","href":"https:\/\/api.w.org\/{rel}","templated":true}]}}