{"id":1811,"date":"2020-02-11T12:02:38","date_gmt":"2020-02-11T12:02:38","guid":{"rendered":"https:\/\/prosupplements.nl\/non%20class\u00e9\/biocidin-lsf-50-ml\/"},"modified":"2026-03-06T18:22:43","modified_gmt":"2026-03-06T18:22:43","slug":"biocidin-lsf-50-ml","status":"publish","type":"product","link":"https:\/\/prosupplements.nl\/fr\/biocidin-products\/biocidin-lsf-50-ml\/","title":{"rendered":"Biocidin LSF 50 ml"},"content":{"rendered":"<h2 class=\"p1\">Formule liposomale de Biocidin<\/h2>\n<p class=\"p1\">Les phospholipides sont les principaux \u00e9l\u00e9ments constitutifs de la membrane cellulaire. Lorsqu&rsquo;ils sont plac\u00e9s dans une solution aqueuse dans des conditions particuli\u00e8res, ces phospholipides forment des sph\u00e8res microscopiques en raison de leur structure mol\u00e9culaire. Ces sph\u00e8res minuscules sont appel\u00e9es liposomes.<\/p>\n<p class=\"p1\">En raison de leur composition en acides gras, les liposomes ne sont pas solubles dans l&rsquo;eau et ne sont donc pas susceptibles d&rsquo;\u00eatre d\u00e9grad\u00e9s par le syst\u00e8me digestif.<\/p>\n<p class=\"p1\">Gr\u00e2ce \u00e0 la composition des liposomes, l&rsquo;organisme absorbe efficacement une grande partie des ingr\u00e9dients de Biocidin. Cela se produit avant m\u00eame toute d\u00e9gradation enzymatique significative des lipides dans le c\u00f4lon.<\/p>\n<p class=\"p1\">Malheureusement, en vertu de la nouvelle l\u00e9gislation europ\u00e9enne sur les all\u00e9gations de sant\u00e9, nous ne sommes pas autoris\u00e9s \u00e0 indiquer aux consommateurs o\u00f9 les produits Biocidin peuvent \u00eatre utilis\u00e9s.<\/p>\n<ul class=\"arrow\">\n<li>Avantages de Biocidin LSF<\/li>\n<li>Enti\u00e8rement \u00e0 base de plantes<\/li>\n<li>Issu de l&rsquo;agriculture biologique<\/li>\n<li>Sans substances ajout\u00e9es<\/li>\n<li>A combiner avec Olivirex ou Dentalcidin<\/li>\n<\/ul>\n<h2>Ingr\u00e9dients<\/h2>\n<p>Pour produire le compl\u00e9ment alimentaire Biocidin LSF, Bio-Botanical Research n&rsquo;utilise que des ingr\u00e9dients d&rsquo;origine v\u00e9g\u00e9tale. Biocidin est donc exempt d&rsquo;additifs inutiles, de charges synth\u00e9tiques, d&rsquo;ar\u00f4mes, de gluten et d&rsquo;allerg\u00e8nes.<\/p>\n<p class=\"p1\">Biocidin LSF est compos\u00e9 des ingr\u00e9dients suivants :<\/p>\n<div class=\"row\">\n<div class=\"col4\">\n<ul class=\"arrow\">\n<li>Phospholipides<\/li>\n<li>M\u00e9lange de plantes brevet\u00e9<\/li>\n<li>Extrait de myrtille<\/li>\n<li>Noni<\/li>\n<li>Chardon-marie<\/li>\n<li>Fenouil pigeon<\/li>\n<li>Noyer noir<\/li>\n<\/ul>\n<\/div>\n<div class=\"col4\">\n<ul class=\"arrow\">\n<li>Echinac\u00e9e (purpurea et angustifolia)<\/li>\n<li>Hydraste du Canada<\/li>\n<li>Shiitake<\/li>\n<li>Ecorce de saule blanc<\/li>\n<li>Ail<\/li>\n<li>Extrait de p\u00e9pins de raisin<\/li>\n<\/ul>\n<\/div>\n<div class=\"col4\">\n<ul class=\"arrow\">\n<li>Framboise<\/li>\n<li>Gentiane<\/li>\n<li>Huile de Tea tree<\/li>\n<li>Huile de galbanum<\/li>\n<li>Huile de lavande<\/li>\n<li>Huile d&rsquo;origan<\/li>\n<\/ul>\n<\/div>\n<\/div>\n<h2>Utilisation et dosage de Biocidin LSF<\/h2>\n<ul class=\"arrow\">\n<li>A utiliser \u00e0 jeun, 10 minutes avant le repas.<\/li>\n<li>Au d\u00e9but, pulv\u00e9riser 1 pompe de Biocidin LSF dans la bouche une fois par jour et augmenter \u00e9ventuellement jusqu&rsquo;\u00e0 3 pompes une fois par jour.<\/li>\n<li>Attendre 30 secondes avant d&rsquo;avaler le compl\u00e9ment alimentaire.<\/li>\n<li>Le spray peut \u00eatre pris simultan\u00e9ment avec de l&rsquo;eau.<\/li>\n<li>Utilisable jusqu&rsquo;\u00e0 60 jours apr\u00e8s ouverture.<\/li>\n<li>Ne pas d\u00e9passer la dose journali\u00e8re.<\/li>\n<\/ul>\n","protected":false},"excerpt":{"rendered":"<p class=\"p1\">Biocidin LSF est la forme liposomale de <a href=\"https:\/\/prosupplements.nl\/fr\/biocidin-products\/biocidin-liquid-30-ml\/\">Biocidin Liquid<\/a>, compl\u00e9ment alimentaire r\u00e9put\u00e9 depuis plus de 25 ans. Les liposomes enveloppent les ingr\u00e9dients de Biocidin et forment de minuscules sph\u00e8res pour une absorption efficace.<\/p>\r\n<p class=\"p1\">De cette mani\u00e8re, la diffusion vers les cellules du corps est am\u00e9lior\u00e9e et le moins d&rsquo;ingr\u00e9dients actifs possible sont perdus. Vous pouvez combiner ce produit avec <a href=\"https:\/\/prosupplements.nl\/fr\/biocidin-products\/biocidin-olivirex-60-caps\/\">Biocidin Olivirex<\/a> ou <a href=\"https:\/\/prosupplements.nl\/fr\/dentalcidin-fr\/\">Dentalcidin<\/a>.<\/p>","protected":false},"featured_media":6041,"template":"","meta":{"_acf_changed":false},"product_brand":[],"product_cat":[51],"product_tag":[58],"class_list":{"0":"post-1811","1":"product","2":"type-product","3":"status-publish","4":"has-post-thumbnail","6":"product_cat-biocidin-products","7":"product_tag-best-sellers","8":"pa_allergenen-geen-fr","9":"pa_dieet-aucun","10":"pa_doseervorm-liquide","11":"pa_geslacht-femme","12":"pa_geslacht-homme","13":"pa_indicaties-cerveau","14":"pa_indicaties-circulation-sanguine","15":"pa_indicaties-coeur-vaisseaux","16":"pa_indicaties-des-vaisseaux-sanguins-sains","17":"pa_indicaties-detox","18":"pa_indicaties-estomac-intestins","19":"pa_indicaties-flore-intestinale","20":"pa_indicaties-paroi-intestinale","21":"pa_indicaties-resistance-saine","22":"pa_indicaties-systeme-immunitaire","23":"pa_indicaties-vitaliteit-energie-fr","24":"pa_leeftijd-adultes","25":"pa_leeftijd-enfants-ados","26":"pa_vitamines-aucune","27":"pa_voedingssupplementen-epices","29":"first","30":"instock","31":"taxable","32":"shipping-taxable","33":"purchasable","34":"product-type-simple"},"acf":[],"yoast_head":"<!-- This site is optimized with the Yoast SEO plugin v27.3 - https:\/\/yoast.com\/product\/yoast-seo-wordpress\/ -->\n<title>Biocidin LSF 50 ml - Prosupplements<\/title>\n<meta name=\"description\" content=\"Koop Biocidin LSF 50 ml bij Prosupplements.nl - vandaag besteld is morgen in huis.\" \/>\n<meta name=\"robots\" content=\"index, follow, max-snippet:-1, max-image-preview:large, max-video-preview:-1\" \/>\n<link rel=\"canonical\" href=\"https:\/\/prosupplements.nl\/fr\/biocidin-products\/biocidin-lsf-50-ml\/\" \/>\n<meta property=\"og:locale\" content=\"fr_FR\" \/>\n<meta property=\"og:type\" content=\"article\" \/>\n<meta property=\"og:title\" content=\"Biocidin LSF 50 ml - Prosupplements\" \/>\n<meta property=\"og:description\" content=\"Koop Biocidin LSF 50 ml bij Prosupplements.nl - vandaag besteld is morgen in huis.\" \/>\n<meta property=\"og:url\" content=\"https:\/\/prosupplements.nl\/fr\/biocidin-products\/biocidin-lsf-50-ml\/\" \/>\n<meta property=\"og:site_name\" content=\"Prosupplements\" \/>\n<meta property=\"article:modified_time\" content=\"2026-03-06T18:22:43+00:00\" \/>\n<meta property=\"og:image\" content=\"https:\/\/prosupplements.nl\/wp-content\/uploads\/2020\/02\/biocidin-lsf-1.png\" \/>\n\t<meta property=\"og:image:width\" content=\"550\" \/>\n\t<meta property=\"og:image:height\" content=\"550\" \/>\n\t<meta property=\"og:image:type\" content=\"image\/png\" \/>\n<meta name=\"twitter:card\" content=\"summary_large_image\" \/>\n<meta name=\"twitter:label1\" content=\"Dur\u00e9e de lecture estim\u00e9e\" \/>\n\t<meta name=\"twitter:data1\" content=\"2 minutes\" \/>\n<script type=\"application\/ld+json\" class=\"yoast-schema-graph\">{\"@context\":\"https:\\\/\\\/schema.org\",\"@graph\":[{\"@type\":\"WebPage\",\"@id\":\"https:\\\/\\\/prosupplements.nl\\\/fr\\\/biocidin-products\\\/biocidin-lsf-50-ml\\\/\",\"url\":\"https:\\\/\\\/prosupplements.nl\\\/fr\\\/biocidin-products\\\/biocidin-lsf-50-ml\\\/\",\"name\":\"Biocidin LSF 50 ml - Prosupplements\",\"isPartOf\":{\"@id\":\"https:\\\/\\\/prosupplements.nl\\\/fr\\\/#website\"},\"primaryImageOfPage\":{\"@id\":\"https:\\\/\\\/prosupplements.nl\\\/fr\\\/biocidin-products\\\/biocidin-lsf-50-ml\\\/#primaryimage\"},\"image\":{\"@id\":\"https:\\\/\\\/prosupplements.nl\\\/fr\\\/biocidin-products\\\/biocidin-lsf-50-ml\\\/#primaryimage\"},\"thumbnailUrl\":\"https:\\\/\\\/prosupplements.nl\\\/wp-content\\\/uploads\\\/2020\\\/02\\\/biocidin-lsf-1.png\",\"datePublished\":\"2020-02-11T12:02:38+00:00\",\"dateModified\":\"2026-03-06T18:22:43+00:00\",\"description\":\"Koop Biocidin LSF 50 ml bij Prosupplements.nl - vandaag besteld is morgen in huis.\",\"breadcrumb\":{\"@id\":\"https:\\\/\\\/prosupplements.nl\\\/fr\\\/biocidin-products\\\/biocidin-lsf-50-ml\\\/#breadcrumb\"},\"inLanguage\":\"fr-FR\",\"potentialAction\":[{\"@type\":\"ReadAction\",\"target\":[\"https:\\\/\\\/prosupplements.nl\\\/fr\\\/biocidin-products\\\/biocidin-lsf-50-ml\\\/\"]}]},{\"@type\":\"ImageObject\",\"inLanguage\":\"fr-FR\",\"@id\":\"https:\\\/\\\/prosupplements.nl\\\/fr\\\/biocidin-products\\\/biocidin-lsf-50-ml\\\/#primaryimage\",\"url\":\"https:\\\/\\\/prosupplements.nl\\\/wp-content\\\/uploads\\\/2020\\\/02\\\/biocidin-lsf-1.png\",\"contentUrl\":\"https:\\\/\\\/prosupplements.nl\\\/wp-content\\\/uploads\\\/2020\\\/02\\\/biocidin-lsf-1.png\",\"width\":550,\"height\":550},{\"@type\":\"BreadcrumbList\",\"@id\":\"https:\\\/\\\/prosupplements.nl\\\/fr\\\/biocidin-products\\\/biocidin-lsf-50-ml\\\/#breadcrumb\",\"itemListElement\":[{\"@type\":\"ListItem\",\"position\":1,\"name\":\"Accueil\",\"item\":\"https:\\\/\\\/prosupplements.nl\\\/fr\\\/\"},{\"@type\":\"ListItem\",\"position\":2,\"name\":\"Biocidin\",\"item\":\"https:\\\/\\\/prosupplements.nl\\\/fr\\\/biocidin-products\\\/\"},{\"@type\":\"ListItem\",\"position\":3,\"name\":\"Biocidin LSF 50 ml\"}]},{\"@type\":\"WebSite\",\"@id\":\"https:\\\/\\\/prosupplements.nl\\\/fr\\\/#website\",\"url\":\"https:\\\/\\\/prosupplements.nl\\\/fr\\\/\",\"name\":\"Prosupplements\",\"description\":\"\",\"potentialAction\":[{\"@type\":\"SearchAction\",\"target\":{\"@type\":\"EntryPoint\",\"urlTemplate\":\"https:\\\/\\\/prosupplements.nl\\\/fr\\\/?s={search_term_string}\"},\"query-input\":{\"@type\":\"PropertyValueSpecification\",\"valueRequired\":true,\"valueName\":\"search_term_string\"}}],\"inLanguage\":\"fr-FR\"}]}<\/script>\n<!-- \/ Yoast SEO plugin. -->","yoast_head_json":{"title":"Biocidin LSF 50 ml - Prosupplements","description":"Koop Biocidin LSF 50 ml bij Prosupplements.nl - vandaag besteld is morgen in huis.","robots":{"index":"index","follow":"follow","max-snippet":"max-snippet:-1","max-image-preview":"max-image-preview:large","max-video-preview":"max-video-preview:-1"},"canonical":"https:\/\/prosupplements.nl\/fr\/biocidin-products\/biocidin-lsf-50-ml\/","og_locale":"fr_FR","og_type":"article","og_title":"Biocidin LSF 50 ml - Prosupplements","og_description":"Koop Biocidin LSF 50 ml bij Prosupplements.nl - vandaag besteld is morgen in huis.","og_url":"https:\/\/prosupplements.nl\/fr\/biocidin-products\/biocidin-lsf-50-ml\/","og_site_name":"Prosupplements","article_modified_time":"2026-03-06T18:22:43+00:00","og_image":[{"width":550,"height":550,"url":"https:\/\/prosupplements.nl\/wp-content\/uploads\/2020\/02\/biocidin-lsf-1.png","type":"image\/png"}],"twitter_card":"summary_large_image","twitter_misc":{"Dur\u00e9e de lecture estim\u00e9e":"2 minutes"},"schema":{"@context":"https:\/\/schema.org","@graph":[{"@type":"WebPage","@id":"https:\/\/prosupplements.nl\/fr\/biocidin-products\/biocidin-lsf-50-ml\/","url":"https:\/\/prosupplements.nl\/fr\/biocidin-products\/biocidin-lsf-50-ml\/","name":"Biocidin LSF 50 ml - Prosupplements","isPartOf":{"@id":"https:\/\/prosupplements.nl\/fr\/#website"},"primaryImageOfPage":{"@id":"https:\/\/prosupplements.nl\/fr\/biocidin-products\/biocidin-lsf-50-ml\/#primaryimage"},"image":{"@id":"https:\/\/prosupplements.nl\/fr\/biocidin-products\/biocidin-lsf-50-ml\/#primaryimage"},"thumbnailUrl":"https:\/\/prosupplements.nl\/wp-content\/uploads\/2020\/02\/biocidin-lsf-1.png","datePublished":"2020-02-11T12:02:38+00:00","dateModified":"2026-03-06T18:22:43+00:00","description":"Koop Biocidin LSF 50 ml bij Prosupplements.nl - vandaag besteld is morgen in huis.","breadcrumb":{"@id":"https:\/\/prosupplements.nl\/fr\/biocidin-products\/biocidin-lsf-50-ml\/#breadcrumb"},"inLanguage":"fr-FR","potentialAction":[{"@type":"ReadAction","target":["https:\/\/prosupplements.nl\/fr\/biocidin-products\/biocidin-lsf-50-ml\/"]}]},{"@type":"ImageObject","inLanguage":"fr-FR","@id":"https:\/\/prosupplements.nl\/fr\/biocidin-products\/biocidin-lsf-50-ml\/#primaryimage","url":"https:\/\/prosupplements.nl\/wp-content\/uploads\/2020\/02\/biocidin-lsf-1.png","contentUrl":"https:\/\/prosupplements.nl\/wp-content\/uploads\/2020\/02\/biocidin-lsf-1.png","width":550,"height":550},{"@type":"BreadcrumbList","@id":"https:\/\/prosupplements.nl\/fr\/biocidin-products\/biocidin-lsf-50-ml\/#breadcrumb","itemListElement":[{"@type":"ListItem","position":1,"name":"Accueil","item":"https:\/\/prosupplements.nl\/fr\/"},{"@type":"ListItem","position":2,"name":"Biocidin","item":"https:\/\/prosupplements.nl\/fr\/biocidin-products\/"},{"@type":"ListItem","position":3,"name":"Biocidin LSF 50 ml"}]},{"@type":"WebSite","@id":"https:\/\/prosupplements.nl\/fr\/#website","url":"https:\/\/prosupplements.nl\/fr\/","name":"Prosupplements","description":"","potentialAction":[{"@type":"SearchAction","target":{"@type":"EntryPoint","urlTemplate":"https:\/\/prosupplements.nl\/fr\/?s={search_term_string}"},"query-input":{"@type":"PropertyValueSpecification","valueRequired":true,"valueName":"search_term_string"}}],"inLanguage":"fr-FR"}]}},"_links":{"self":[{"href":"https:\/\/prosupplements.nl\/fr\/wp-json\/wp\/v2\/product\/1811","targetHints":{"allow":["GET"]}}],"collection":[{"href":"https:\/\/prosupplements.nl\/fr\/wp-json\/wp\/v2\/product"}],"about":[{"href":"https:\/\/prosupplements.nl\/fr\/wp-json\/wp\/v2\/types\/product"}],"wp:featuredmedia":[{"embeddable":true,"href":"https:\/\/prosupplements.nl\/fr\/wp-json\/wp\/v2\/media\/6041"}],"wp:attachment":[{"href":"https:\/\/prosupplements.nl\/fr\/wp-json\/wp\/v2\/media?parent=1811"}],"wp:term":[{"taxonomy":"product_brand","embeddable":true,"href":"https:\/\/prosupplements.nl\/fr\/wp-json\/wp\/v2\/product_brand?post=1811"},{"taxonomy":"product_cat","embeddable":true,"href":"https:\/\/prosupplements.nl\/fr\/wp-json\/wp\/v2\/product_cat?post=1811"},{"taxonomy":"product_tag","embeddable":true,"href":"https:\/\/prosupplements.nl\/fr\/wp-json\/wp\/v2\/product_tag?post=1811"}],"curies":[{"name":"wp","href":"https:\/\/api.w.org\/{rel}","templated":true}]}}