{"id":1815,"date":"2020-02-11T10:22:31","date_gmt":"2020-02-11T10:22:31","guid":{"rendered":"https:\/\/prosupplements.nl\/non%20class\u00e9\/biocidin-liquid-30-ml\/"},"modified":"2026-04-12T17:25:50","modified_gmt":"2026-04-12T17:25:50","slug":"biocidin-liquid-30-ml","status":"publish","type":"product","link":"https:\/\/prosupplements.nl\/fr\/biocidin-products\/biocidin-liquid-30-ml\/","title":{"rendered":"Biocidin Liquid 30 ml"},"content":{"rendered":"<h2>La formule de Biocidin<\/h2>\n<p>Biocidin Liquid est enti\u00e8rement compos\u00e9 des meilleurs ingr\u00e9dients v\u00e9g\u00e9taux.<br \/>\nBiocidin Liquid a combin\u00e9 ces herbes, huiles et extraits de plantes en un suppl\u00e9ment de haute qualit\u00e9.<\/p>\n<h2>Avantages de Biocidin Liquid<\/h2>\n<ul>\n<li>Composition <strong>\u00e0 base de plantes<\/strong><\/li>\n<li>Compl\u00e9ment <strong>100% biologique<\/strong><\/li>\n<li><strong>Pr\u00e9paration liquide<\/strong> au go\u00fbt agr\u00e9able et bien tol\u00e9r\u00e9e par les (petits) enfants (\u00e9galement disponible en g\u00e9lules)<\/li>\n<li>Peut \u00eatre pris<strong> \u00e0 jeun<\/strong><\/li>\n<\/ul>\n<h2>Ingr\u00e9dients<\/h2>\n<p>Tous les compl\u00e9ments de Biodicin sont enti\u00e8rement compos\u00e9s d&rsquo;ingr\u00e9dients d&rsquo;origine v\u00e9g\u00e9tale. Biocidin\u00ae n&rsquo;utilise pas d&rsquo;additifs inutiles, tels que des ar\u00f4mes synth\u00e9tiques et des agents de remplissage, des allerg\u00e8nes et du gluten.<\/p>\n<p>Les ingr\u00e9dients suivants peuvent \u00eatre trouv\u00e9s dans Biocidin Liquid:<\/p>\n<div class=\"col4\">\n<ul class=\"arrow\">\n<li>Myrtillus (25% d&rsquo;anthocyanosides),<\/li>\n<li>Noni<\/li>\n<li>Carduus marianus<\/li>\n<li>Echinacea (purpurea &amp; angustifolia)<\/li>\n<li>Hydrastis canadenis<\/li>\n<li>Shiitake<\/li>\n<\/ul>\n<\/div>\n<div class=\"col4\">\n<ul class=\"arrow\">\n<li>Salix alba (cortex)<\/li>\n<li>Allium sativum<\/li>\n<li>Vitis Viniferae (semence) min. 90% polyph\u00e9nols<\/li>\n<li>Juglans Nigra (folium, cortex fructus)<\/li>\n<li>Rubus Idaeus<\/li>\n<li>Fumaria officinalis<\/li>\n<\/ul>\n<\/div>\n<div class=\"col4\">\n<ul class=\"arrow\">\n<li>Gentiana lutea<\/li>\n<li>Melaleuca alternifolia<\/li>\n<li>Oleum Galbanum (r\u00e9sine)<\/li>\n<li>Oleum Lavandula<\/li>\n<li>Ol\u00e9um Origan<\/li>\n<li>Glyc\u00e9rine v\u00e9g\u00e9tale<\/li>\n<li>&lt;5% d&rsquo;alcool<\/li>\n<\/ul>\n<\/div>\n<h2>Dosage et utilisation de Biocidin Liquid<\/h2>\n<p>Commencez par 1 goutte et augmentez la dose jusqu&rsquo;\u00e0 5 gouttes 3 fois par jour (avant un repas), sauf prescription contraire d&rsquo;un m\u00e9decin ou d&rsquo;un th\u00e9rapeute. Pour les enfants, la dose est de 1 goutte pour 5 kg de poids corporel, \u00e0 r\u00e9partir en 2 ou 3 doses. Ne pas d\u00e9passer la dose recommand\u00e9e et arr\u00eater la prise du compl\u00e9ment en cas d&rsquo;effets ind\u00e9sirables.<\/p>\n<h2>Avertissement<\/h2>\n<ul class=\"arrow\">\n<li style=\"list-style-type: none;\">\n<ul class=\"arrow\">\n<li>Ne pas utiliser Biocidin Liquid pendant la grossesse ou l&rsquo;allaitement.<\/li>\n<li>Conserver le compl\u00e9ment au sec, \u00e0 temp\u00e9rature ambiante et hors de port\u00e9e des enfants.<\/li>\n<\/ul>\n<\/li>\n<\/ul>\n<p><strong>Note<\/strong>: Un compl\u00e9ment alimentaire ne remplace pas un r\u00e9gime alimentaire vari\u00e9.<\/p>\n<p><strong>Disclaimer<\/strong><\/p>\n<p>Malheureusement, en vertu de la nouvelle l\u00e9gislation europ\u00e9enne sur les all\u00e9gations de sant\u00e9, nous ne sommes pas autoris\u00e9s \u00e0 informer les consommateurs sur notre site web des utilisations possibles des produits Biocidin.<\/p>\n","protected":false},"excerpt":{"rendered":"<ul class=\"arrow\">\r\n \t<li>Biocidin\u00ae est une combinaison d&rsquo;ingr\u00e9dients botaniques. Les ingr\u00e9dients botaniques de Biocidin ont \u00e9galement des applications syst\u00e9miques. La formule est disponible sous forme de liquide ou de g\u00e9lule, de formule liposomale, de spray pour la gorge et dans le <a href=\"\/en\/biocidin\/dentalcidin-90-ml\/\">Dentalcidin\u2122 dentifrice<\/a> et la <a href=\"\/en\/biocidin\/dentalcidin-ls-30-ml\/\">solution d&rsquo;hygi\u00e8ne bucco-dentaire Dentalcidin\u2122<\/a>.<\/li>\r\n<\/ul>","protected":false},"featured_media":6005,"template":"","meta":{"_acf_changed":false},"product_brand":[],"product_cat":[51],"product_tag":[58,442],"class_list":{"0":"post-1815","1":"product","2":"type-product","3":"status-publish","4":"has-post-thumbnail","6":"product_cat-biocidin-products","7":"product_tag-best-sellers","8":"product_tag-mis-en-exergue","9":"pa_allergenen-geen-fr","10":"pa_dieet-aucun","11":"pa_doseervorm-liquide","12":"pa_geslacht-femme","13":"pa_geslacht-homme","14":"pa_indicaties-cerveau","15":"pa_indicaties-circulation-sanguine","16":"pa_indicaties-coeur-vaisseaux","17":"pa_indicaties-des-vaisseaux-sanguins-sains","18":"pa_indicaties-detox","19":"pa_indicaties-estomac-intestins","20":"pa_indicaties-flore-intestinale","21":"pa_indicaties-paroi-intestinale","22":"pa_indicaties-resistance-saine","23":"pa_indicaties-systeme-immunitaire","24":"pa_indicaties-vitaliteit-energie-fr","25":"pa_leeftijd-enfants-ados","26":"pa_vitamines-aucune","27":"pa_voedingssupplementen-epices","29":"first","30":"instock","31":"taxable","32":"shipping-taxable","33":"purchasable","34":"product-type-simple"},"acf":[],"yoast_head":"<!-- This site is optimized with the Yoast SEO plugin v27.3 - https:\/\/yoast.com\/product\/yoast-seo-wordpress\/ -->\n<title>Biocidin Liquid 30 ml - Prosupplements<\/title>\n<meta name=\"description\" content=\"Koop Biocidin direct online bij Prosupplements.nl - Vandaag besteld is morgen in huis.\" \/>\n<meta name=\"robots\" content=\"index, follow, max-snippet:-1, max-image-preview:large, max-video-preview:-1\" \/>\n<link rel=\"canonical\" href=\"https:\/\/prosupplements.nl\/fr\/biocidin-products\/biocidin-liquid-30-ml\/\" \/>\n<meta property=\"og:locale\" content=\"fr_FR\" \/>\n<meta property=\"og:type\" content=\"article\" \/>\n<meta property=\"og:title\" content=\"Biocidin Liquid 30 ml - Prosupplements\" \/>\n<meta property=\"og:description\" content=\"Koop Biocidin direct online bij Prosupplements.nl - Vandaag besteld is morgen in huis.\" \/>\n<meta property=\"og:url\" content=\"https:\/\/prosupplements.nl\/fr\/biocidin-products\/biocidin-liquid-30-ml\/\" \/>\n<meta property=\"og:site_name\" content=\"Prosupplements\" \/>\n<meta property=\"article:modified_time\" content=\"2026-04-12T17:25:50+00:00\" \/>\n<meta property=\"og:image\" content=\"https:\/\/prosupplements.nl\/wp-content\/uploads\/2020\/02\/Biocidin-1.png\" \/>\n\t<meta property=\"og:image:width\" content=\"235\" \/>\n\t<meta property=\"og:image:height\" content=\"550\" \/>\n\t<meta property=\"og:image:type\" content=\"image\/png\" \/>\n<meta name=\"twitter:card\" content=\"summary_large_image\" \/>\n<meta name=\"twitter:label1\" content=\"Dur\u00e9e de lecture estim\u00e9e\" \/>\n\t<meta name=\"twitter:data1\" content=\"2 minutes\" \/>\n<script type=\"application\/ld+json\" class=\"yoast-schema-graph\">{\"@context\":\"https:\\\/\\\/schema.org\",\"@graph\":[{\"@type\":\"WebPage\",\"@id\":\"https:\\\/\\\/prosupplements.nl\\\/fr\\\/biocidin-products\\\/biocidin-liquid-30-ml\\\/\",\"url\":\"https:\\\/\\\/prosupplements.nl\\\/fr\\\/biocidin-products\\\/biocidin-liquid-30-ml\\\/\",\"name\":\"Biocidin Liquid 30 ml - Prosupplements\",\"isPartOf\":{\"@id\":\"https:\\\/\\\/prosupplements.nl\\\/fr\\\/#website\"},\"primaryImageOfPage\":{\"@id\":\"https:\\\/\\\/prosupplements.nl\\\/fr\\\/biocidin-products\\\/biocidin-liquid-30-ml\\\/#primaryimage\"},\"image\":{\"@id\":\"https:\\\/\\\/prosupplements.nl\\\/fr\\\/biocidin-products\\\/biocidin-liquid-30-ml\\\/#primaryimage\"},\"thumbnailUrl\":\"https:\\\/\\\/prosupplements.nl\\\/wp-content\\\/uploads\\\/2020\\\/02\\\/Biocidin-1.png\",\"datePublished\":\"2020-02-11T10:22:31+00:00\",\"dateModified\":\"2026-04-12T17:25:50+00:00\",\"description\":\"Koop Biocidin direct online bij Prosupplements.nl - Vandaag besteld is morgen in huis.\",\"breadcrumb\":{\"@id\":\"https:\\\/\\\/prosupplements.nl\\\/fr\\\/biocidin-products\\\/biocidin-liquid-30-ml\\\/#breadcrumb\"},\"inLanguage\":\"fr-FR\",\"potentialAction\":[{\"@type\":\"ReadAction\",\"target\":[\"https:\\\/\\\/prosupplements.nl\\\/fr\\\/biocidin-products\\\/biocidin-liquid-30-ml\\\/\"]}]},{\"@type\":\"ImageObject\",\"inLanguage\":\"fr-FR\",\"@id\":\"https:\\\/\\\/prosupplements.nl\\\/fr\\\/biocidin-products\\\/biocidin-liquid-30-ml\\\/#primaryimage\",\"url\":\"https:\\\/\\\/prosupplements.nl\\\/wp-content\\\/uploads\\\/2020\\\/02\\\/Biocidin-1.png\",\"contentUrl\":\"https:\\\/\\\/prosupplements.nl\\\/wp-content\\\/uploads\\\/2020\\\/02\\\/Biocidin-1.png\",\"width\":235,\"height\":550},{\"@type\":\"BreadcrumbList\",\"@id\":\"https:\\\/\\\/prosupplements.nl\\\/fr\\\/biocidin-products\\\/biocidin-liquid-30-ml\\\/#breadcrumb\",\"itemListElement\":[{\"@type\":\"ListItem\",\"position\":1,\"name\":\"Accueil\",\"item\":\"https:\\\/\\\/prosupplements.nl\\\/fr\\\/\"},{\"@type\":\"ListItem\",\"position\":2,\"name\":\"Biocidin\",\"item\":\"https:\\\/\\\/prosupplements.nl\\\/fr\\\/biocidin-products\\\/\"},{\"@type\":\"ListItem\",\"position\":3,\"name\":\"Biocidin Liquid 30 ml\"}]},{\"@type\":\"WebSite\",\"@id\":\"https:\\\/\\\/prosupplements.nl\\\/fr\\\/#website\",\"url\":\"https:\\\/\\\/prosupplements.nl\\\/fr\\\/\",\"name\":\"Prosupplements\",\"description\":\"\",\"potentialAction\":[{\"@type\":\"SearchAction\",\"target\":{\"@type\":\"EntryPoint\",\"urlTemplate\":\"https:\\\/\\\/prosupplements.nl\\\/fr\\\/?s={search_term_string}\"},\"query-input\":{\"@type\":\"PropertyValueSpecification\",\"valueRequired\":true,\"valueName\":\"search_term_string\"}}],\"inLanguage\":\"fr-FR\"}]}<\/script>\n<!-- \/ Yoast SEO plugin. -->","yoast_head_json":{"title":"Biocidin Liquid 30 ml - Prosupplements","description":"Koop Biocidin direct online bij Prosupplements.nl - Vandaag besteld is morgen in huis.","robots":{"index":"index","follow":"follow","max-snippet":"max-snippet:-1","max-image-preview":"max-image-preview:large","max-video-preview":"max-video-preview:-1"},"canonical":"https:\/\/prosupplements.nl\/fr\/biocidin-products\/biocidin-liquid-30-ml\/","og_locale":"fr_FR","og_type":"article","og_title":"Biocidin Liquid 30 ml - Prosupplements","og_description":"Koop Biocidin direct online bij Prosupplements.nl - Vandaag besteld is morgen in huis.","og_url":"https:\/\/prosupplements.nl\/fr\/biocidin-products\/biocidin-liquid-30-ml\/","og_site_name":"Prosupplements","article_modified_time":"2026-04-12T17:25:50+00:00","og_image":[{"width":235,"height":550,"url":"https:\/\/prosupplements.nl\/wp-content\/uploads\/2020\/02\/Biocidin-1.png","type":"image\/png"}],"twitter_card":"summary_large_image","twitter_misc":{"Dur\u00e9e de lecture estim\u00e9e":"2 minutes"},"schema":{"@context":"https:\/\/schema.org","@graph":[{"@type":"WebPage","@id":"https:\/\/prosupplements.nl\/fr\/biocidin-products\/biocidin-liquid-30-ml\/","url":"https:\/\/prosupplements.nl\/fr\/biocidin-products\/biocidin-liquid-30-ml\/","name":"Biocidin Liquid 30 ml - Prosupplements","isPartOf":{"@id":"https:\/\/prosupplements.nl\/fr\/#website"},"primaryImageOfPage":{"@id":"https:\/\/prosupplements.nl\/fr\/biocidin-products\/biocidin-liquid-30-ml\/#primaryimage"},"image":{"@id":"https:\/\/prosupplements.nl\/fr\/biocidin-products\/biocidin-liquid-30-ml\/#primaryimage"},"thumbnailUrl":"https:\/\/prosupplements.nl\/wp-content\/uploads\/2020\/02\/Biocidin-1.png","datePublished":"2020-02-11T10:22:31+00:00","dateModified":"2026-04-12T17:25:50+00:00","description":"Koop Biocidin direct online bij Prosupplements.nl - Vandaag besteld is morgen in huis.","breadcrumb":{"@id":"https:\/\/prosupplements.nl\/fr\/biocidin-products\/biocidin-liquid-30-ml\/#breadcrumb"},"inLanguage":"fr-FR","potentialAction":[{"@type":"ReadAction","target":["https:\/\/prosupplements.nl\/fr\/biocidin-products\/biocidin-liquid-30-ml\/"]}]},{"@type":"ImageObject","inLanguage":"fr-FR","@id":"https:\/\/prosupplements.nl\/fr\/biocidin-products\/biocidin-liquid-30-ml\/#primaryimage","url":"https:\/\/prosupplements.nl\/wp-content\/uploads\/2020\/02\/Biocidin-1.png","contentUrl":"https:\/\/prosupplements.nl\/wp-content\/uploads\/2020\/02\/Biocidin-1.png","width":235,"height":550},{"@type":"BreadcrumbList","@id":"https:\/\/prosupplements.nl\/fr\/biocidin-products\/biocidin-liquid-30-ml\/#breadcrumb","itemListElement":[{"@type":"ListItem","position":1,"name":"Accueil","item":"https:\/\/prosupplements.nl\/fr\/"},{"@type":"ListItem","position":2,"name":"Biocidin","item":"https:\/\/prosupplements.nl\/fr\/biocidin-products\/"},{"@type":"ListItem","position":3,"name":"Biocidin Liquid 30 ml"}]},{"@type":"WebSite","@id":"https:\/\/prosupplements.nl\/fr\/#website","url":"https:\/\/prosupplements.nl\/fr\/","name":"Prosupplements","description":"","potentialAction":[{"@type":"SearchAction","target":{"@type":"EntryPoint","urlTemplate":"https:\/\/prosupplements.nl\/fr\/?s={search_term_string}"},"query-input":{"@type":"PropertyValueSpecification","valueRequired":true,"valueName":"search_term_string"}}],"inLanguage":"fr-FR"}]}},"_links":{"self":[{"href":"https:\/\/prosupplements.nl\/fr\/wp-json\/wp\/v2\/product\/1815","targetHints":{"allow":["GET"]}}],"collection":[{"href":"https:\/\/prosupplements.nl\/fr\/wp-json\/wp\/v2\/product"}],"about":[{"href":"https:\/\/prosupplements.nl\/fr\/wp-json\/wp\/v2\/types\/product"}],"wp:featuredmedia":[{"embeddable":true,"href":"https:\/\/prosupplements.nl\/fr\/wp-json\/wp\/v2\/media\/6005"}],"wp:attachment":[{"href":"https:\/\/prosupplements.nl\/fr\/wp-json\/wp\/v2\/media?parent=1815"}],"wp:term":[{"taxonomy":"product_brand","embeddable":true,"href":"https:\/\/prosupplements.nl\/fr\/wp-json\/wp\/v2\/product_brand?post=1815"},{"taxonomy":"product_cat","embeddable":true,"href":"https:\/\/prosupplements.nl\/fr\/wp-json\/wp\/v2\/product_cat?post=1815"},{"taxonomy":"product_tag","embeddable":true,"href":"https:\/\/prosupplements.nl\/fr\/wp-json\/wp\/v2\/product_tag?post=1815"}],"curies":[{"name":"wp","href":"https:\/\/api.w.org\/{rel}","templated":true}]}}