{"id":9614,"date":"2021-10-14T13:28:41","date_gmt":"2021-10-14T13:28:41","guid":{"rendered":"https:\/\/prosupplements.nl\/?post_type=product&#038;p=9614"},"modified":"2023-07-26T08:06:01","modified_gmt":"2023-07-26T08:06:01","slug":"revactin-120-caps","status":"publish","type":"product","link":"https:\/\/prosupplements.nl\/fr\/revactin-fr\/revactin-120-caps\/","title":{"rendered":"REVACTIN 120 CAPS\u00ae"},"content":{"rendered":"<h2 class=\"p1\">Dosage recommand\u00e9<\/h2>\n<p class=\"p1\">2 fois par jour 2 capsules de pr\u00e9f\u00e9rence avant les repas. En cas de sensation de br\u00fblure d&rsquo;estomac caus\u00e9e par le gingembre, prendre les capsules avec 3 verres d&rsquo;eau ou apr\u00e8s les repas.<\/p>\n<p class=\"p1\">Ne pas d\u00e9passer la dose recommand\u00e9e et arr\u00eater l&rsquo;utilisation en cas d&rsquo;effets ind\u00e9sirables.<\/p>\n<p class=\"p1\"><strong>Attention<\/strong>: ne pas utiliser pendant la grossesse et l&rsquo;allaitement.<\/p>\n<p class=\"p1\">Tenir hors de port\u00e9e des enfants.<\/p>\n<p class=\"p1\">Conserver dans un endroit sec et \u00e0 temp\u00e9rature ambiante.<\/p>\n<p class=\"p1\">Un compl\u00e9ment alimentaire ne peut se substituer \u00e0 un r\u00e9gime alimentaire vari\u00e9.<\/p>\n<p class=\"p1\"><strong>Clause de non-responsabilit\u00e9<\/strong><\/p>\n<p class=\"p1\">Malheureusement, en vertu de la nouvelle l\u00e9gislation europ\u00e9enne sur les all\u00e9gations de sant\u00e9, nous ne sommes pas autoris\u00e9s \u00e0 informer les consommateurs sur les utilisations de nos produits.<\/p>\n","protected":false},"excerpt":{"rendered":"Par 2 capsules, Revactin\u00ae contient un m\u00e9lange brevet\u00e9 (1,55 grammes) de:\r\n<ul class=\"arrow\">\r\n \t<li>L-Citrulline<\/li>\r\n \t<li>Extrait de muira puama<\/li>\r\n \t<li>Extrait de guarana*<\/li>\r\n \t<li>Extrait de gingembre<\/li>\r\n<\/ul>\r\n*fournit 30mg de caf\u00e9ine","protected":false},"featured_media":3231,"template":"","meta":{"_acf_changed":false},"product_brand":[],"product_cat":[383],"product_tag":[],"class_list":{"0":"post-9614","1":"product","2":"type-product","3":"status-publish","4":"has-post-thumbnail","6":"product_cat-revactin-fr","7":"pa_allergenen-geen-fr","8":"pa_dieet-aucun","9":"pa_doseervorm-gelules","10":"pa_geslacht-homme","11":"pa_indicaties-circulation-sanguine","12":"pa_indicaties-coeur-vaisseaux","13":"pa_indicaties-des-vaisseaux-sanguins-sains","14":"pa_indicaties-humeur","15":"pa_indicaties-libido-fr","16":"pa_indicaties-vitaliteit-energie-fr","17":"pa_leeftijd-adultes","18":"pa_leeftijd-anti-age","19":"pa_vitamines-aucune","20":"pa_voedingssupplementen-acides-amines","21":"pa_voedingssupplementen-epices","23":"first","24":"instock","25":"taxable","26":"shipping-taxable","27":"purchasable","28":"product-type-simple"},"acf":[],"yoast_head":"<!-- This site is optimized with the Yoast SEO plugin v27.3 - https:\/\/yoast.com\/product\/yoast-seo-wordpress\/ -->\n<title>REVACTIN 120 CAPS\u00ae - Prosupplements<\/title>\n<meta name=\"robots\" content=\"index, follow, max-snippet:-1, max-image-preview:large, max-video-preview:-1\" \/>\n<link rel=\"canonical\" href=\"https:\/\/prosupplements.nl\/fr\/revactin-fr\/revactin-120-caps\/\" \/>\n<meta property=\"og:locale\" content=\"fr_FR\" \/>\n<meta property=\"og:type\" content=\"article\" \/>\n<meta property=\"og:title\" content=\"REVACTIN 120 CAPS\u00ae - Prosupplements\" \/>\n<meta property=\"og:description\" content=\"Par 2 capsules, Revactin\u00ae contient un m\u00e9lange brevet\u00e9 (1,55 grammes) de:   L-Citrulline  Extrait de muira puama  Extrait de guarana*  Extrait de gingembre  *fournit 30mg de caf\u00e9ine\" \/>\n<meta property=\"og:url\" content=\"https:\/\/prosupplements.nl\/fr\/revactin-fr\/revactin-120-caps\/\" \/>\n<meta property=\"og:site_name\" content=\"Prosupplements\" \/>\n<meta property=\"article:modified_time\" content=\"2023-07-26T08:06:01+00:00\" \/>\n<meta property=\"og:image\" content=\"https:\/\/prosupplements.nl\/wp-content\/uploads\/2021\/10\/revactin.png\" \/>\n\t<meta property=\"og:image:width\" content=\"442\" \/>\n\t<meta property=\"og:image:height\" content=\"416\" \/>\n\t<meta property=\"og:image:type\" content=\"image\/png\" \/>\n<meta name=\"twitter:card\" content=\"summary_large_image\" \/>\n<meta name=\"twitter:label1\" content=\"Dur\u00e9e de lecture estim\u00e9e\" \/>\n\t<meta name=\"twitter:data1\" content=\"1 minute\" \/>\n<script type=\"application\/ld+json\" class=\"yoast-schema-graph\">{\"@context\":\"https:\\\/\\\/schema.org\",\"@graph\":[{\"@type\":\"WebPage\",\"@id\":\"https:\\\/\\\/prosupplements.nl\\\/fr\\\/revactin-fr\\\/revactin-120-caps\\\/\",\"url\":\"https:\\\/\\\/prosupplements.nl\\\/fr\\\/revactin-fr\\\/revactin-120-caps\\\/\",\"name\":\"REVACTIN 120 CAPS\u00ae - Prosupplements\",\"isPartOf\":{\"@id\":\"https:\\\/\\\/prosupplements.nl\\\/fr\\\/#website\"},\"primaryImageOfPage\":{\"@id\":\"https:\\\/\\\/prosupplements.nl\\\/fr\\\/revactin-fr\\\/revactin-120-caps\\\/#primaryimage\"},\"image\":{\"@id\":\"https:\\\/\\\/prosupplements.nl\\\/fr\\\/revactin-fr\\\/revactin-120-caps\\\/#primaryimage\"},\"thumbnailUrl\":\"https:\\\/\\\/prosupplements.nl\\\/wp-content\\\/uploads\\\/2021\\\/10\\\/revactin.png\",\"datePublished\":\"2021-10-14T13:28:41+00:00\",\"dateModified\":\"2023-07-26T08:06:01+00:00\",\"breadcrumb\":{\"@id\":\"https:\\\/\\\/prosupplements.nl\\\/fr\\\/revactin-fr\\\/revactin-120-caps\\\/#breadcrumb\"},\"inLanguage\":\"fr-FR\",\"potentialAction\":[{\"@type\":\"ReadAction\",\"target\":[\"https:\\\/\\\/prosupplements.nl\\\/fr\\\/revactin-fr\\\/revactin-120-caps\\\/\"]}]},{\"@type\":\"ImageObject\",\"inLanguage\":\"fr-FR\",\"@id\":\"https:\\\/\\\/prosupplements.nl\\\/fr\\\/revactin-fr\\\/revactin-120-caps\\\/#primaryimage\",\"url\":\"https:\\\/\\\/prosupplements.nl\\\/wp-content\\\/uploads\\\/2021\\\/10\\\/revactin.png\",\"contentUrl\":\"https:\\\/\\\/prosupplements.nl\\\/wp-content\\\/uploads\\\/2021\\\/10\\\/revactin.png\",\"width\":442,\"height\":416},{\"@type\":\"BreadcrumbList\",\"@id\":\"https:\\\/\\\/prosupplements.nl\\\/fr\\\/revactin-fr\\\/revactin-120-caps\\\/#breadcrumb\",\"itemListElement\":[{\"@type\":\"ListItem\",\"position\":1,\"name\":\"Accueil\",\"item\":\"https:\\\/\\\/prosupplements.nl\\\/fr\\\/\"},{\"@type\":\"ListItem\",\"position\":2,\"name\":\"Revactin\",\"item\":\"https:\\\/\\\/prosupplements.nl\\\/fr\\\/revactin-fr\\\/\"},{\"@type\":\"ListItem\",\"position\":3,\"name\":\"REVACTIN 120 CAPS\u00ae\"}]},{\"@type\":\"WebSite\",\"@id\":\"https:\\\/\\\/prosupplements.nl\\\/fr\\\/#website\",\"url\":\"https:\\\/\\\/prosupplements.nl\\\/fr\\\/\",\"name\":\"Prosupplements\",\"description\":\"\",\"potentialAction\":[{\"@type\":\"SearchAction\",\"target\":{\"@type\":\"EntryPoint\",\"urlTemplate\":\"https:\\\/\\\/prosupplements.nl\\\/fr\\\/?s={search_term_string}\"},\"query-input\":{\"@type\":\"PropertyValueSpecification\",\"valueRequired\":true,\"valueName\":\"search_term_string\"}}],\"inLanguage\":\"fr-FR\"}]}<\/script>\n<!-- \/ Yoast SEO plugin. -->","yoast_head_json":{"title":"REVACTIN 120 CAPS\u00ae - Prosupplements","robots":{"index":"index","follow":"follow","max-snippet":"max-snippet:-1","max-image-preview":"max-image-preview:large","max-video-preview":"max-video-preview:-1"},"canonical":"https:\/\/prosupplements.nl\/fr\/revactin-fr\/revactin-120-caps\/","og_locale":"fr_FR","og_type":"article","og_title":"REVACTIN 120 CAPS\u00ae - Prosupplements","og_description":"Par 2 capsules, Revactin\u00ae contient un m\u00e9lange brevet\u00e9 (1,55 grammes) de:   L-Citrulline  Extrait de muira puama  Extrait de guarana*  Extrait de gingembre  *fournit 30mg de caf\u00e9ine","og_url":"https:\/\/prosupplements.nl\/fr\/revactin-fr\/revactin-120-caps\/","og_site_name":"Prosupplements","article_modified_time":"2023-07-26T08:06:01+00:00","og_image":[{"width":442,"height":416,"url":"https:\/\/prosupplements.nl\/wp-content\/uploads\/2021\/10\/revactin.png","type":"image\/png"}],"twitter_card":"summary_large_image","twitter_misc":{"Dur\u00e9e de lecture estim\u00e9e":"1 minute"},"schema":{"@context":"https:\/\/schema.org","@graph":[{"@type":"WebPage","@id":"https:\/\/prosupplements.nl\/fr\/revactin-fr\/revactin-120-caps\/","url":"https:\/\/prosupplements.nl\/fr\/revactin-fr\/revactin-120-caps\/","name":"REVACTIN 120 CAPS\u00ae - Prosupplements","isPartOf":{"@id":"https:\/\/prosupplements.nl\/fr\/#website"},"primaryImageOfPage":{"@id":"https:\/\/prosupplements.nl\/fr\/revactin-fr\/revactin-120-caps\/#primaryimage"},"image":{"@id":"https:\/\/prosupplements.nl\/fr\/revactin-fr\/revactin-120-caps\/#primaryimage"},"thumbnailUrl":"https:\/\/prosupplements.nl\/wp-content\/uploads\/2021\/10\/revactin.png","datePublished":"2021-10-14T13:28:41+00:00","dateModified":"2023-07-26T08:06:01+00:00","breadcrumb":{"@id":"https:\/\/prosupplements.nl\/fr\/revactin-fr\/revactin-120-caps\/#breadcrumb"},"inLanguage":"fr-FR","potentialAction":[{"@type":"ReadAction","target":["https:\/\/prosupplements.nl\/fr\/revactin-fr\/revactin-120-caps\/"]}]},{"@type":"ImageObject","inLanguage":"fr-FR","@id":"https:\/\/prosupplements.nl\/fr\/revactin-fr\/revactin-120-caps\/#primaryimage","url":"https:\/\/prosupplements.nl\/wp-content\/uploads\/2021\/10\/revactin.png","contentUrl":"https:\/\/prosupplements.nl\/wp-content\/uploads\/2021\/10\/revactin.png","width":442,"height":416},{"@type":"BreadcrumbList","@id":"https:\/\/prosupplements.nl\/fr\/revactin-fr\/revactin-120-caps\/#breadcrumb","itemListElement":[{"@type":"ListItem","position":1,"name":"Accueil","item":"https:\/\/prosupplements.nl\/fr\/"},{"@type":"ListItem","position":2,"name":"Revactin","item":"https:\/\/prosupplements.nl\/fr\/revactin-fr\/"},{"@type":"ListItem","position":3,"name":"REVACTIN 120 CAPS\u00ae"}]},{"@type":"WebSite","@id":"https:\/\/prosupplements.nl\/fr\/#website","url":"https:\/\/prosupplements.nl\/fr\/","name":"Prosupplements","description":"","potentialAction":[{"@type":"SearchAction","target":{"@type":"EntryPoint","urlTemplate":"https:\/\/prosupplements.nl\/fr\/?s={search_term_string}"},"query-input":{"@type":"PropertyValueSpecification","valueRequired":true,"valueName":"search_term_string"}}],"inLanguage":"fr-FR"}]}},"_links":{"self":[{"href":"https:\/\/prosupplements.nl\/fr\/wp-json\/wp\/v2\/product\/9614","targetHints":{"allow":["GET"]}}],"collection":[{"href":"https:\/\/prosupplements.nl\/fr\/wp-json\/wp\/v2\/product"}],"about":[{"href":"https:\/\/prosupplements.nl\/fr\/wp-json\/wp\/v2\/types\/product"}],"wp:featuredmedia":[{"embeddable":true,"href":"https:\/\/prosupplements.nl\/fr\/wp-json\/wp\/v2\/media\/3231"}],"wp:attachment":[{"href":"https:\/\/prosupplements.nl\/fr\/wp-json\/wp\/v2\/media?parent=9614"}],"wp:term":[{"taxonomy":"product_brand","embeddable":true,"href":"https:\/\/prosupplements.nl\/fr\/wp-json\/wp\/v2\/product_brand?post=9614"},{"taxonomy":"product_cat","embeddable":true,"href":"https:\/\/prosupplements.nl\/fr\/wp-json\/wp\/v2\/product_cat?post=9614"},{"taxonomy":"product_tag","embeddable":true,"href":"https:\/\/prosupplements.nl\/fr\/wp-json\/wp\/v2\/product_tag?post=9614"}],"curies":[{"name":"wp","href":"https:\/\/api.w.org\/{rel}","templated":true}]}}