{"id":3786,"date":"2021-12-27T09:37:37","date_gmt":"2021-12-27T09:37:37","guid":{"rendered":"https:\/\/prosupplements.nl\/?page_id=3786"},"modified":"2022-01-15T11:51:42","modified_gmt":"2022-01-15T11:51:42","slug":"chi-siamo","status":"publish","type":"page","link":"https:\/\/prosupplements.nl\/it\/chi-siamo\/","title":{"rendered":"Chi siamo"},"content":{"rendered":"<p>ProSupplements fornisce <strong>integratori alimentari specialistici e di alta qualit\u00e0<\/strong>. La selezione della gamma viene effettuata da professionisti ortomolecolari e fitoterapici secondo criteri di efficacia e di purezza dei prodotti. Oltre alla ottima qualit\u00e0 dei prodotti, la soddisfazione del cliente \u00e8 di fondamentale importanza per noi!<\/p>\n<p>Purtroppo, nel quadro della legislazione europea in materia di indicazioni sulla salute, non ci \u00e8 consentito menzionare ai consumatori per cosa possono essere utilizzati i prodotti ProSupplements. Comunque possiamo informarti per telefono. Se sei interessato all&#8217;utilizzo dei nostri prodotti, contattaci. Siamo felici di aiutare nella scelta del prodotto migliore!<\/p>\n","protected":false},"excerpt":{"rendered":"ProSupplements fornisce integratori alimentari specialistici e di alta qualit\u00e0. La selezione della gamma viene effettuata da professionisti ortomolecolari e fitoterapici secondo criteri di efficacia e di purezza dei prodotti. Oltre alla ottima qualit\u00e0 dei prodotti, la soddisfazione del cliente \u00e8 di fondamentale importanza per noi! Purtroppo, nel quadro della legislazione europea in materia di indicazioni&hellip;","protected":false},"author":1,"featured_media":0,"parent":0,"menu_order":0,"comment_status":"closed","ping_status":"closed","template":"template-sidebar.php","meta":{"_acf_changed":false,"footnotes":""},"class_list":["post-3786","page","type-page","status-publish","hentry"],"acf":[],"yoast_head":"<!-- This site is optimized with the Yoast SEO plugin v27.3 - https:\/\/yoast.com\/product\/yoast-seo-wordpress\/ -->\n<title>Chi siamo: ProSupplements<\/title>\n<meta name=\"description\" content=\"Prosupplements \u00e8 specialista nel campo degli integratori alimentari specialistici e di alta qualit\u00e0 ed \u00e8 distributore ufficiale di Biocidin.\" \/>\n<meta name=\"robots\" content=\"index, follow, max-snippet:-1, max-image-preview:large, max-video-preview:-1\" \/>\n<link rel=\"canonical\" href=\"https:\/\/prosupplements.nl\/it\/chi-siamo\/\" \/>\n<meta property=\"og:locale\" content=\"it_IT\" \/>\n<meta property=\"og:type\" content=\"article\" \/>\n<meta property=\"og:title\" content=\"Chi siamo: ProSupplements\" \/>\n<meta property=\"og:description\" content=\"Prosupplements \u00e8 specialista nel campo degli integratori alimentari specialistici e di alta qualit\u00e0 ed \u00e8 distributore ufficiale di Biocidin.\" \/>\n<meta property=\"og:url\" content=\"https:\/\/prosupplements.nl\/it\/chi-siamo\/\" \/>\n<meta property=\"og:site_name\" content=\"Prosupplements\" \/>\n<meta property=\"article:modified_time\" content=\"2022-01-15T11:51:42+00:00\" \/>\n<meta name=\"twitter:card\" content=\"summary_large_image\" \/>\n<meta name=\"twitter:label1\" content=\"Tempo di lettura stimato\" \/>\n\t<meta name=\"twitter:data1\" content=\"1 minuto\" \/>\n<script type=\"application\/ld+json\" class=\"yoast-schema-graph\">{\"@context\":\"https:\\\/\\\/schema.org\",\"@graph\":[{\"@type\":\"WebPage\",\"@id\":\"https:\\\/\\\/prosupplements.nl\\\/it\\\/chi-siamo\\\/\",\"url\":\"https:\\\/\\\/prosupplements.nl\\\/it\\\/chi-siamo\\\/\",\"name\":\"Chi siamo: ProSupplements\",\"isPartOf\":{\"@id\":\"https:\\\/\\\/prosupplements.nl\\\/it\\\/#website\"},\"datePublished\":\"2021-12-27T09:37:37+00:00\",\"dateModified\":\"2022-01-15T11:51:42+00:00\",\"description\":\"Prosupplements \u00e8 specialista nel campo degli integratori alimentari specialistici e di alta qualit\u00e0 ed \u00e8 distributore ufficiale di Biocidin.\",\"breadcrumb\":{\"@id\":\"https:\\\/\\\/prosupplements.nl\\\/it\\\/chi-siamo\\\/#breadcrumb\"},\"inLanguage\":\"it-IT\",\"potentialAction\":[{\"@type\":\"ReadAction\",\"target\":[\"https:\\\/\\\/prosupplements.nl\\\/it\\\/chi-siamo\\\/\"]}]},{\"@type\":\"BreadcrumbList\",\"@id\":\"https:\\\/\\\/prosupplements.nl\\\/it\\\/chi-siamo\\\/#breadcrumb\",\"itemListElement\":[{\"@type\":\"ListItem\",\"position\":1,\"name\":\"Home\",\"item\":\"https:\\\/\\\/prosupplements.nl\\\/it\\\/\"},{\"@type\":\"ListItem\",\"position\":2,\"name\":\"Chi siamo\"}]},{\"@type\":\"WebSite\",\"@id\":\"https:\\\/\\\/prosupplements.nl\\\/it\\\/#website\",\"url\":\"https:\\\/\\\/prosupplements.nl\\\/it\\\/\",\"name\":\"Prosupplements\",\"description\":\"\",\"potentialAction\":[{\"@type\":\"SearchAction\",\"target\":{\"@type\":\"EntryPoint\",\"urlTemplate\":\"https:\\\/\\\/prosupplements.nl\\\/it\\\/?s={search_term_string}\"},\"query-input\":{\"@type\":\"PropertyValueSpecification\",\"valueRequired\":true,\"valueName\":\"search_term_string\"}}],\"inLanguage\":\"it-IT\"}]}<\/script>\n<!-- \/ Yoast SEO plugin. -->","yoast_head_json":{"title":"Chi siamo: ProSupplements","description":"Prosupplements \u00e8 specialista nel campo degli integratori alimentari specialistici e di alta qualit\u00e0 ed \u00e8 distributore ufficiale di Biocidin.","robots":{"index":"index","follow":"follow","max-snippet":"max-snippet:-1","max-image-preview":"max-image-preview:large","max-video-preview":"max-video-preview:-1"},"canonical":"https:\/\/prosupplements.nl\/it\/chi-siamo\/","og_locale":"it_IT","og_type":"article","og_title":"Chi siamo: ProSupplements","og_description":"Prosupplements \u00e8 specialista nel campo degli integratori alimentari specialistici e di alta qualit\u00e0 ed \u00e8 distributore ufficiale di Biocidin.","og_url":"https:\/\/prosupplements.nl\/it\/chi-siamo\/","og_site_name":"Prosupplements","article_modified_time":"2022-01-15T11:51:42+00:00","twitter_card":"summary_large_image","twitter_misc":{"Tempo di lettura stimato":"1 minuto"},"schema":{"@context":"https:\/\/schema.org","@graph":[{"@type":"WebPage","@id":"https:\/\/prosupplements.nl\/it\/chi-siamo\/","url":"https:\/\/prosupplements.nl\/it\/chi-siamo\/","name":"Chi siamo: ProSupplements","isPartOf":{"@id":"https:\/\/prosupplements.nl\/it\/#website"},"datePublished":"2021-12-27T09:37:37+00:00","dateModified":"2022-01-15T11:51:42+00:00","description":"Prosupplements \u00e8 specialista nel campo degli integratori alimentari specialistici e di alta qualit\u00e0 ed \u00e8 distributore ufficiale di Biocidin.","breadcrumb":{"@id":"https:\/\/prosupplements.nl\/it\/chi-siamo\/#breadcrumb"},"inLanguage":"it-IT","potentialAction":[{"@type":"ReadAction","target":["https:\/\/prosupplements.nl\/it\/chi-siamo\/"]}]},{"@type":"BreadcrumbList","@id":"https:\/\/prosupplements.nl\/it\/chi-siamo\/#breadcrumb","itemListElement":[{"@type":"ListItem","position":1,"name":"Home","item":"https:\/\/prosupplements.nl\/it\/"},{"@type":"ListItem","position":2,"name":"Chi siamo"}]},{"@type":"WebSite","@id":"https:\/\/prosupplements.nl\/it\/#website","url":"https:\/\/prosupplements.nl\/it\/","name":"Prosupplements","description":"","potentialAction":[{"@type":"SearchAction","target":{"@type":"EntryPoint","urlTemplate":"https:\/\/prosupplements.nl\/it\/?s={search_term_string}"},"query-input":{"@type":"PropertyValueSpecification","valueRequired":true,"valueName":"search_term_string"}}],"inLanguage":"it-IT"}]}},"_links":{"self":[{"href":"https:\/\/prosupplements.nl\/it\/wp-json\/wp\/v2\/pages\/3786","targetHints":{"allow":["GET"]}}],"collection":[{"href":"https:\/\/prosupplements.nl\/it\/wp-json\/wp\/v2\/pages"}],"about":[{"href":"https:\/\/prosupplements.nl\/it\/wp-json\/wp\/v2\/types\/page"}],"author":[{"embeddable":true,"href":"https:\/\/prosupplements.nl\/it\/wp-json\/wp\/v2\/users\/1"}],"replies":[{"embeddable":true,"href":"https:\/\/prosupplements.nl\/it\/wp-json\/wp\/v2\/comments?post=3786"}],"version-history":[{"count":0,"href":"https:\/\/prosupplements.nl\/it\/wp-json\/wp\/v2\/pages\/3786\/revisions"}],"wp:attachment":[{"href":"https:\/\/prosupplements.nl\/it\/wp-json\/wp\/v2\/media?parent=3786"}],"curies":[{"name":"wp","href":"https:\/\/api.w.org\/{rel}","templated":true}]}}