{"id":3801,"date":"2021-12-27T09:39:25","date_gmt":"2021-12-27T09:39:25","guid":{"rendered":"https:\/\/prosupplements.nl\/?page_id=3801"},"modified":"2022-01-20T21:39:32","modified_gmt":"2022-01-20T21:39:32","slug":"metodi-di-pagamento","status":"publish","type":"page","link":"https:\/\/prosupplements.nl\/it\/metodi-di-pagamento\/","title":{"rendered":"Metodi di pagamento"},"content":{"rendered":"<p>Prosupplements accetta diverse opzioni di pagamento, tra cui carte di credito e di debito.<\/p>\n<h2>Paypal<\/h2>\n<p>PayPal \u00e8 il sistema di pagamento online perfetto per chi vuole una consegna rapida dell&#8217;ordine con pochi click per completare il pagamento in completa sicurezza. Utilizzando PayPal noi riceviamo il pagamento istantaneamente, in modo da poter evadere il tuo ordine immediatamente. Scegliendo Paypal come metodo di pagamento si ha la possibilit\u00e0 di utilizzare tutti i tipi di pagamento pi\u00f9 diffusi: Carte di Credito, PostePay o l&#8217;utilizzo dei fondi sul conto PayPal. Maggiori informazioni sul sito www.paypal.it.<\/p>\n<h2>iDeal<\/h2>\n<p>iDeal \u00e8 adatto solo se hai un conto bancario olandese presso una delle seguenti banche: ABN AMRO, ASN Bank, Friesland Bank, ING, Knab, Rabobank, RegioBank, SNS Bank, Triodos Bank e Van Lanschot Bankiers.<\/p>\n<p>Questo \u00e8 il modo pi\u00f9 semplice e veloce per effettuare un pagamento in Olanda. E per di pi\u00f9 \u00e8 totalmente gratuito.<\/p>\n<h2>Bancontact\/Mister Cash<\/h2>\n<p>Bancontact \u00e8 adatto a qualsiasi cliente con un conto bancario in Belgio. Usando Bancontact puoi pagare facilmente e direttamente il tuo ordine. Non addebitiamo alcun costo aggiuntivo per l&#8217;utilizzo di questo metodo di pagamento.<\/p>\n<h2>SOFORT Banking<\/h2>\n<p>Per i nostri clienti con un conto bancario in Germania \u00e8 possibile pagare tramite SOFORT Banking. Anche questo metodo di pagamento \u00e8 gratuito e ti d\u00e0 accesso a un modo semplice e veloce per pagare immediatamente il tuo ordine.<\/p>\n<h2>Overbooking\/Bonifico bancario<\/h2>\n<p>Se non ti \u00e8 possibile utilizzare nessuno dei metodi di pagamento sopra indicati, ad esempio perch\u00e9 hai un conto bancario estero diverso, puoi effettuare un bonifico, ovvero un trasferimento di denaro tramite la tua banca, come metodo di pagamento.<\/p>\n<p>Dopo aver scelto &#8216;overbooking&#8217; puoi procedere e finalizzare l&#8217;ordine. Dopo che l&#8217;ordine \u00e8 stato completato, si aprir\u00e0 una nuova finestra del browser che ti fornir\u00e0 i dati per effettuare il pagamento. Puoi decidere di effettuare il bonifico immediatamente oppure puoi farci inviare tutte le informazioni a un indirizzo email a tua scelta.<\/p>\n<p>Ricorda che solo dopo che Prosupplements ha ricevuto il pagamento completo, il tuo ordine verr\u00e0 spedito. A seconda della tua posizione\/paese della tua banca, l&#8217;operazione potrebbe richiedere un paio di giorni.<\/p>\n<p>&nbsp;<\/p>\n","protected":false},"excerpt":{"rendered":"Prosupplements accetta diverse opzioni di pagamento, tra cui carte di credito e di debito. Paypal PayPal \u00e8 il sistema di pagamento online perfetto per chi vuole una consegna rapida dell&#8217;ordine con pochi click per completare il pagamento in completa sicurezza. Utilizzando PayPal noi riceviamo il pagamento istantaneamente, in modo da poter evadere il tuo ordine&hellip;","protected":false},"author":1,"featured_media":0,"parent":0,"menu_order":0,"comment_status":"closed","ping_status":"closed","template":"","meta":{"_acf_changed":false,"footnotes":""},"class_list":["post-3801","page","type-page","status-publish","hentry"],"acf":[],"yoast_head":"<!-- This site is optimized with the Yoast SEO plugin v27.3 - https:\/\/yoast.com\/product\/yoast-seo-wordpress\/ -->\n<title>Metodi di pagamento - Prosupplements<\/title>\n<meta name=\"robots\" content=\"index, follow, max-snippet:-1, max-image-preview:large, max-video-preview:-1\" \/>\n<link rel=\"canonical\" href=\"https:\/\/prosupplements.nl\/it\/metodi-di-pagamento\/\" \/>\n<meta property=\"og:locale\" content=\"it_IT\" \/>\n<meta property=\"og:type\" content=\"article\" \/>\n<meta property=\"og:title\" content=\"Metodi di pagamento - Prosupplements\" \/>\n<meta property=\"og:description\" content=\"Prosupplements accetta diverse opzioni di pagamento, tra cui carte di credito e di debito. Paypal PayPal \u00e8 il sistema di pagamento online perfetto per chi vuole una consegna rapida dell&#8217;ordine con pochi click per completare il pagamento in completa sicurezza. Utilizzando PayPal noi riceviamo il pagamento istantaneamente, in modo da poter evadere il tuo ordine&hellip;\" \/>\n<meta property=\"og:url\" content=\"https:\/\/prosupplements.nl\/it\/metodi-di-pagamento\/\" \/>\n<meta property=\"og:site_name\" content=\"Prosupplements\" \/>\n<meta property=\"article:modified_time\" content=\"2022-01-20T21:39:32+00:00\" \/>\n<meta name=\"twitter:card\" content=\"summary_large_image\" \/>\n<meta name=\"twitter:label1\" content=\"Tempo di lettura stimato\" \/>\n\t<meta name=\"twitter:data1\" content=\"2 minuti\" \/>\n<script type=\"application\/ld+json\" class=\"yoast-schema-graph\">{\"@context\":\"https:\\\/\\\/schema.org\",\"@graph\":[{\"@type\":\"WebPage\",\"@id\":\"https:\\\/\\\/prosupplements.nl\\\/it\\\/metodi-di-pagamento\\\/\",\"url\":\"https:\\\/\\\/prosupplements.nl\\\/it\\\/metodi-di-pagamento\\\/\",\"name\":\"Metodi di pagamento - Prosupplements\",\"isPartOf\":{\"@id\":\"https:\\\/\\\/prosupplements.nl\\\/it\\\/#website\"},\"datePublished\":\"2021-12-27T09:39:25+00:00\",\"dateModified\":\"2022-01-20T21:39:32+00:00\",\"breadcrumb\":{\"@id\":\"https:\\\/\\\/prosupplements.nl\\\/it\\\/metodi-di-pagamento\\\/#breadcrumb\"},\"inLanguage\":\"it-IT\",\"potentialAction\":[{\"@type\":\"ReadAction\",\"target\":[\"https:\\\/\\\/prosupplements.nl\\\/it\\\/metodi-di-pagamento\\\/\"]}]},{\"@type\":\"BreadcrumbList\",\"@id\":\"https:\\\/\\\/prosupplements.nl\\\/it\\\/metodi-di-pagamento\\\/#breadcrumb\",\"itemListElement\":[{\"@type\":\"ListItem\",\"position\":1,\"name\":\"Home\",\"item\":\"https:\\\/\\\/prosupplements.nl\\\/it\\\/\"},{\"@type\":\"ListItem\",\"position\":2,\"name\":\"Metodi di pagamento\"}]},{\"@type\":\"WebSite\",\"@id\":\"https:\\\/\\\/prosupplements.nl\\\/it\\\/#website\",\"url\":\"https:\\\/\\\/prosupplements.nl\\\/it\\\/\",\"name\":\"Prosupplements\",\"description\":\"\",\"potentialAction\":[{\"@type\":\"SearchAction\",\"target\":{\"@type\":\"EntryPoint\",\"urlTemplate\":\"https:\\\/\\\/prosupplements.nl\\\/it\\\/?s={search_term_string}\"},\"query-input\":{\"@type\":\"PropertyValueSpecification\",\"valueRequired\":true,\"valueName\":\"search_term_string\"}}],\"inLanguage\":\"it-IT\"}]}<\/script>\n<!-- \/ Yoast SEO plugin. -->","yoast_head_json":{"title":"Metodi di pagamento - Prosupplements","robots":{"index":"index","follow":"follow","max-snippet":"max-snippet:-1","max-image-preview":"max-image-preview:large","max-video-preview":"max-video-preview:-1"},"canonical":"https:\/\/prosupplements.nl\/it\/metodi-di-pagamento\/","og_locale":"it_IT","og_type":"article","og_title":"Metodi di pagamento - Prosupplements","og_description":"Prosupplements accetta diverse opzioni di pagamento, tra cui carte di credito e di debito. Paypal PayPal \u00e8 il sistema di pagamento online perfetto per chi vuole una consegna rapida dell&#8217;ordine con pochi click per completare il pagamento in completa sicurezza. Utilizzando PayPal noi riceviamo il pagamento istantaneamente, in modo da poter evadere il tuo ordine&hellip;","og_url":"https:\/\/prosupplements.nl\/it\/metodi-di-pagamento\/","og_site_name":"Prosupplements","article_modified_time":"2022-01-20T21:39:32+00:00","twitter_card":"summary_large_image","twitter_misc":{"Tempo di lettura stimato":"2 minuti"},"schema":{"@context":"https:\/\/schema.org","@graph":[{"@type":"WebPage","@id":"https:\/\/prosupplements.nl\/it\/metodi-di-pagamento\/","url":"https:\/\/prosupplements.nl\/it\/metodi-di-pagamento\/","name":"Metodi di pagamento - Prosupplements","isPartOf":{"@id":"https:\/\/prosupplements.nl\/it\/#website"},"datePublished":"2021-12-27T09:39:25+00:00","dateModified":"2022-01-20T21:39:32+00:00","breadcrumb":{"@id":"https:\/\/prosupplements.nl\/it\/metodi-di-pagamento\/#breadcrumb"},"inLanguage":"it-IT","potentialAction":[{"@type":"ReadAction","target":["https:\/\/prosupplements.nl\/it\/metodi-di-pagamento\/"]}]},{"@type":"BreadcrumbList","@id":"https:\/\/prosupplements.nl\/it\/metodi-di-pagamento\/#breadcrumb","itemListElement":[{"@type":"ListItem","position":1,"name":"Home","item":"https:\/\/prosupplements.nl\/it\/"},{"@type":"ListItem","position":2,"name":"Metodi di pagamento"}]},{"@type":"WebSite","@id":"https:\/\/prosupplements.nl\/it\/#website","url":"https:\/\/prosupplements.nl\/it\/","name":"Prosupplements","description":"","potentialAction":[{"@type":"SearchAction","target":{"@type":"EntryPoint","urlTemplate":"https:\/\/prosupplements.nl\/it\/?s={search_term_string}"},"query-input":{"@type":"PropertyValueSpecification","valueRequired":true,"valueName":"search_term_string"}}],"inLanguage":"it-IT"}]}},"_links":{"self":[{"href":"https:\/\/prosupplements.nl\/it\/wp-json\/wp\/v2\/pages\/3801","targetHints":{"allow":["GET"]}}],"collection":[{"href":"https:\/\/prosupplements.nl\/it\/wp-json\/wp\/v2\/pages"}],"about":[{"href":"https:\/\/prosupplements.nl\/it\/wp-json\/wp\/v2\/types\/page"}],"author":[{"embeddable":true,"href":"https:\/\/prosupplements.nl\/it\/wp-json\/wp\/v2\/users\/1"}],"replies":[{"embeddable":true,"href":"https:\/\/prosupplements.nl\/it\/wp-json\/wp\/v2\/comments?post=3801"}],"version-history":[{"count":0,"href":"https:\/\/prosupplements.nl\/it\/wp-json\/wp\/v2\/pages\/3801\/revisions"}],"wp:attachment":[{"href":"https:\/\/prosupplements.nl\/it\/wp-json\/wp\/v2\/media?parent=3801"}],"curies":[{"name":"wp","href":"https:\/\/api.w.org\/{rel}","templated":true}]}}