{"id":3806,"date":"2021-12-27T09:40:16","date_gmt":"2021-12-27T09:40:16","guid":{"rendered":"https:\/\/prosupplements.nl\/?page_id=3806"},"modified":"2022-01-15T11:42:34","modified_gmt":"2022-01-15T11:42:34","slug":"termini-e-condizioni-per-professionisti","status":"publish","type":"page","link":"https:\/\/prosupplements.nl\/it\/termini-e-condizioni-per-professionisti\/","title":{"rendered":"Termini e condizioni per professionisti"},"content":{"rendered":"<p><strong>Ordini<\/strong><br \/>\n1. Prosupplements consegna solo a professionisti registrati e ai canali commerciali attraverso la sezione professionisti su questo sito web. Prosupplements si riserva il diritto di verificare i diplomi, verificare l&#8217;appartenenza ad ordini professionali e l&#8217;iscrizione alla Camera di Commercio, ecc.<br \/>\n2. Gli ordini ricevuti dal luned\u00ec al venerd\u00ec prima delle 13:00 vengono generalmente spediti lo stesso giorno e generalmente consegnati il \u200b\u200bgiorno successivo, ma ci\u00f2 dipende anche dal servizio PostNL.<br \/>\n3. I tempi di consegna dei prodotti esauriti sono sempre indicativi.<\/p>\n<p><strong>Spese di spedizione e offerte speciali\/sconti<\/strong><br \/>\n1. Le spese di spedizione per ordini inferiori a \u20ac 50 (spese di spedizione escluse) nei Paesi Bassi sono di \u20ac 4,75. Per ordini superiori a 50\u20ac le spese di spedizione sono di 3,75\u20ac. Gli oneri sono IVA esclusa.<br \/>\n2. Le seguenti tariffe si riferiscono agli ordini verso i paesi dell&#8217;UE:<br \/>\nOrdini inferiori a 50\u20ac (spese di spedizione escluse) spese di spedizione: 13\u20ac<br \/>\nOltre \u20ac 50 (spese di spedizione escluse) spese di spedizione: \u20ac 9. Le spese sono IVA esclusa.<br \/>\n3. Uno sconto del 3 % si applica agli ordini di 12 (o pi\u00f9) unit\u00e0 in una.<\/p>\n<p><strong>Pagamento e addebito<\/strong><br \/>\n1. Il pagamento deve essere effettuato entro 14 giorni dalla data della fattura.<br \/>\n2. In caso di mancato pagamento entro 14 giorni dalla data della fattura, il cliente \u00e8 in mora. Le nostre fatture sono soggette a interessi al tasso dell&#8217;1% al mese, a meno che l&#8217;interesse legale non sia superiore. In tal caso si applica il tasso degli interessi legali. ProSupplements ha il diritto di addebitare gli interessi legali dalla data di scadenza del pagamento fino al momento del pagamento completo.<br \/>\n3. Nel caso in cui l&#8217;acquirente sia inadempiente o non adempia uno o pi\u00f9 dei suoi obblighi, tutte le ragionevoli spese di riscossione extragiudiziale sono a carico dell&#8217;acquirente. Le spese extragiudiziali minime sono il 15% della somma principale o il resto di essa. Il cliente deve inoltre al fornitore i costi degli interessi legali con un minimo di \u20ac 25 (al netto dell&#8217;imposta sul valore aggiunto).<br \/>\n4. Se Prosupplements ha sostenuto costi di esecuzione ragionevoli superiori e l&#8217;acquirente \u00e8 un rapporto d&#8217;affari o un cliente aziendale, i costi reali sostenuti sono a carico dell&#8217;acquirente. Eventuali spese giudiziarie ed esecutive sono altres\u00ec a carico dell&#8217;acquirente. Anche gli interessi sulle spese di riscossione sono a carico dell&#8217; acquirente.<br \/>\n5. ProSupplements si riserva il diritto di esigere contrassegno e cauzione per il pagamento della merce fornita.<\/p>\n<p><strong>Riserva di titolo<\/strong><br \/>\n1. I beni forniti restano di propriet\u00e0 di Prosupplements fino al pagamento dell&#8217;intero importo della\/e fattura\/e con interessi e costi.<br \/>\n2. Finch\u00e9 vi \u00e8 una riserva di propriet\u00e0 sulla merce fornita, il cliente non pu\u00f2 ipotecare, noleggiare, pegno o comunque possa essere descritto, prestare o cedere la merce a terzi. Il cliente non ha il diritto di impegnare la merce consegnata con riserva di propriet\u00e0 n\u00e9 di estendere a terzi qualsiasi altro diritto inerente a tale merce. L&#8217;acquirente non potr\u00e0 esportare la merce senza previo consenso scritto.<\/p>\n<p><strong>Reclami e responsabilit\u00e0<\/strong><br \/>\n1. I reclami devono essere presentati entro 14 giorni.<br \/>\n2. I contenitori aperti non possono essere restituiti.<br \/>\n3. Se un reclamo corretto e motivato \u00e8 stato presentato in tempo utile, ProSupplements provveder\u00e0 alla riconsegna gratuita o al rimborso. ProSupplements non \u00e8 mai tenuta a compensare in altro modo.<br \/>\n4. I reclami non sospendono l&#8217;obbligo di pagamento del Cliente.<br \/>\n5. Il ritardo nella consegna da parte dell&#8217;ufficio postale o di altri servizi di trasporto \u00e8 a rischio e pericolo dell&#8217;acquirente.<br \/>\n6. Le consegne rifiutate o gli ordini non ritirati dopo la comunicazione da parte del servizio di trasporto non sospendono gli obblighi di pagamento.<br \/>\n7. In casi rari la composizione dei prodotti pu\u00f2 differire.<\/p>\n<p><strong>Legge applicabile<\/strong><br \/>\n1. A tutti gli accordi si applica solo la legge olandese.<br \/>\n2. Con l&#8217;ordine l&#8217;acquirente dichiara di comprendere e accettare integralmente le presenti condizioni.<\/p>\n<p>Questi termini di consegna sono entrati in vigore il 1\u00b0 dicembre 2014 e sostituiscono i precedenti termini di consegna.<br \/>\nQuesti termini e condizioni sono depositati presso la Camera di Commercio di Amsterdam.<\/p>\n<p>&nbsp;<\/p>\n","protected":false},"excerpt":{"rendered":"Ordini 1. Prosupplements consegna solo a professionisti registrati e ai canali commerciali attraverso la sezione professionisti su questo sito web. Prosupplements si riserva il diritto di verificare i diplomi, verificare l&#8217;appartenenza ad ordini professionali e l&#8217;iscrizione alla Camera di Commercio, ecc. 2. Gli ordini ricevuti dal luned\u00ec al venerd\u00ec prima delle 13:00 vengono generalmente spediti&hellip;","protected":false},"author":1,"featured_media":0,"parent":0,"menu_order":0,"comment_status":"closed","ping_status":"closed","template":"template-sidebar.php","meta":{"_acf_changed":false,"footnotes":""},"class_list":["post-3806","page","type-page","status-publish","hentry"],"acf":[],"yoast_head":"<!-- This site is optimized with the Yoast SEO plugin v27.3 - https:\/\/yoast.com\/product\/yoast-seo-wordpress\/ -->\n<title>Termini e condizioni per professionisti - Prosupplements<\/title>\n<meta name=\"robots\" content=\"index, follow, max-snippet:-1, max-image-preview:large, max-video-preview:-1\" \/>\n<link rel=\"canonical\" href=\"https:\/\/prosupplements.nl\/it\/termini-e-condizioni-per-professionisti\/\" \/>\n<meta property=\"og:locale\" content=\"it_IT\" \/>\n<meta property=\"og:type\" content=\"article\" \/>\n<meta property=\"og:title\" content=\"Termini e condizioni per professionisti - Prosupplements\" \/>\n<meta property=\"og:description\" content=\"Ordini 1. Prosupplements consegna solo a professionisti registrati e ai canali commerciali attraverso la sezione professionisti su questo sito web. Prosupplements si riserva il diritto di verificare i diplomi, verificare l&#8217;appartenenza ad ordini professionali e l&#8217;iscrizione alla Camera di Commercio, ecc. 2. Gli ordini ricevuti dal luned\u00ec al venerd\u00ec prima delle 13:00 vengono generalmente spediti&hellip;\" \/>\n<meta property=\"og:url\" content=\"https:\/\/prosupplements.nl\/it\/termini-e-condizioni-per-professionisti\/\" \/>\n<meta property=\"og:site_name\" content=\"Prosupplements\" \/>\n<meta property=\"article:modified_time\" content=\"2022-01-15T11:42:34+00:00\" \/>\n<meta name=\"twitter:card\" content=\"summary_large_image\" \/>\n<meta name=\"twitter:label1\" content=\"Tempo di lettura stimato\" \/>\n\t<meta name=\"twitter:data1\" content=\"3 minuti\" \/>\n<script type=\"application\/ld+json\" class=\"yoast-schema-graph\">{\"@context\":\"https:\\\/\\\/schema.org\",\"@graph\":[{\"@type\":\"WebPage\",\"@id\":\"https:\\\/\\\/prosupplements.nl\\\/it\\\/termini-e-condizioni-per-professionisti\\\/\",\"url\":\"https:\\\/\\\/prosupplements.nl\\\/it\\\/termini-e-condizioni-per-professionisti\\\/\",\"name\":\"Termini e condizioni per professionisti - Prosupplements\",\"isPartOf\":{\"@id\":\"https:\\\/\\\/prosupplements.nl\\\/it\\\/#website\"},\"datePublished\":\"2021-12-27T09:40:16+00:00\",\"dateModified\":\"2022-01-15T11:42:34+00:00\",\"breadcrumb\":{\"@id\":\"https:\\\/\\\/prosupplements.nl\\\/it\\\/termini-e-condizioni-per-professionisti\\\/#breadcrumb\"},\"inLanguage\":\"it-IT\",\"potentialAction\":[{\"@type\":\"ReadAction\",\"target\":[\"https:\\\/\\\/prosupplements.nl\\\/it\\\/termini-e-condizioni-per-professionisti\\\/\"]}]},{\"@type\":\"BreadcrumbList\",\"@id\":\"https:\\\/\\\/prosupplements.nl\\\/it\\\/termini-e-condizioni-per-professionisti\\\/#breadcrumb\",\"itemListElement\":[{\"@type\":\"ListItem\",\"position\":1,\"name\":\"Home\",\"item\":\"https:\\\/\\\/prosupplements.nl\\\/it\\\/\"},{\"@type\":\"ListItem\",\"position\":2,\"name\":\"Termini e condizioni per professionisti\"}]},{\"@type\":\"WebSite\",\"@id\":\"https:\\\/\\\/prosupplements.nl\\\/it\\\/#website\",\"url\":\"https:\\\/\\\/prosupplements.nl\\\/it\\\/\",\"name\":\"Prosupplements\",\"description\":\"\",\"potentialAction\":[{\"@type\":\"SearchAction\",\"target\":{\"@type\":\"EntryPoint\",\"urlTemplate\":\"https:\\\/\\\/prosupplements.nl\\\/it\\\/?s={search_term_string}\"},\"query-input\":{\"@type\":\"PropertyValueSpecification\",\"valueRequired\":true,\"valueName\":\"search_term_string\"}}],\"inLanguage\":\"it-IT\"}]}<\/script>\n<!-- \/ Yoast SEO plugin. -->","yoast_head_json":{"title":"Termini e condizioni per professionisti - Prosupplements","robots":{"index":"index","follow":"follow","max-snippet":"max-snippet:-1","max-image-preview":"max-image-preview:large","max-video-preview":"max-video-preview:-1"},"canonical":"https:\/\/prosupplements.nl\/it\/termini-e-condizioni-per-professionisti\/","og_locale":"it_IT","og_type":"article","og_title":"Termini e condizioni per professionisti - Prosupplements","og_description":"Ordini 1. Prosupplements consegna solo a professionisti registrati e ai canali commerciali attraverso la sezione professionisti su questo sito web. Prosupplements si riserva il diritto di verificare i diplomi, verificare l&#8217;appartenenza ad ordini professionali e l&#8217;iscrizione alla Camera di Commercio, ecc. 2. Gli ordini ricevuti dal luned\u00ec al venerd\u00ec prima delle 13:00 vengono generalmente spediti&hellip;","og_url":"https:\/\/prosupplements.nl\/it\/termini-e-condizioni-per-professionisti\/","og_site_name":"Prosupplements","article_modified_time":"2022-01-15T11:42:34+00:00","twitter_card":"summary_large_image","twitter_misc":{"Tempo di lettura stimato":"3 minuti"},"schema":{"@context":"https:\/\/schema.org","@graph":[{"@type":"WebPage","@id":"https:\/\/prosupplements.nl\/it\/termini-e-condizioni-per-professionisti\/","url":"https:\/\/prosupplements.nl\/it\/termini-e-condizioni-per-professionisti\/","name":"Termini e condizioni per professionisti - Prosupplements","isPartOf":{"@id":"https:\/\/prosupplements.nl\/it\/#website"},"datePublished":"2021-12-27T09:40:16+00:00","dateModified":"2022-01-15T11:42:34+00:00","breadcrumb":{"@id":"https:\/\/prosupplements.nl\/it\/termini-e-condizioni-per-professionisti\/#breadcrumb"},"inLanguage":"it-IT","potentialAction":[{"@type":"ReadAction","target":["https:\/\/prosupplements.nl\/it\/termini-e-condizioni-per-professionisti\/"]}]},{"@type":"BreadcrumbList","@id":"https:\/\/prosupplements.nl\/it\/termini-e-condizioni-per-professionisti\/#breadcrumb","itemListElement":[{"@type":"ListItem","position":1,"name":"Home","item":"https:\/\/prosupplements.nl\/it\/"},{"@type":"ListItem","position":2,"name":"Termini e condizioni per professionisti"}]},{"@type":"WebSite","@id":"https:\/\/prosupplements.nl\/it\/#website","url":"https:\/\/prosupplements.nl\/it\/","name":"Prosupplements","description":"","potentialAction":[{"@type":"SearchAction","target":{"@type":"EntryPoint","urlTemplate":"https:\/\/prosupplements.nl\/it\/?s={search_term_string}"},"query-input":{"@type":"PropertyValueSpecification","valueRequired":true,"valueName":"search_term_string"}}],"inLanguage":"it-IT"}]}},"_links":{"self":[{"href":"https:\/\/prosupplements.nl\/it\/wp-json\/wp\/v2\/pages\/3806","targetHints":{"allow":["GET"]}}],"collection":[{"href":"https:\/\/prosupplements.nl\/it\/wp-json\/wp\/v2\/pages"}],"about":[{"href":"https:\/\/prosupplements.nl\/it\/wp-json\/wp\/v2\/types\/page"}],"author":[{"embeddable":true,"href":"https:\/\/prosupplements.nl\/it\/wp-json\/wp\/v2\/users\/1"}],"replies":[{"embeddable":true,"href":"https:\/\/prosupplements.nl\/it\/wp-json\/wp\/v2\/comments?post=3806"}],"version-history":[{"count":0,"href":"https:\/\/prosupplements.nl\/it\/wp-json\/wp\/v2\/pages\/3806\/revisions"}],"wp:attachment":[{"href":"https:\/\/prosupplements.nl\/it\/wp-json\/wp\/v2\/media?parent=3806"}],"curies":[{"name":"wp","href":"https:\/\/api.w.org\/{rel}","templated":true}]}}