{"id":3858,"date":"2020-02-11T12:02:38","date_gmt":"2020-02-11T12:02:38","guid":{"rendered":"https:\/\/prosupplements.nl\/senza-categoria\/biocidin-lsf-50-ml\/"},"modified":"2026-02-20T12:21:07","modified_gmt":"2026-02-20T12:21:07","slug":"biocidin-lsf-50-ml","status":"publish","type":"product","link":"https:\/\/prosupplements.nl\/it\/biocidin-it\/biocidin-lsf-50-ml\/","title":{"rendered":"Biocidin LSF 50 ml"},"content":{"rendered":"<h2>Formula liposomiale Biocidin<\/h2>\n<p>I fosfolipidi sono i principali mattoni della membrana cellulare. Quando posti in una soluzione acquosa in condizioni speciali, questi fosfolipidi formano, a causa della loro struttura molecolare, sfere microscopiche. Queste minuscole sfere sono chiamate liposomi.<\/p>\n<p>A causa della composizione in acidi grassi, i liposomi non sono solubili in acqua e quindi non sono suscettibili a degradazione da parte dell&#8217;apparato digerente.<\/p>\n<p>Grazie alla composizione dei liposomi, il corpo pu\u00f3 assorbire efficacemente gran parte degli ingredienti di Biocidin. Ci\u00f2 pu\u00f3 accadere anche prima che si verifichi una significativa rottura enzimatica dei lipidi nel tratto intestinale.<\/p>\n<h2>Benefici di Biocidin LSF<\/h2>\n<ul>\n<li><strong>Completamente vegetale<\/strong><\/li>\n<li>Da <strong>coltivazioni biologiche<\/strong><\/li>\n<li><strong>Nessuna<\/strong> sostanza aggiunta<\/li>\n<li>Buono da abbinare con <strong>Olivirex <\/strong>o<strong> Dentalcidin<\/strong><\/li>\n<\/ul>\n<h2>Ingredienti<\/h2>\n<p>Per la produzione dell&#8217;integratore alimentare Biocidin LSF, la Ricerca Bio-Botanica utilizza solo ingredienti vegetali. Biocidin \u00e8 quindi privo di additivi inutili, riempitivi sintetici, aromi, glutine e allergeni.<\/p>\n<p>Biocidin LSF \u00e8 costituito dai seguenti ingredienti:<\/p>\n<ul class=\"arrow\">\n<li>Fosfolipidi<\/li>\n<li>Miscela di spezie proprietaria<\/li>\n<li>Estratto di mirtillo<\/li>\n<li>Noni, frutto<\/li>\n<li>Cardo mariano<\/li>\n<li>Cerfoglio colomba<\/li>\n<li>Noce nera<\/li>\n<li>Echinacea (purpurea e angustifolia)<\/li>\n<li>Sigillo d&#8217;oro<\/li>\n<li>Shiitake<\/li>\n<li>Corteccia di salice bianco<\/li>\n<li>Aglio<\/li>\n<li>Estratto di semi d&#8217;uva<\/li>\n<li>Lamponi<\/li>\n<li>Genziana<\/li>\n<li>Olio dell&#8217;albero del t\u00e8<\/li>\n<li>Olio di galbano<\/li>\n<li>Olio di lavanda<\/li>\n<li>Olio di origano<\/li>\n<\/ul>\n<h2>Utilizzo e dosaggio di Biocidin LSF<\/h2>\n<ul class=\"arrow\">\n<li>Da utilizzare a stomaco vuoto, 10 minuti prima dei pasti.<\/li>\n<li>All&#8217;inizio, spruzzare 1 dose di Biocidin LSF in bocca una volta al giorno e aumentarla progressivamente fino a 3 dosi una volta al giorno.<\/li>\n<li>Attendere 30 secondi prima di deglutire l&#8217;integratore alimentare.<\/li>\n<li>Lo spray pu\u00f2 essere assunto contemporaneamente all&#8217;acqua.<\/li>\n<li>Utilizzabile fino a 60 giorni dopo l&#8217;apertura.<\/li>\n<li>Non superare la dose giornaliera.<\/li>\n<\/ul>\n<p><strong>Disclaimer<\/strong><br \/>\nPurtroppo, nell&#8217;ambito della legislazione europea, non siamo autorizzati a rivelare sul nostro sito web al consumatore le problematiche per il quale possono essere utilizzati i nostri prodotti.<\/p>\n","protected":false},"excerpt":{"rendered":"Biocidin LSF \u00e8 la forma liposomiale di Biocidin Liquido, il rinomato integratore alimentare da oltre 25 anni, che supporta efficacemente il sistema immunitario e la digestione. I liposomi che avvolgono gli ingredienti di Biocidin e formano minuscole sfere costituiscono la premessa per un pi\u00f9 efficace assorbimento.\r\n\r\nIn questo modo si migliora la consegna alle cellule del corpo e si perde il minor numero possibile di sostanze attive. Biocidin LSF \u00e8 costituito interamente da ingredienti vegetali. Questo prodotto si combina bene con <a href=\"\/it\/biocidin\/biocidin-olivirex-60-capsule\/\">Biocidin Olivirex<\/a> o <a href=\"\/it\/biocidin\/dentalcidin-ls-30-ml\/\">Dentalcidin<\/a>.","protected":false},"featured_media":6043,"template":"","meta":{"_acf_changed":false},"product_brand":[],"product_cat":[75],"product_tag":[80],"class_list":{"0":"post-3858","1":"product","2":"type-product","3":"status-publish","4":"has-post-thumbnail","6":"product_cat-biocidin-it","7":"product_tag-best-verkocht-it","8":"pa_allergenen-no","9":"pa_dieet-geen-it","10":"pa_doseervorm-liquido","11":"pa_geslacht-donna","12":"pa_geslacht-uomo","13":"pa_indicaties-cervello","14":"pa_indicaties-cuore-e-vasi","15":"pa_indicaties-disintossicazione","16":"pa_indicaties-flora-intestinale","17":"pa_indicaties-flusso-sanguigno","18":"pa_indicaties-parete-intestinale","19":"pa_indicaties-sana-resistenza","20":"pa_indicaties-sistema-immune","21":"pa_indicaties-stomaco-e-intestino","22":"pa_indicaties-vasi-sani","23":"pa_indicaties-vitalita-ed-energia","24":"pa_leeftijd-adulti","25":"pa_leeftijd-bambini-e","26":"pa_vitamines-altro","27":"pa_voedingssupplementen-spezie","29":"first","30":"instock","31":"taxable","32":"shipping-taxable","33":"purchasable","34":"product-type-simple"},"acf":[],"yoast_head":"<!-- This site is optimized with the Yoast SEO plugin v27.3 - https:\/\/yoast.com\/product\/yoast-seo-wordpress\/ -->\n<title>Biocidin LSF 50 ml kopen \u2013 Prosupplements<\/title>\n<meta name=\"description\" content=\"Biocidin LSF 50 ml supporta la digestione, il sistema immunitario e ti mantiene vitale. \u2713 Spedito entro 24 ore. \u2713 Nessun costo di spedizione.\" \/>\n<meta name=\"robots\" content=\"index, follow, max-snippet:-1, max-image-preview:large, max-video-preview:-1\" \/>\n<link rel=\"canonical\" href=\"https:\/\/prosupplements.nl\/it\/biocidin-it\/biocidin-lsf-50-ml\/\" \/>\n<meta property=\"og:locale\" content=\"it_IT\" \/>\n<meta property=\"og:type\" content=\"article\" \/>\n<meta property=\"og:title\" content=\"Biocidin LSF 50 ml kopen \u2013 Prosupplements\" \/>\n<meta property=\"og:description\" content=\"Biocidin LSF 50 ml supporta la digestione, il sistema immunitario e ti mantiene vitale. \u2713 Spedito entro 24 ore. \u2713 Nessun costo di spedizione.\" \/>\n<meta property=\"og:url\" content=\"https:\/\/prosupplements.nl\/it\/biocidin-it\/biocidin-lsf-50-ml\/\" \/>\n<meta property=\"og:site_name\" content=\"Prosupplements\" \/>\n<meta property=\"article:modified_time\" content=\"2026-02-20T12:21:07+00:00\" \/>\n<meta property=\"og:image\" content=\"https:\/\/prosupplements.nl\/wp-content\/uploads\/2020\/02\/biocidin-lsf-1.png\" \/>\n\t<meta property=\"og:image:width\" content=\"550\" \/>\n\t<meta property=\"og:image:height\" content=\"550\" \/>\n\t<meta property=\"og:image:type\" content=\"image\/png\" \/>\n<meta name=\"twitter:card\" content=\"summary_large_image\" \/>\n<meta name=\"twitter:label1\" content=\"Tempo di lettura stimato\" \/>\n\t<meta name=\"twitter:data1\" content=\"2 minuti\" \/>\n<script type=\"application\/ld+json\" class=\"yoast-schema-graph\">{\"@context\":\"https:\\\/\\\/schema.org\",\"@graph\":[{\"@type\":\"WebPage\",\"@id\":\"https:\\\/\\\/prosupplements.nl\\\/it\\\/biocidin-it\\\/biocidin-lsf-50-ml\\\/\",\"url\":\"https:\\\/\\\/prosupplements.nl\\\/it\\\/biocidin-it\\\/biocidin-lsf-50-ml\\\/\",\"name\":\"Biocidin LSF 50 ml kopen \u2013 Prosupplements\",\"isPartOf\":{\"@id\":\"https:\\\/\\\/prosupplements.nl\\\/it\\\/#website\"},\"primaryImageOfPage\":{\"@id\":\"https:\\\/\\\/prosupplements.nl\\\/it\\\/biocidin-it\\\/biocidin-lsf-50-ml\\\/#primaryimage\"},\"image\":{\"@id\":\"https:\\\/\\\/prosupplements.nl\\\/it\\\/biocidin-it\\\/biocidin-lsf-50-ml\\\/#primaryimage\"},\"thumbnailUrl\":\"https:\\\/\\\/prosupplements.nl\\\/wp-content\\\/uploads\\\/2020\\\/02\\\/biocidin-lsf-1.png\",\"datePublished\":\"2020-02-11T12:02:38+00:00\",\"dateModified\":\"2026-02-20T12:21:07+00:00\",\"description\":\"Biocidin LSF 50 ml supporta la digestione, il sistema immunitario e ti mantiene vitale. \u2713 Spedito entro 24 ore. \u2713 Nessun costo di spedizione.\",\"breadcrumb\":{\"@id\":\"https:\\\/\\\/prosupplements.nl\\\/it\\\/biocidin-it\\\/biocidin-lsf-50-ml\\\/#breadcrumb\"},\"inLanguage\":\"it-IT\",\"potentialAction\":[{\"@type\":\"ReadAction\",\"target\":[\"https:\\\/\\\/prosupplements.nl\\\/it\\\/biocidin-it\\\/biocidin-lsf-50-ml\\\/\"]}]},{\"@type\":\"ImageObject\",\"inLanguage\":\"it-IT\",\"@id\":\"https:\\\/\\\/prosupplements.nl\\\/it\\\/biocidin-it\\\/biocidin-lsf-50-ml\\\/#primaryimage\",\"url\":\"https:\\\/\\\/prosupplements.nl\\\/wp-content\\\/uploads\\\/2020\\\/02\\\/biocidin-lsf-1.png\",\"contentUrl\":\"https:\\\/\\\/prosupplements.nl\\\/wp-content\\\/uploads\\\/2020\\\/02\\\/biocidin-lsf-1.png\",\"width\":550,\"height\":550},{\"@type\":\"BreadcrumbList\",\"@id\":\"https:\\\/\\\/prosupplements.nl\\\/it\\\/biocidin-it\\\/biocidin-lsf-50-ml\\\/#breadcrumb\",\"itemListElement\":[{\"@type\":\"ListItem\",\"position\":1,\"name\":\"Home\",\"item\":\"https:\\\/\\\/prosupplements.nl\\\/it\\\/\"},{\"@type\":\"ListItem\",\"position\":2,\"name\":\"Biocidin\",\"item\":\"https:\\\/\\\/prosupplements.nl\\\/it\\\/biocidin-it\\\/\"},{\"@type\":\"ListItem\",\"position\":3,\"name\":\"Biocidin LSF 50 ml\"}]},{\"@type\":\"WebSite\",\"@id\":\"https:\\\/\\\/prosupplements.nl\\\/it\\\/#website\",\"url\":\"https:\\\/\\\/prosupplements.nl\\\/it\\\/\",\"name\":\"Prosupplements\",\"description\":\"\",\"potentialAction\":[{\"@type\":\"SearchAction\",\"target\":{\"@type\":\"EntryPoint\",\"urlTemplate\":\"https:\\\/\\\/prosupplements.nl\\\/it\\\/?s={search_term_string}\"},\"query-input\":{\"@type\":\"PropertyValueSpecification\",\"valueRequired\":true,\"valueName\":\"search_term_string\"}}],\"inLanguage\":\"it-IT\"}]}<\/script>\n<!-- \/ Yoast SEO plugin. -->","yoast_head_json":{"title":"Biocidin LSF 50 ml kopen \u2013 Prosupplements","description":"Biocidin LSF 50 ml supporta la digestione, il sistema immunitario e ti mantiene vitale. \u2713 Spedito entro 24 ore. \u2713 Nessun costo di spedizione.","robots":{"index":"index","follow":"follow","max-snippet":"max-snippet:-1","max-image-preview":"max-image-preview:large","max-video-preview":"max-video-preview:-1"},"canonical":"https:\/\/prosupplements.nl\/it\/biocidin-it\/biocidin-lsf-50-ml\/","og_locale":"it_IT","og_type":"article","og_title":"Biocidin LSF 50 ml kopen \u2013 Prosupplements","og_description":"Biocidin LSF 50 ml supporta la digestione, il sistema immunitario e ti mantiene vitale. \u2713 Spedito entro 24 ore. \u2713 Nessun costo di spedizione.","og_url":"https:\/\/prosupplements.nl\/it\/biocidin-it\/biocidin-lsf-50-ml\/","og_site_name":"Prosupplements","article_modified_time":"2026-02-20T12:21:07+00:00","og_image":[{"width":550,"height":550,"url":"https:\/\/prosupplements.nl\/wp-content\/uploads\/2020\/02\/biocidin-lsf-1.png","type":"image\/png"}],"twitter_card":"summary_large_image","twitter_misc":{"Tempo di lettura stimato":"2 minuti"},"schema":{"@context":"https:\/\/schema.org","@graph":[{"@type":"WebPage","@id":"https:\/\/prosupplements.nl\/it\/biocidin-it\/biocidin-lsf-50-ml\/","url":"https:\/\/prosupplements.nl\/it\/biocidin-it\/biocidin-lsf-50-ml\/","name":"Biocidin LSF 50 ml kopen \u2013 Prosupplements","isPartOf":{"@id":"https:\/\/prosupplements.nl\/it\/#website"},"primaryImageOfPage":{"@id":"https:\/\/prosupplements.nl\/it\/biocidin-it\/biocidin-lsf-50-ml\/#primaryimage"},"image":{"@id":"https:\/\/prosupplements.nl\/it\/biocidin-it\/biocidin-lsf-50-ml\/#primaryimage"},"thumbnailUrl":"https:\/\/prosupplements.nl\/wp-content\/uploads\/2020\/02\/biocidin-lsf-1.png","datePublished":"2020-02-11T12:02:38+00:00","dateModified":"2026-02-20T12:21:07+00:00","description":"Biocidin LSF 50 ml supporta la digestione, il sistema immunitario e ti mantiene vitale. \u2713 Spedito entro 24 ore. \u2713 Nessun costo di spedizione.","breadcrumb":{"@id":"https:\/\/prosupplements.nl\/it\/biocidin-it\/biocidin-lsf-50-ml\/#breadcrumb"},"inLanguage":"it-IT","potentialAction":[{"@type":"ReadAction","target":["https:\/\/prosupplements.nl\/it\/biocidin-it\/biocidin-lsf-50-ml\/"]}]},{"@type":"ImageObject","inLanguage":"it-IT","@id":"https:\/\/prosupplements.nl\/it\/biocidin-it\/biocidin-lsf-50-ml\/#primaryimage","url":"https:\/\/prosupplements.nl\/wp-content\/uploads\/2020\/02\/biocidin-lsf-1.png","contentUrl":"https:\/\/prosupplements.nl\/wp-content\/uploads\/2020\/02\/biocidin-lsf-1.png","width":550,"height":550},{"@type":"BreadcrumbList","@id":"https:\/\/prosupplements.nl\/it\/biocidin-it\/biocidin-lsf-50-ml\/#breadcrumb","itemListElement":[{"@type":"ListItem","position":1,"name":"Home","item":"https:\/\/prosupplements.nl\/it\/"},{"@type":"ListItem","position":2,"name":"Biocidin","item":"https:\/\/prosupplements.nl\/it\/biocidin-it\/"},{"@type":"ListItem","position":3,"name":"Biocidin LSF 50 ml"}]},{"@type":"WebSite","@id":"https:\/\/prosupplements.nl\/it\/#website","url":"https:\/\/prosupplements.nl\/it\/","name":"Prosupplements","description":"","potentialAction":[{"@type":"SearchAction","target":{"@type":"EntryPoint","urlTemplate":"https:\/\/prosupplements.nl\/it\/?s={search_term_string}"},"query-input":{"@type":"PropertyValueSpecification","valueRequired":true,"valueName":"search_term_string"}}],"inLanguage":"it-IT"}]}},"_links":{"self":[{"href":"https:\/\/prosupplements.nl\/it\/wp-json\/wp\/v2\/product\/3858","targetHints":{"allow":["GET"]}}],"collection":[{"href":"https:\/\/prosupplements.nl\/it\/wp-json\/wp\/v2\/product"}],"about":[{"href":"https:\/\/prosupplements.nl\/it\/wp-json\/wp\/v2\/types\/product"}],"wp:featuredmedia":[{"embeddable":true,"href":"https:\/\/prosupplements.nl\/it\/wp-json\/wp\/v2\/media\/6043"}],"wp:attachment":[{"href":"https:\/\/prosupplements.nl\/it\/wp-json\/wp\/v2\/media?parent=3858"}],"wp:term":[{"taxonomy":"product_brand","embeddable":true,"href":"https:\/\/prosupplements.nl\/it\/wp-json\/wp\/v2\/product_brand?post=3858"},{"taxonomy":"product_cat","embeddable":true,"href":"https:\/\/prosupplements.nl\/it\/wp-json\/wp\/v2\/product_cat?post=3858"},{"taxonomy":"product_tag","embeddable":true,"href":"https:\/\/prosupplements.nl\/it\/wp-json\/wp\/v2\/product_tag?post=3858"}],"curies":[{"name":"wp","href":"https:\/\/api.w.org\/{rel}","templated":true}]}}